{"id":998,"date":"2023-07-07T07:53:12","date_gmt":"2023-07-07T07:53:12","guid":{"rendered":"https:\/\/nirananda-media.de\/?page_id=998"},"modified":"2023-07-20T09:37:33","modified_gmt":"2023-07-20T09:37:33","slug":"bluetezeit-am-baum-des-lebens","status":"publish","type":"page","link":"https:\/\/nirananda-media.de\/?page_id=998","title":{"rendered":"Bl\u00fctezeit am Baum des Lebens"},"content":{"rendered":"\n<div class=\"wp-block-columns alignwide is-layout-flex wp-container-core-columns-is-layout-9d6595d7 wp-block-columns-is-layout-flex\">\n<div class=\"wp-block-column is-layout-flow wp-block-column-is-layout-flow\"><\/div>\n\n\n\n<div class=\"wp-block-column is-layout-flow wp-block-column-is-layout-flow\" style=\"flex-basis:1000px\">\n<hr class=\"wp-block-separator has-alpha-channel-opacity\"\/>\n\n\n\n<h2 class=\"wp-block-heading has-text-align-center\">Shri Mataji Nirmala Devi<\/h2>\n\n\n\n<h1 class=\"wp-block-heading has-text-align-center\">Bl\u00fctezeit am Baum des Lebens<\/h1>\n\n\n\n<p class=\"has-text-align-center\">Letzte Schritte auf dem Weg zur Bestimmung des Menschen<\/p>\n\n\n\n<hr class=\"wp-block-separator has-alpha-channel-opacity\"\/>\n\n\n\n<div class=\"wp-block-media-text alignwide is-stacked-on-mobile\"><figure class=\"wp-block-media-text__media\"><img loading=\"lazy\" decoding=\"async\" width=\"780\" height=\"1024\" src=\"https:\/\/nirananda-media.de\/wp-content\/uploads\/2023\/07\/bluetezeit_front-1-780x1024.jpg\" alt=\"\" class=\"wp-image-1000 size-full\" srcset=\"https:\/\/nirananda-media.de\/wp-content\/uploads\/2023\/07\/bluetezeit_front-1-780x1024.jpg 780w, https:\/\/nirananda-media.de\/wp-content\/uploads\/2023\/07\/bluetezeit_front-1-228x300.jpg 228w, https:\/\/nirananda-media.de\/wp-content\/uploads\/2023\/07\/bluetezeit_front-1-768x1009.jpg 768w, https:\/\/nirananda-media.de\/wp-content\/uploads\/2023\/07\/bluetezeit_front-1-1169x1536.jpg 1169w, https:\/\/nirananda-media.de\/wp-content\/uploads\/2023\/07\/bluetezeit_front-1-1559x2048.jpg 1559w, https:\/\/nirananda-media.de\/wp-content\/uploads\/2023\/07\/bluetezeit_front-1-100x131.jpg 100w, https:\/\/nirananda-media.de\/wp-content\/uploads\/2023\/07\/bluetezeit_front-1-150x197.jpg 150w, https:\/\/nirananda-media.de\/wp-content\/uploads\/2023\/07\/bluetezeit_front-1-200x263.jpg 200w, https:\/\/nirananda-media.de\/wp-content\/uploads\/2023\/07\/bluetezeit_front-1-300x394.jpg 300w, https:\/\/nirananda-media.de\/wp-content\/uploads\/2023\/07\/bluetezeit_front-1-450x591.jpg 450w, https:\/\/nirananda-media.de\/wp-content\/uploads\/2023\/07\/bluetezeit_front-1-600x788.jpg 600w, https:\/\/nirananda-media.de\/wp-content\/uploads\/2023\/07\/bluetezeit_front-1-900x1182.jpg 900w, https:\/\/nirananda-media.de\/wp-content\/uploads\/2023\/07\/bluetezeit_front-1-scaled.jpg 1949w\" sizes=\"auto, (max-width: 780px) 100vw, 780px\" \/><\/figure><div class=\"wp-block-media-text__content\">\n<p class=\"has-text-align-center\">Sowohl auf individueller als auch auf kollektiver Ebene schildert&nbsp;Bl\u00fctezeit am Baum des Lebens&nbsp;die Geschichte der Evolution unseres Bewusstseins von der Erschaffung des Universums hin bis zur Erleuchtung in spiritueller Selbst-Erkenntnis. Dabei legt es gleicherma\u00dfen Wert auf Anleitung wie auch auf Inspiration.<\/p>\n\n\n\n<p class=\"has-text-align-center\">Mit wohlwollenden und einf\u00fchlsamen Worten beschreibt Shri Mataji Nirmala Devi wie wir dort angekommen sind, wo wir heute stehen und wie unsere n\u00e4chsten essenziellen Schritte aussehen sollten.<\/p>\n\n\n\n<p class=\"has-text-align-center\">Mehr als 3.000 \u00f6ffentliche Reden hielt sie in St\u00e4dten und D\u00f6rfern \u00fcberall auf der Welt. Viele dieser Reden sind bereits \u00f6ffentlich verf\u00fcgbar.&nbsp;<\/p>\n\n\n\n<p class=\"has-text-align-center\">Doch ihre zentrale Aussagen waren \u00fcberall dieselben:&nbsp;<\/p>\n\n\n\n<p class=\"has-text-align-center\">Introspektion, Aufstieg, innerer Friede und &#8211; am wichtigsten von allem &#8211; die&nbsp;Verwirklichung des wahren Selbst.&nbsp;<\/p>\n<\/div><\/div>\n\n\n\n<hr class=\"wp-block-separator has-alpha-channel-opacity\"\/>\n\n\n\n<div class=\"wp-block-media-text alignwide has-media-on-the-right is-stacked-on-mobile\"><div class=\"wp-block-media-text__content\">\n<p><\/p>\n\n\n\n<p class=\"has-text-align-center\">Dieses Buch wurde&nbsp; in Gemeinschaftsarbeit&nbsp;aus mehr als 50 dieser Quellen zwischen 1975 und 2003 zu einer zusammenh\u00e4ngenden Erz\u00e4hlung \u00fcber den Sinn unseres Lebens und unserer Evolution sowie unserer n\u00e4chsten essentiellen Schritte zusammengeflochten.<\/p>\n\n\n\n<p class=\"has-text-align-center\">Shri Mataji erinnert uns damit an unsere Bestimmung, die wir als Kind einst kannten, aber wieder vergessen haben.&nbsp;Es ist die Geschichte einer kollektiven und individuellen Reise, einer Evolution auf beiden Ebenen.&nbsp;Es ist eine Reise nach innen und im Innern.<\/p>\n<\/div><figure class=\"wp-block-media-text__media\"><img loading=\"lazy\" decoding=\"async\" width=\"779\" height=\"1024\" src=\"https:\/\/nirananda-media.de\/wp-content\/uploads\/2023\/07\/bluetezeit_back-779x1024.jpg\" alt=\"\" class=\"wp-image-999 size-full\" srcset=\"https:\/\/nirananda-media.de\/wp-content\/uploads\/2023\/07\/bluetezeit_back-779x1024.jpg 779w, https:\/\/nirananda-media.de\/wp-content\/uploads\/2023\/07\/bluetezeit_back-228x300.jpg 228w, https:\/\/nirananda-media.de\/wp-content\/uploads\/2023\/07\/bluetezeit_back-768x1009.jpg 768w, https:\/\/nirananda-media.de\/wp-content\/uploads\/2023\/07\/bluetezeit_back-1169x1536.jpg 1169w, https:\/\/nirananda-media.de\/wp-content\/uploads\/2023\/07\/bluetezeit_back-1558x2048.jpg 1558w, https:\/\/nirananda-media.de\/wp-content\/uploads\/2023\/07\/bluetezeit_back-100x131.jpg 100w, https:\/\/nirananda-media.de\/wp-content\/uploads\/2023\/07\/bluetezeit_back-150x197.jpg 150w, https:\/\/nirananda-media.de\/wp-content\/uploads\/2023\/07\/bluetezeit_back-200x263.jpg 200w, https:\/\/nirananda-media.de\/wp-content\/uploads\/2023\/07\/bluetezeit_back-300x394.jpg 300w, https:\/\/nirananda-media.de\/wp-content\/uploads\/2023\/07\/bluetezeit_back-450x591.jpg 450w, https:\/\/nirananda-media.de\/wp-content\/uploads\/2023\/07\/bluetezeit_back-600x788.jpg 600w, https:\/\/nirananda-media.de\/wp-content\/uploads\/2023\/07\/bluetezeit_back-900x1183.jpg 900w, https:\/\/nirananda-media.de\/wp-content\/uploads\/2023\/07\/bluetezeit_back-scaled.jpg 1948w\" sizes=\"auto, (max-width: 779px) 100vw, 779px\" \/><\/figure><\/div>\n\n\n\n<hr class=\"wp-block-separator has-alpha-channel-opacity\"\/>\n\n\n\n<iframe frameborder=\"0\" scrolling=\"no\" style=\"border:0px\" src=\"https:\/\/books.google.de\/books?id=DsnlDAAAQBAJ&#038;newbks=1&#038;newbks_redir=0&#038;lpg=PT31&#038;dq=bl%C3%BCtezeit%20am%20baum%20des%20lebens&#038;hl=de&#038;pg=PT31&#038;output=embed\" width=700 height=900><\/iframe>\n\n\n\n<hr class=\"wp-block-separator has-alpha-channel-opacity\"\/>\n\n\n\n<h2 class=\"wp-block-heading has-text-align-center\">Buch bestellen<\/h2>\n\n\n\n<hr class=\"wp-block-separator has-alpha-channel-opacity\"\/>\n\n\n\n<figure class=\"wp-block-table aligncenter is-style-regular\"><table class=\"has-fixed-layout\"><tbody><tr><td class=\"has-text-align-right\" data-align=\"right\">ISBN-13 (Paperback)<\/td><td class=\"has-text-align-left\" data-align=\"left\"><strong><strong>978-3-7412-2244-3<\/strong><\/strong><\/td><\/tr><tr><td class=\"has-text-align-right\" data-align=\"right\">ISBN-13 (E-Book)<\/td><td class=\"has-text-align-left\" data-align=\"left\"><strong><strong>978-3-7412-8676-6<\/strong><\/strong><\/td><\/tr><\/tbody><\/table><\/figure>\n\n\n\n<p class=\"has-text-align-center\">Die Ausgaben ist mit den o. g. ISBN in <strong>allen lokalen und Online-Buchhandlungen\/Shops in Deutschland, \u00d6sterreich und der Schweiz sowie international bestellbar<\/strong>. Die internationale Ausgabe wird an landes\u00fcbliche Formate angepasst und enth\u00e4lt im Buchblock keine farbigen Abbildungen.<br><br><strong><strong>Bei Bestellungen \u00fcber\u00a0<a rel=\"noreferrer noopener\" href=\"https:\/\/www.bod.de\/\" target=\"_blank\">Books on Demand<\/a>\u00a0ist der Standardversand (3-7 Tage) in Deutschland, nach \u00d6sterreich und in die Schweiz kostenfrei.<\/strong><\/strong><\/p>\n\n\n\n<div class=\"wp-block-buttons is-content-justification-center is-layout-flex wp-container-core-buttons-is-layout-16018d1d wp-block-buttons-is-layout-flex\">\n<div class=\"wp-block-button\"><a class=\"wp-block-button__link wp-element-button\" href=\"https:\/\/www.bod.de\/buchshop\/bluetezeit-am-baum-des-lebens-shri-mataji-nirmala-devi-9783741222443\" style=\"border-radius:100px\" target=\"_blank\" rel=\"noreferrer noopener\">zum BoD-Shop<\/a><\/div>\n<\/div>\n\n\n\n<hr class=\"wp-block-separator has-alpha-channel-opacity\"\/>\n\n\n\n<p class=\"has-text-align-center\"><strong>Journalisten<\/strong> k\u00f6nnen \u00fcber <a rel=\"noreferrer noopener\" href=\"mailto:presse@bod.de\" target=\"_blank\">presse@bod.de<\/a> und bei Vorlage eines Presseausweises <strong>kostenlose Rezensionsexemplare<\/strong> bestellen.<\/p>\n\n\n\n<hr class=\"wp-block-separator has-alpha-channel-opacity\"\/>\n\n\n\n<div class=\"wp-block-buttons is-content-justification-center is-layout-flex wp-container-core-buttons-is-layout-16018d1d wp-block-buttons-is-layout-flex\">\n<div class=\"wp-block-button\"><a class=\"wp-block-button__link wp-element-button\" href=\"https:\/\/www.divinecoolbreeze.com\/collection\/JOURNEY-WITHIN\" style=\"border-radius:100px\" target=\"_blank\" rel=\"noreferrer noopener\">weitere Ausgaben<\/a><\/div>\n<\/div>\n\n\n\n<hr class=\"wp-block-separator has-alpha-channel-opacity\"\/>\n<\/div>\n\n\n\n<div class=\"wp-block-column is-layout-flow wp-block-column-is-layout-flow\"><\/div>\n<\/div>\n","protected":false},"excerpt":{"rendered":"<p>Shri Mataji Nirmala Devi Bl\u00fctezeit am Baum des Lebens Letzte Schritte auf dem Weg zur Bestimmung des Menschen Sowohl auf individueller als auch auf kollektiver Ebene schildert&nbsp;Bl\u00fctezeit am Baum des Lebens&nbsp;die Geschichte der Evolution unseres Bewusstseins von der Erschaffung des &hellip;<\/p>\n<p class=\"read-more\"> <a class=\"more-link\" href=\"https:\/\/nirananda-media.de\/?page_id=998\"> <span class=\"screen-reader-text\">Bl\u00fctezeit am Baum des Lebens<\/span> Weiterlesen &raquo;<\/a><\/p>\n","protected":false},"author":1,"featured_media":0,"parent":0,"menu_order":0,"comment_status":"closed","ping_status":"closed","template":"","meta":{"footnotes":""},"class_list":["post-998","page","type-page","status-publish","hentry"],"_links":{"self":[{"href":"https:\/\/nirananda-media.de\/index.php?rest_route=\/wp\/v2\/pages\/998","targetHints":{"allow":["GET"]}}],"collection":[{"href":"https:\/\/nirananda-media.de\/index.php?rest_route=\/wp\/v2\/pages"}],"about":[{"href":"https:\/\/nirananda-media.de\/index.php?rest_route=\/wp\/v2\/types\/page"}],"author":[{"embeddable":true,"href":"https:\/\/nirananda-media.de\/index.php?rest_route=\/wp\/v2\/users\/1"}],"replies":[{"embeddable":true,"href":"https:\/\/nirananda-media.de\/index.php?rest_route=%2Fwp%2Fv2%2Fcomments&post=998"}],"version-history":[{"count":3,"href":"https:\/\/nirananda-media.de\/index.php?rest_route=\/wp\/v2\/pages\/998\/revisions"}],"predecessor-version":[{"id":2026,"href":"https:\/\/nirananda-media.de\/index.php?rest_route=\/wp\/v2\/pages\/998\/revisions\/2026"}],"wp:attachment":[{"href":"https:\/\/nirananda-media.de\/index.php?rest_route=%2Fwp%2Fv2%2Fmedia&parent=998"}],"curies":[{"name":"wp","href":"https:\/\/api.w.org\/{rel}","templated":true}]}}