{"id":41,"date":"2023-07-02T05:47:47","date_gmt":"2023-07-02T05:47:47","guid":{"rendered":"https:\/\/nirananda-media.de\/?page_id=41"},"modified":"2024-06-02T09:16:58","modified_gmt":"2024-06-02T09:16:58","slug":"ueber-uns","status":"publish","type":"page","link":"https:\/\/nirananda-media.de\/?page_id=41","title":{"rendered":"\u00dcber uns"},"content":{"rendered":"\n<hr class=\"wp-block-separator has-alpha-channel-opacity\"\/>\n\n\n\n<div class=\"wp-block-columns is-layout-flex wp-container-core-columns-is-layout-9d6595d7 wp-block-columns-is-layout-flex\">\n<div class=\"wp-block-column is-layout-flow wp-block-column-is-layout-flow\"><\/div>\n\n\n\n<div class=\"wp-block-column is-layout-flow wp-block-column-is-layout-flow\">\n<h2 class=\"wp-block-heading has-text-align-left\">\u00dcber uns<\/h2>\n<\/div>\n\n\n\n<div class=\"wp-block-column is-layout-flow wp-block-column-is-layout-flow\"><\/div>\n<\/div>\n\n\n\n<hr class=\"wp-block-separator has-alpha-channel-opacity\"\/>\n\n\n\n<div class=\"wp-block-columns is-layout-flex wp-container-core-columns-is-layout-9d6595d7 wp-block-columns-is-layout-flex\">\n<div class=\"wp-block-column is-layout-flow wp-block-column-is-layout-flow\"><\/div>\n\n\n\n<div class=\"wp-block-column is-vertically-aligned-center is-layout-flow wp-block-column-is-layout-flow\">\n<p class=\"has-text-align-left\">Die Betreiber dieser Webseite sind Menschen aus allen gesellschaftlichen Bereichen. Sie praktizieren seit vielen Jahren regelm\u00e4\u00dfige Meditation, wie sie&nbsp;<a href=\"https:\/\/nirananda-media.de\/?page_id=67\" target=\"_blank\" rel=\"noreferrer noopener\">hier&nbsp;<\/a>beschrieben wird.&nbsp;Gerne m\u00f6chten wir anderen diese Erfahrung erm\u00f6glichen, die das Leben von Millionen ver\u00e4ndert hat.<\/p>\n\n\n\n<p class=\"has-text-align-left\">Es gibt weltweit viele Ver\u00f6ffentlichungen die sich mit spirituellen und religi\u00f6sen Themen besch\u00e4ftigen.<\/p>\n\n\n\n<p class=\"has-text-align-left\">Die auf dieser Seite vorgestellten basieren auf den Werken von <a href=\"http:\/\/shrimataji.org\">Shri Mataji Nirmala Devi <\/a>selbst oder die von <a href=\"https:\/\/nirananda-media.de\/?page_id=857\">Praktizierenden <\/a>des <a href=\"http:\/\/sahajayoga.de\" target=\"_blank\" rel=\"noreferrer noopener\"><em>Sahaja Yoga<\/em><\/a> kreiert wurden. Es werden auch Werke anderer Autoren ber\u00fccksichtigt, die ewige Werte diskutieren \u2013 wie etwa <a href=\"https:\/\/nirananda-media.de\/?page_id=1330\">Rabindranath Tagores<\/a> <a href=\"https:\/\/nirananda-media.de\/?page_id=1109\"><em>Sadhana<\/em> <\/a>\u2013, die sich damit in Einklang bringen lassen (John Ruskin \u2013 Diesem Letzten) oder von Shri Mataji pers\u00f6nlich empfohlen wurden (<em><a href=\"https:\/\/nirananda-media.de\/?page_id=1113\">Freuds Betrug<\/a><\/em> \u2013 <a href=\"https:\/\/nirananda-media.de\/?page_id=1334\">E. Fuller Torrey<\/a>).<\/p>\n\n\n\n<p class=\"has-text-align-left\">Die B\u00fccher und Brosch\u00fcren beschr\u00e4nken sich weitgehend auf die deutsche Sprache und viele Titel wurden daf\u00fcr eigens auf der Basis freiwilliger Arbeit \u00fcbersetzt.<\/p>\n\n\n\n<p class=\"has-text-align-left\">Die Inhalte dieser Seiten geben Anregungen in verschiedensten spirituellen Bereichen. Am Anfang ist jedoch das Wichtigste die&nbsp;<a href=\"https:\/\/nirananda-media.de\/?page_id=119\" target=\"_blank\" rel=\"noreferrer noopener\">Erfahrung <\/a><a href=\"https:\/\/nirananda-media.de\/?page_id=67\" target=\"_blank\" rel=\"noreferrer noopener\">der Selbst-Verwirklichung<\/a>, ohne die die Lekt\u00fcre der meisten Werke weitgehend oberfl\u00e4chlich bleibt.<\/p>\n\n\n\n<hr class=\"wp-block-separator has-alpha-channel-opacity\"\/>\n\n\n\n<p class=\"has-text-align-left\">Im Titel der Seite wird der Sankskritbegriff&nbsp;<em>Nirananda<\/em>&nbsp;verwendet.&nbsp;<em>Nirananda<\/em>&nbsp;ist eigentlich eine Abk\u00fcrzung f\u00fcr den Ausdruck <em>Nirmalananda<\/em>. Dabei bedeutet&nbsp;<em>nir&nbsp;<\/em>soviel wie &#8222;ohne&#8220;,&nbsp;<em>mala<\/em>&nbsp;bedeutet &#8222;Schmutz&#8220; und&nbsp;<em>ananda<\/em>&nbsp;bedeutet &#8222;Freude&#8220;. Frei \u00fcbersetzt steht&nbsp;<em>Nirananda<\/em>&nbsp;also f\u00fcr die reine, absolute Freude des Geistes jenseits der Dualit\u00e4t von Gl\u00fcck oder Ungl\u00fcck. Es ist die Freude des erleuchteten&nbsp;<em><a href=\"https:\/\/www.nirananda-media.de\/selbst-verwirklichung\/das-subtile-system\/\" target=\"_blank\" rel=\"noreferrer noopener\">Sahasrara&nbsp; <\/a><a href=\"https:\/\/nirananda-media.de\/?page_id=120\" target=\"_blank\" rel=\"noreferrer noopener\">Chakras<\/a><\/em>:<\/p>\n\n\n\n<p class=\"has-text-align-right\"><em>Die Freude des<\/em>&nbsp;Sahasraras&nbsp;<em>wird schon seit sehr langer Zeit<\/em> Nirananda&nbsp;<em>oder<\/em>&nbsp;Nirmalananda genannt<em>.<\/em> <em>Diese Freude empfindet man sogar,<\/em> <em>wenn man gekreuzigt oder vergiftet wird oder auf dem Sterbebett liegt<\/em><br>(Shri Mataji Nirmala Devi).<\/p>\n\n\n\n<hr class=\"wp-block-separator has-alpha-channel-opacity\"\/>\n\n\n\n<p class=\"has-text-align-left\">Angesichts all der Schwierigkeiten, mit denen wir als Menschen konfrontiert werden, m\u00f6chten die Inhalte dieser Seite auf eine andere und h\u00f6here Wirklichkeit zeigen \u2013ohne dabei das Weltliche zu verleugnen. Dazu geh\u00f6rt auch, auf diese absolute Freude hinzuweisen, die jeder erfahren kann, der es m\u00f6chte.<\/p>\n\n\n\n<hr class=\"wp-block-separator has-alpha-channel-opacity\"\/>\n\n\n\n<p class=\"has-text-align-left\">Die Webseite verwendet einen Schwan als Logo.<\/p>\n<\/div>\n\n\n\n<div class=\"wp-block-column is-layout-flow wp-block-column-is-layout-flow\"><\/div>\n<\/div>\n\n\n\n<hr class=\"wp-block-separator has-alpha-channel-opacity\"\/>\n\n\n\n<div class=\"wp-block-columns is-layout-flex wp-container-core-columns-is-layout-9d6595d7 wp-block-columns-is-layout-flex\">\n<div class=\"wp-block-column is-layout-flow wp-block-column-is-layout-flow\"><\/div>\n\n\n\n<div class=\"wp-block-column is-layout-flow wp-block-column-is-layout-flow\"><div class=\"wp-block-image\">\n<figure class=\"aligncenter size-full\"><img loading=\"lazy\" decoding=\"async\" width=\"500\" height=\"213\" src=\"https:\/\/nirananda-media.de\/wp-content\/uploads\/2023\/07\/cropped-nirananda-media-schwan-nach-rechts-e1689593330784.png\" alt=\"\" class=\"wp-image-1907\" srcset=\"https:\/\/nirananda-media.de\/wp-content\/uploads\/2023\/07\/cropped-nirananda-media-schwan-nach-rechts-e1689593330784.png 500w, https:\/\/nirananda-media.de\/wp-content\/uploads\/2023\/07\/cropped-nirananda-media-schwan-nach-rechts-e1689593330784-300x128.png 300w, https:\/\/nirananda-media.de\/wp-content\/uploads\/2023\/07\/cropped-nirananda-media-schwan-nach-rechts-e1689593330784-100x43.png 100w, https:\/\/nirananda-media.de\/wp-content\/uploads\/2023\/07\/cropped-nirananda-media-schwan-nach-rechts-e1689593330784-150x64.png 150w, https:\/\/nirananda-media.de\/wp-content\/uploads\/2023\/07\/cropped-nirananda-media-schwan-nach-rechts-e1689593330784-200x85.png 200w, https:\/\/nirananda-media.de\/wp-content\/uploads\/2023\/07\/cropped-nirananda-media-schwan-nach-rechts-e1689593330784-450x192.png 450w\" sizes=\"auto, (max-width: 500px) 100vw, 500px\" \/><\/figure>\n<\/div><\/div>\n\n\n\n<div class=\"wp-block-column is-layout-flow wp-block-column-is-layout-flow\"><\/div>\n<\/div>\n\n\n\n<hr class=\"wp-block-separator has-alpha-channel-opacity\"\/>\n\n\n\n<div class=\"wp-block-columns is-layout-flex wp-container-core-columns-is-layout-9d6595d7 wp-block-columns-is-layout-flex\">\n<div class=\"wp-block-column is-layout-flow wp-block-column-is-layout-flow\"><\/div>\n\n\n\n<div class=\"wp-block-column is-vertically-aligned-center is-layout-flow wp-block-column-is-layout-flow\">\n<p class=\"has-text-align-left\">Der Schwan ist das Reittier von Shri Brahma Deva \u2013 der Gottheit, die dieses materielle Universum erschaffen hat. Die Qualit\u00e4t der Kreativit\u00e4t, die auch in uns Menschen gespiegelt ist, hat ihren Platz im&nbsp;<em>Swadisthana Chakra<\/em>.<\/p>\n\n\n\n<p class=\"has-text-align-left\">Der Schwan steht auch f\u00fcr Unterscheidungsverm\u00f6gen, denn er soll die F\u00e4higkeit haben, aus einem Gemisch aus Milch und Wasser nur die Milch herauszufiltern.<\/p>\n\n\n\n<p class=\"has-text-align-left\">Nicht zuletzt&nbsp;wird die Geschichte erz\u00e4hlt, dass Prinz Siddhartha Gautama \u2013 als er die Gnade seiner&nbsp;Erleuchtung erfuhr \u2013 etwa so viel Wissen erlangte, die der Wassermenge entspricht, die ein Schwan beim Landen auf einem See mit den Fl\u00fcgeln streift.&nbsp;<\/p>\n\n\n\n<p class=\"has-text-align-left\">Wenn also eine so gro\u00dfe Pers\u00f6nlichkeit wie Buddha nur eine solche Menge an Wissen erlangte, scheint dies f\u00fcr uns ein Aufforderung zur Bescheidenheit.<\/p>\n\n\n\n<hr class=\"wp-block-separator has-alpha-channel-opacity\"\/>\n\n\n\n<p class=\"has-text-align-left\">Alle \u00fcber den Vertrieb der B\u00fccher oder sonstiger Medien erzielten Einnahmen sind nicht gewinnorientiert, sondern werden im gemeinn\u00fctzigen Sinne wieder in die Entwicklung neuer Produkte investiert.<\/p>\n\n\n\n<p class=\"has-text-align-left\">Alle von Beteiligten geleistete Arbeit wie \u00dcbersetzen, Covergestaltung oder Korrekturlesen usw. erfolgt auf freiwilliger Basis, ehrenamtlich und ohne Bezahlung.<\/p>\n\n\n\n<hr class=\"wp-block-separator has-alpha-channel-opacity\"\/>\n<\/div>\n\n\n\n<div class=\"wp-block-column is-layout-flow wp-block-column-is-layout-flow\"><\/div>\n<\/div>\n","protected":false},"excerpt":{"rendered":"<p>\u00dcber uns Die Betreiber dieser Webseite sind Menschen aus allen gesellschaftlichen Bereichen. Sie praktizieren seit vielen Jahren regelm\u00e4\u00dfige Meditation, wie sie&nbsp;hier&nbsp;beschrieben wird.&nbsp;Gerne m\u00f6chten wir anderen diese Erfahrung erm\u00f6glichen, die das Leben von Millionen ver\u00e4ndert hat. Es gibt weltweit viele Ver\u00f6ffentlichungen &hellip;<\/p>\n<p class=\"read-more\"> <a class=\"more-link\" href=\"https:\/\/nirananda-media.de\/?page_id=41\"> <span class=\"screen-reader-text\">\u00dcber uns<\/span> Weiterlesen &raquo;<\/a><\/p>\n","protected":false},"author":1,"featured_media":0,"parent":0,"menu_order":0,"comment_status":"closed","ping_status":"closed","template":"","meta":{"footnotes":""},"class_list":["post-41","page","type-page","status-publish","hentry"],"_links":{"self":[{"href":"https:\/\/nirananda-media.de\/index.php?rest_route=\/wp\/v2\/pages\/41","targetHints":{"allow":["GET"]}}],"collection":[{"href":"https:\/\/nirananda-media.de\/index.php?rest_route=\/wp\/v2\/pages"}],"about":[{"href":"https:\/\/nirananda-media.de\/index.php?rest_route=\/wp\/v2\/types\/page"}],"author":[{"embeddable":true,"href":"https:\/\/nirananda-media.de\/index.php?rest_route=\/wp\/v2\/users\/1"}],"replies":[{"embeddable":true,"href":"https:\/\/nirananda-media.de\/index.php?rest_route=%2Fwp%2Fv2%2Fcomments&post=41"}],"version-history":[{"count":24,"href":"https:\/\/nirananda-media.de\/index.php?rest_route=\/wp\/v2\/pages\/41\/revisions"}],"predecessor-version":[{"id":2285,"href":"https:\/\/nirananda-media.de\/index.php?rest_route=\/wp\/v2\/pages\/41\/revisions\/2285"}],"wp:attachment":[{"href":"https:\/\/nirananda-media.de\/index.php?rest_route=%2Fwp%2Fv2%2Fmedia&parent=41"}],"curies":[{"name":"wp","href":"https:\/\/api.w.org\/{rel}","templated":true}]}}