{"id":36,"date":"2023-07-02T05:47:47","date_gmt":"2023-07-02T05:47:47","guid":{"rendered":"https:\/\/nirananda-media.de\/?page_id=36"},"modified":"2025-06-05T05:06:26","modified_gmt":"2025-06-05T05:06:26","slug":"broschueren-und-downloads","status":"publish","type":"page","link":"https:\/\/nirananda-media.de\/?page_id=36","title":{"rendered":"B\u00fccher und E-Books"},"content":{"rendered":"\n<h2 class=\"wp-block-heading alignwide has-text-align-center\">Kategorien<\/h2>\n\n\n\n<div class=\"wp-block-columns is-layout-flex wp-container-core-columns-is-layout-9d6595d7 wp-block-columns-is-layout-flex\">\n<div class=\"wp-block-column is-layout-flow wp-block-column-is-layout-flow\"><\/div>\n\n\n\n<div class=\"wp-block-column is-layout-flow wp-block-column-is-layout-flow\">\n<h2 class=\"wp-block-heading\">Shri Mataji Nirmala Devi<\/h2>\n\n\n\n<figure class=\"wp-block-image size-full is-resized\"><a href=\"https:\/\/nirananda-media.de\/?page_id=878\"><img loading=\"lazy\" decoding=\"async\" width=\"1024\" height=\"674\" src=\"https:\/\/nirananda-media.de\/wp-content\/uploads\/2023\/07\/fc14dcba-1f5b-439b-a554-39422b0517bd.jpg\" alt=\"\" class=\"wp-image-457\" style=\"width:512px;height:337px\" srcset=\"https:\/\/nirananda-media.de\/wp-content\/uploads\/2023\/07\/fc14dcba-1f5b-439b-a554-39422b0517bd.jpg 1024w, https:\/\/nirananda-media.de\/wp-content\/uploads\/2023\/07\/fc14dcba-1f5b-439b-a554-39422b0517bd-300x197.jpg 300w, https:\/\/nirananda-media.de\/wp-content\/uploads\/2023\/07\/fc14dcba-1f5b-439b-a554-39422b0517bd-768x506.jpg 768w, https:\/\/nirananda-media.de\/wp-content\/uploads\/2023\/07\/fc14dcba-1f5b-439b-a554-39422b0517bd-100x66.jpg 100w, https:\/\/nirananda-media.de\/wp-content\/uploads\/2023\/07\/fc14dcba-1f5b-439b-a554-39422b0517bd-150x99.jpg 150w, https:\/\/nirananda-media.de\/wp-content\/uploads\/2023\/07\/fc14dcba-1f5b-439b-a554-39422b0517bd-200x132.jpg 200w, https:\/\/nirananda-media.de\/wp-content\/uploads\/2023\/07\/fc14dcba-1f5b-439b-a554-39422b0517bd-450x296.jpg 450w, https:\/\/nirananda-media.de\/wp-content\/uploads\/2023\/07\/fc14dcba-1f5b-439b-a554-39422b0517bd-600x395.jpg 600w, https:\/\/nirananda-media.de\/wp-content\/uploads\/2023\/07\/fc14dcba-1f5b-439b-a554-39422b0517bd-900x592.jpg 900w\" sizes=\"auto, (max-width: 1024px) 100vw, 1024px\" \/><\/a><\/figure>\n\n\n\n<p class=\"has-text-align-center\">Deutsche \u00dcbersetzungen von <br>Werken und Worten<br>Shri Mataji Nirmala Devis<\/p>\n<\/div>\n\n\n\n<div class=\"wp-block-column is-layout-flow wp-block-column-is-layout-flow\">\n<h2 class=\"wp-block-heading\">Sahaja Yoginis und Yogis<\/h2>\n\n\n\n<figure class=\"wp-block-image size-full is-resized\"><a href=\"https:\/\/nirananda-media.de\/?page_id=857\"><img loading=\"lazy\" decoding=\"async\" width=\"1810\" height=\"2560\" src=\"https:\/\/nirananda-media.de\/wp-content\/uploads\/2023\/07\/CHAKRA-Charlie-A4-TOP-Qualitaet--scaled.jpg\" alt=\"\" class=\"wp-image-592\" style=\"width:275px;height:389px\" srcset=\"https:\/\/nirananda-media.de\/wp-content\/uploads\/2023\/07\/CHAKRA-Charlie-A4-TOP-Qualitaet--scaled.jpg 1810w, https:\/\/nirananda-media.de\/wp-content\/uploads\/2023\/07\/CHAKRA-Charlie-A4-TOP-Qualitaet--212x300.jpg 212w, https:\/\/nirananda-media.de\/wp-content\/uploads\/2023\/07\/CHAKRA-Charlie-A4-TOP-Qualitaet--724x1024.jpg 724w, https:\/\/nirananda-media.de\/wp-content\/uploads\/2023\/07\/CHAKRA-Charlie-A4-TOP-Qualitaet--768x1086.jpg 768w, https:\/\/nirananda-media.de\/wp-content\/uploads\/2023\/07\/CHAKRA-Charlie-A4-TOP-Qualitaet--1086x1536.jpg 1086w, https:\/\/nirananda-media.de\/wp-content\/uploads\/2023\/07\/CHAKRA-Charlie-A4-TOP-Qualitaet--1448x2048.jpg 1448w, https:\/\/nirananda-media.de\/wp-content\/uploads\/2023\/07\/CHAKRA-Charlie-A4-TOP-Qualitaet--100x141.jpg 100w, https:\/\/nirananda-media.de\/wp-content\/uploads\/2023\/07\/CHAKRA-Charlie-A4-TOP-Qualitaet--150x212.jpg 150w, https:\/\/nirananda-media.de\/wp-content\/uploads\/2023\/07\/CHAKRA-Charlie-A4-TOP-Qualitaet--200x283.jpg 200w, https:\/\/nirananda-media.de\/wp-content\/uploads\/2023\/07\/CHAKRA-Charlie-A4-TOP-Qualitaet--300x424.jpg 300w, https:\/\/nirananda-media.de\/wp-content\/uploads\/2023\/07\/CHAKRA-Charlie-A4-TOP-Qualitaet--450x637.jpg 450w, https:\/\/nirananda-media.de\/wp-content\/uploads\/2023\/07\/CHAKRA-Charlie-A4-TOP-Qualitaet--600x849.jpg 600w, https:\/\/nirananda-media.de\/wp-content\/uploads\/2023\/07\/CHAKRA-Charlie-A4-TOP-Qualitaet--900x1273.jpg 900w\" sizes=\"auto, (max-width: 1810px) 100vw, 1810px\" \/><\/a><\/figure>\n\n\n\n<p>Deutsche \u00dcberesetzungen von Werken von Sahaja Yogis und Yoginis<\/p>\n<\/div>\n\n\n\n<div class=\"wp-block-column is-layout-flow wp-block-column-is-layout-flow\">\n<h2 class=\"wp-block-heading\">Weitere Autoren<\/h2>\n\n\n\n<div class=\"alignnormal\"><div id=\"metaslider-id-276\" style=\"max-width: 800px;\" class=\"ml-slider-3-108-0 metaslider metaslider-flex metaslider-276 ml-slider has-dots-nav ms-theme-default\" role=\"region\" aria-label=\"New Slideshow\" data-height=\"500\" data-width=\"800\">\n    <div id=\"metaslider_container_276\">\n        <div id=\"metaslider_276\">\n            <ul class='slides'>\n                <li style=\"display: block; width: 100%;\" class=\"slide-279 ms-image \" aria-roledescription=\"slide\" data-date=\"2023-07-04 12:14:04\" data-filename=\"selbstverwirklichung-800x500.png\" data-slide-type=\"image\"><img loading=\"lazy\" decoding=\"async\" src=\"https:\/\/nirananda-media.de\/wp-content\/uploads\/2023\/07\/selbstverwirklichung-800x500.png\" height=\"500\" width=\"800\" alt=\"\" class=\"slider-276 slide-279 msDefaultImage\" title=\"selbstverwirklichung\" \/><\/li>\n                <li style=\"display: none; width: 100%;\" class=\"slide-280 ms-image \" aria-roledescription=\"slide\" data-date=\"2023-07-04 12:14:13\" data-filename=\"paradox-800x500.png\" data-slide-type=\"image\"><img loading=\"lazy\" decoding=\"async\" src=\"https:\/\/nirananda-media.de\/wp-content\/uploads\/2023\/07\/paradox-800x500.png\" height=\"500\" width=\"800\" alt=\"\" class=\"slider-276 slide-280 msDefaultImage\" title=\"paradox\" \/><\/li>\n            <\/ul>\n        <\/div>\n        \n    <\/div>\n<\/div><\/div>\n\n\n\n<p class=\"has-text-align-center\">Deutsche \u00dcbersetzungen von<br>Werken<br>klassischer und zeitgen\u00f6ssischer<br>Autoren<\/p>\n\n\n\n<div class=\"wp-block-buttons is-content-justification-center is-layout-flex wp-container-core-buttons-is-layout-16018d1d wp-block-buttons-is-layout-flex\">\n<div class=\"wp-block-button\"><a class=\"wp-block-button__link wp-element-button\" href=\"https:\/\/nirananda-media.de\/?page_id=860\" style=\"border-radius:100px\" target=\"_blank\" rel=\"noreferrer noopener\">zu den B\u00fcchern &#8230;<\/a><\/div>\n<\/div>\n<\/div>\n\n\n\n<div class=\"wp-block-column is-layout-flow wp-block-column-is-layout-flow\"><\/div>\n<\/div>\n","protected":false},"excerpt":{"rendered":"<p>Kategorien Shri Mataji Nirmala Devi Deutsche \u00dcbersetzungen von Werken und WortenShri Mataji Nirmala Devis Sahaja Yoginis und Yogis Deutsche \u00dcberesetzungen von Werken von Sahaja Yogis und Yoginis Weitere Autoren Deutsche \u00dcbersetzungen vonWerkenklassischer und zeitgen\u00f6ssischerAutoren<\/p>\n","protected":false},"author":1,"featured_media":0,"parent":0,"menu_order":0,"comment_status":"closed","ping_status":"closed","template":"","meta":{"footnotes":""},"class_list":["post-36","page","type-page","status-publish","hentry"],"_links":{"self":[{"href":"https:\/\/nirananda-media.de\/index.php?rest_route=\/wp\/v2\/pages\/36","targetHints":{"allow":["GET"]}}],"collection":[{"href":"https:\/\/nirananda-media.de\/index.php?rest_route=\/wp\/v2\/pages"}],"about":[{"href":"https:\/\/nirananda-media.de\/index.php?rest_route=\/wp\/v2\/types\/page"}],"author":[{"embeddable":true,"href":"https:\/\/nirananda-media.de\/index.php?rest_route=\/wp\/v2\/users\/1"}],"replies":[{"embeddable":true,"href":"https:\/\/nirananda-media.de\/index.php?rest_route=%2Fwp%2Fv2%2Fcomments&post=36"}],"version-history":[{"count":90,"href":"https:\/\/nirananda-media.de\/index.php?rest_route=\/wp\/v2\/pages\/36\/revisions"}],"predecessor-version":[{"id":2347,"href":"https:\/\/nirananda-media.de\/index.php?rest_route=\/wp\/v2\/pages\/36\/revisions\/2347"}],"wp:attachment":[{"href":"https:\/\/nirananda-media.de\/index.php?rest_route=%2Fwp%2Fv2%2Fmedia&parent=36"}],"curies":[{"name":"wp","href":"https:\/\/api.w.org\/{rel}","templated":true}]}}