{"id":1731,"date":"2023-07-16T07:09:23","date_gmt":"2023-07-16T07:09:23","guid":{"rendered":"https:\/\/nirananda-media.de\/?page_id=1731"},"modified":"2023-07-20T10:04:49","modified_gmt":"2023-07-20T10:04:49","slug":"theater-links","status":"publish","type":"page","link":"https:\/\/nirananda-media.de\/?page_id=1731","title":{"rendered":"Theater"},"content":{"rendered":"\n<hr class=\"wp-block-separator has-alpha-channel-opacity\"\/>\n\n\n\n<div class=\"wp-block-columns is-layout-flex wp-container-core-columns-is-layout-9d6595d7 wp-block-columns-is-layout-flex\">\n<div class=\"wp-block-column is-layout-flow wp-block-column-is-layout-flow\"><\/div>\n\n\n\n<div class=\"wp-block-column is-layout-flow wp-block-column-is-layout-flow\">\n<h2 class=\"wp-block-heading\">Theater (Links)<\/h2>\n<\/div>\n\n\n\n<div class=\"wp-block-column is-layout-flow wp-block-column-is-layout-flow\"><\/div>\n\n\n\n<div class=\"wp-block-column is-layout-flow wp-block-column-is-layout-flow\"><\/div>\n<\/div>\n\n\n\n<hr class=\"wp-block-separator has-alpha-channel-opacity\"\/>\n\n\n\n<div class=\"wp-block-columns is-layout-flex wp-container-core-columns-is-layout-9d6595d7 wp-block-columns-is-layout-flex\">\n<div class=\"wp-block-column is-layout-flow wp-block-column-is-layout-flow\"><\/div>\n\n\n\n<div class=\"wp-block-column is-layout-flow wp-block-column-is-layout-flow\">\n<figure class=\"wp-block-image size-full is-resized\"><a href=\"https:\/\/theatreofeternalvalues.com\/\"><img loading=\"lazy\" decoding=\"async\" src=\"https:\/\/nirananda-media.de\/wp-content\/uploads\/2023\/07\/image-16.jpg\" alt=\"\" class=\"wp-image-1671\" width=\"193\" height=\"109\" srcset=\"https:\/\/nirananda-media.de\/wp-content\/uploads\/2023\/07\/image-16.jpg 385w, https:\/\/nirananda-media.de\/wp-content\/uploads\/2023\/07\/image-16-300x169.jpg 300w, https:\/\/nirananda-media.de\/wp-content\/uploads\/2023\/07\/image-16-100x56.jpg 100w, https:\/\/nirananda-media.de\/wp-content\/uploads\/2023\/07\/image-16-150x85.jpg 150w, https:\/\/nirananda-media.de\/wp-content\/uploads\/2023\/07\/image-16-200x113.jpg 200w\" sizes=\"auto, (max-width: 193px) 100vw, 193px\" \/><\/a><figcaption class=\"wp-element-caption\">Theatre of Eternal Values<\/figcaption><\/figure>\n<\/div>\n\n\n\n<div class=\"wp-block-column is-layout-flow wp-block-column-is-layout-flow\">\n<p>Das Theatre of Eternal Values (TEV) ist eine 1996 gegr\u00fcndete internationale Theatergruppe. Seit 25 Jahren tourt sie durch die Welt und f\u00fchrt Originalproduktionen und Adaptionen von Werken von Moli\u00e8re \u00fcber Shakespeare und Blake bis Pirandello auf, die wahrhaft universelle Werte zum Ausdruck bringen.<\/p>\n\n\n\n<p><a href=\"http:\/\/theatreofeternalvalues.com\" target=\"_blank\" rel=\"noreferrer noopener\">theatreofeternalvalues.com<\/a><\/p>\n\n\n\n<p><a href=\"http:\/\/theatreofeternalvalues\">theatreofeternalvalues.us<\/a><\/p>\n<\/div>\n\n\n\n<div class=\"wp-block-column is-layout-flow wp-block-column-is-layout-flow\"><\/div>\n<\/div>\n\n\n\n<hr class=\"wp-block-separator has-alpha-channel-opacity\"\/>\n","protected":false},"excerpt":{"rendered":"<p>Theater (Links) Das Theatre of Eternal Values (TEV) ist eine 1996 gegr\u00fcndete internationale Theatergruppe. Seit 25 Jahren tourt sie durch die Welt und f\u00fchrt Originalproduktionen und Adaptionen von Werken von Moli\u00e8re \u00fcber Shakespeare und Blake bis Pirandello auf, die wahrhaft &hellip;<\/p>\n<p class=\"read-more\"> <a class=\"more-link\" href=\"https:\/\/nirananda-media.de\/?page_id=1731\"> <span class=\"screen-reader-text\">Theater<\/span> Weiterlesen &raquo;<\/a><\/p>\n","protected":false},"author":1,"featured_media":0,"parent":0,"menu_order":0,"comment_status":"closed","ping_status":"closed","template":"","meta":{"footnotes":""},"class_list":["post-1731","page","type-page","status-publish","hentry"],"_links":{"self":[{"href":"https:\/\/nirananda-media.de\/index.php?rest_route=\/wp\/v2\/pages\/1731","targetHints":{"allow":["GET"]}}],"collection":[{"href":"https:\/\/nirananda-media.de\/index.php?rest_route=\/wp\/v2\/pages"}],"about":[{"href":"https:\/\/nirananda-media.de\/index.php?rest_route=\/wp\/v2\/types\/page"}],"author":[{"embeddable":true,"href":"https:\/\/nirananda-media.de\/index.php?rest_route=\/wp\/v2\/users\/1"}],"replies":[{"embeddable":true,"href":"https:\/\/nirananda-media.de\/index.php?rest_route=%2Fwp%2Fv2%2Fcomments&post=1731"}],"version-history":[{"count":5,"href":"https:\/\/nirananda-media.de\/index.php?rest_route=\/wp\/v2\/pages\/1731\/revisions"}],"predecessor-version":[{"id":2052,"href":"https:\/\/nirananda-media.de\/index.php?rest_route=\/wp\/v2\/pages\/1731\/revisions\/2052"}],"wp:attachment":[{"href":"https:\/\/nirananda-media.de\/index.php?rest_route=%2Fwp%2Fv2%2Fmedia&parent=1731"}],"curies":[{"name":"wp","href":"https:\/\/api.w.org\/{rel}","templated":true}]}}