{"id":1729,"date":"2023-07-16T06:55:11","date_gmt":"2023-07-16T06:55:11","guid":{"rendered":"https:\/\/nirananda-media.de\/?page_id=1729"},"modified":"2024-06-01T16:44:27","modified_gmt":"2024-06-01T16:44:27","slug":"buecher-links","status":"publish","type":"page","link":"https:\/\/nirananda-media.de\/?page_id=1729","title":{"rendered":"B\u00fccher"},"content":{"rendered":"\n<hr class=\"wp-block-separator has-alpha-channel-opacity\"\/>\n\n\n\n<div class=\"wp-block-columns is-layout-flex wp-container-core-columns-is-layout-9d6595d7 wp-block-columns-is-layout-flex\">\n<div class=\"wp-block-column is-layout-flow wp-block-column-is-layout-flow\"><\/div>\n\n\n\n<div class=\"wp-block-column is-layout-flow wp-block-column-is-layout-flow\">\n<h2 class=\"wp-block-heading\">B\u00fccher (Links)<\/h2>\n<\/div>\n\n\n\n<div class=\"wp-block-column is-layout-flow wp-block-column-is-layout-flow\"><\/div>\n\n\n\n<div class=\"wp-block-column is-layout-flow wp-block-column-is-layout-flow\"><\/div>\n<\/div>\n\n\n\n<hr class=\"wp-block-separator has-alpha-channel-opacity\"\/>\n\n\n\n<div class=\"wp-block-columns is-layout-flex wp-container-core-columns-is-layout-9d6595d7 wp-block-columns-is-layout-flex\">\n<div class=\"wp-block-column is-layout-flow wp-block-column-is-layout-flow\"><\/div>\n\n\n\n<div class=\"wp-block-column is-layout-flow wp-block-column-is-layout-flow\">\n<figure class=\"wp-block-image size-full is-resized\"><a href=\"https:\/\/www.divinecoolbreeze.com\/\" target=\"_blank\" rel=\"noreferrer noopener\"><img loading=\"lazy\" decoding=\"async\" width=\"215\" height=\"215\" src=\"https:\/\/nirananda-media.de\/wp-content\/uploads\/2023\/07\/image-6.jpg\" alt=\"\" class=\"wp-image-1661\" style=\"width:161px;height:161px\" srcset=\"https:\/\/nirananda-media.de\/wp-content\/uploads\/2023\/07\/image-6.jpg 215w, https:\/\/nirananda-media.de\/wp-content\/uploads\/2023\/07\/image-6-150x150.jpg 150w, https:\/\/nirananda-media.de\/wp-content\/uploads\/2023\/07\/image-6-100x100.jpg 100w, https:\/\/nirananda-media.de\/wp-content\/uploads\/2023\/07\/image-6-200x200.jpg 200w\" sizes=\"auto, (max-width: 215px) 100vw, 215px\" \/><\/a><figcaption class=\"wp-element-caption\">Divine Cool Breeze Books<\/figcaption><\/figure>\n<\/div>\n\n\n\n<div class=\"wp-block-column is-layout-flow wp-block-column-is-layout-flow\">\n<p class=\"has-text-align-left\"><a href=\"https:\/\/www.divinecoolbreeze.com\/\" data-type=\"link\" data-id=\"https:\/\/www.divinecoolbreeze.com\/\">B\u00fccher von Shri Mataji selbst oder aus Ihren Reden oder Schriften kompiliert.<\/a><\/p>\n<\/div>\n\n\n\n<div class=\"wp-block-column is-layout-flow wp-block-column-is-layout-flow\"><\/div>\n<\/div>\n\n\n\n<hr class=\"wp-block-separator has-alpha-channel-opacity\"\/>\n\n\n\n<div class=\"wp-block-columns is-layout-flex wp-container-core-columns-is-layout-9d6595d7 wp-block-columns-is-layout-flex\">\n<div class=\"wp-block-column is-layout-flow wp-block-column-is-layout-flow\"><\/div>\n\n\n\n<div class=\"wp-block-column is-layout-flow wp-block-column-is-layout-flow\">\n<figure class=\"wp-block-image size-full is-resized\"><a href=\"https:\/\/www.sahajbooks.org\/\" target=\"_blank\" rel=\"noreferrer noopener\"><img loading=\"lazy\" decoding=\"async\" width=\"215\" height=\"215\" src=\"https:\/\/nirananda-media.de\/wp-content\/uploads\/2023\/07\/image-6.jpg\" alt=\"\" class=\"wp-image-1661\" style=\"width:161px;height:161px\" srcset=\"https:\/\/nirananda-media.de\/wp-content\/uploads\/2023\/07\/image-6.jpg 215w, https:\/\/nirananda-media.de\/wp-content\/uploads\/2023\/07\/image-6-150x150.jpg 150w, https:\/\/nirananda-media.de\/wp-content\/uploads\/2023\/07\/image-6-100x100.jpg 100w, https:\/\/nirananda-media.de\/wp-content\/uploads\/2023\/07\/image-6-200x200.jpg 200w\" sizes=\"auto, (max-width: 215px) 100vw, 215px\" \/><\/a><figcaption class=\"wp-element-caption\">Sahaj Books<\/figcaption><\/figure>\n<\/div>\n\n\n\n<div class=\"wp-block-column is-layout-flow wp-block-column-is-layout-flow\">\n<p class=\"has-text-align-left\"><a href=\"https:\/\/www.sahajbooks.org\/\">B\u00fccher von Sahaja Yoginis und Sahaja Yogis.<\/a><\/p>\n<\/div>\n\n\n\n<div class=\"wp-block-column is-layout-flow wp-block-column-is-layout-flow\"><\/div>\n<\/div>\n\n\n\n<hr class=\"wp-block-separator has-alpha-channel-opacity\"\/>\n\n\n\n<div class=\"wp-block-columns is-layout-flex wp-container-core-columns-is-layout-9d6595d7 wp-block-columns-is-layout-flex\">\n<div class=\"wp-block-column is-layout-flow wp-block-column-is-layout-flow\"><\/div>\n\n\n\n<div class=\"wp-block-column is-layout-flow wp-block-column-is-layout-flow\">\n<figure class=\"wp-block-image size-full\"><a href=\"https:\/\/www.symb-ol.org\/\"><img loading=\"lazy\" decoding=\"async\" width=\"446\" height=\"112\" src=\"https:\/\/nirananda-media.de\/wp-content\/uploads\/2023\/07\/image-7.jpg\" alt=\"\" class=\"wp-image-1662\" srcset=\"https:\/\/nirananda-media.de\/wp-content\/uploads\/2023\/07\/image-7.jpg 446w, https:\/\/nirananda-media.de\/wp-content\/uploads\/2023\/07\/image-7-300x75.jpg 300w, https:\/\/nirananda-media.de\/wp-content\/uploads\/2023\/07\/image-7-100x25.jpg 100w, https:\/\/nirananda-media.de\/wp-content\/uploads\/2023\/07\/image-7-150x38.jpg 150w, https:\/\/nirananda-media.de\/wp-content\/uploads\/2023\/07\/image-7-200x50.jpg 200w\" sizes=\"auto, (max-width: 446px) 100vw, 446px\" \/><\/a><figcaption class=\"wp-element-caption\">Symb-ol<\/figcaption><\/figure>\n<\/div>\n\n\n\n<div class=\"wp-block-column is-layout-flow wp-block-column-is-layout-flow\">\n<p class=\"has-text-align-left\"><a href=\"https:\/\/www.sahajbooks.org\/\" data-type=\"link\" data-id=\"https:\/\/www.sahajbooks.org\/\">B\u00fccher und Sanskrit-Materialien zum Thema Sahaja Yoga.<\/a><\/p>\n<\/div>\n\n\n\n<div class=\"wp-block-column is-layout-flow wp-block-column-is-layout-flow\"><\/div>\n<\/div>\n\n\n\n<hr class=\"wp-block-separator has-alpha-channel-opacity\"\/>\n\n\n\n<div class=\"wp-block-columns is-layout-flex wp-container-core-columns-is-layout-9d6595d7 wp-block-columns-is-layout-flex\">\n<div class=\"wp-block-column is-layout-flow wp-block-column-is-layout-flow\"><\/div>\n\n\n\n<div class=\"wp-block-column is-layout-flow wp-block-column-is-layout-flow\">\n<figure class=\"wp-block-image size-full is-resized\"><a href=\"https:\/\/www.bhavans.info\/bookstore\/\" target=\"_blank\" rel=\"noreferrer noopener\"><img loading=\"lazy\" decoding=\"async\" width=\"974\" height=\"154\" src=\"https:\/\/nirananda-media.de\/wp-content\/uploads\/2023\/07\/bhavans-logo-2.gif\" alt=\"\" class=\"wp-image-1647\" style=\"width:487px;height:77px\"\/><\/a><figcaption class=\"wp-element-caption\">BHAVAN&#8217;S ONLINE BOOKSTORE<\/figcaption><\/figure>\n<\/div>\n\n\n\n<div class=\"wp-block-column is-layout-flow wp-block-column-is-layout-flow\">\n<p class=\"has-text-align-left\">\u2026 <a href=\"https:\/\/www.bhavans.info\/bookstore\/\" data-type=\"link\" data-id=\"https:\/\/www.bhavans.info\/bookstore\/\">zeitlose Botschaft des Glaubens, der Selbst-Disziplin und Hingabe: <em>Shraddha, Samyama<\/em> und <em>Samarpana <\/em>&#8211; gegr\u00fcndet mit dem Segen von Mahatma Gandhi.<\/a><\/p>\n<\/div>\n\n\n\n<div class=\"wp-block-column is-layout-flow wp-block-column-is-layout-flow\"><\/div>\n<\/div>\n\n\n\n<hr class=\"wp-block-separator has-alpha-channel-opacity\"\/>\n\n\n\n<div class=\"wp-block-columns is-layout-flex wp-container-core-columns-is-layout-9d6595d7 wp-block-columns-is-layout-flex\">\n<div class=\"wp-block-column is-layout-flow wp-block-column-is-layout-flow\"><\/div>\n\n\n\n<div class=\"wp-block-column is-layout-flow wp-block-column-is-layout-flow\">\n<figure class=\"wp-block-image size-full\"><a href=\"https:\/\/metamoderneszeitalter.jimdofree.com\/\" target=\"_blank\" rel=\"noreferrer noopener\"><img loading=\"lazy\" decoding=\"async\" width=\"446\" height=\"132\" src=\"https:\/\/nirananda-media.de\/wp-content\/uploads\/2023\/07\/image-8.jpg\" alt=\"\" class=\"wp-image-1663\" srcset=\"https:\/\/nirananda-media.de\/wp-content\/uploads\/2023\/07\/image-8.jpg 446w, https:\/\/nirananda-media.de\/wp-content\/uploads\/2023\/07\/image-8-300x89.jpg 300w, https:\/\/nirananda-media.de\/wp-content\/uploads\/2023\/07\/image-8-100x30.jpg 100w, https:\/\/nirananda-media.de\/wp-content\/uploads\/2023\/07\/image-8-150x44.jpg 150w, https:\/\/nirananda-media.de\/wp-content\/uploads\/2023\/07\/image-8-200x59.jpg 200w\" sizes=\"auto, (max-width: 446px) 100vw, 446px\" \/><\/a><figcaption class=\"wp-element-caption\">Das metamodern Zeitalter<\/figcaption><\/figure>\n<\/div>\n\n\n\n<div class=\"wp-block-column is-layout-flow wp-block-column-is-layout-flow\">\n<p class=\"has-text-align-left\"><a href=\"https:\/\/metamoderneszeitalter.jimdofree.com\/\" data-type=\"link\" data-id=\"https:\/\/metamoderneszeitalter.jimdofree.com\/\">Ausf\u00fchrliche Webseite zum &#8222;Metamodernen Zeitalter&#8220;.<\/a><\/p>\n<\/div>\n\n\n\n<div class=\"wp-block-column is-layout-flow wp-block-column-is-layout-flow\"><\/div>\n<\/div>\n\n\n\n<hr class=\"wp-block-separator has-alpha-channel-opacity\"\/>\n\n\n\n<div class=\"wp-block-columns is-layout-flex wp-container-core-columns-is-layout-9d6595d7 wp-block-columns-is-layout-flex\">\n<div class=\"wp-block-column is-layout-flow wp-block-column-is-layout-flow\"><\/div>\n\n\n\n<div class=\"wp-block-column is-layout-flow wp-block-column-is-layout-flow\">\n<figure class=\"wp-block-image size-full\"><a href=\"https:\/\/bluetezeitamlebensbaum.jimdofree.com\/\" target=\"_blank\" rel=\"noreferrer noopener\"><img loading=\"lazy\" decoding=\"async\" width=\"446\" height=\"145\" src=\"https:\/\/nirananda-media.de\/wp-content\/uploads\/2023\/07\/image-4.png\" alt=\"\" class=\"wp-image-1659\" srcset=\"https:\/\/nirananda-media.de\/wp-content\/uploads\/2023\/07\/image-4.png 446w, https:\/\/nirananda-media.de\/wp-content\/uploads\/2023\/07\/image-4-300x98.png 300w, https:\/\/nirananda-media.de\/wp-content\/uploads\/2023\/07\/image-4-100x33.png 100w, https:\/\/nirananda-media.de\/wp-content\/uploads\/2023\/07\/image-4-150x49.png 150w, https:\/\/nirananda-media.de\/wp-content\/uploads\/2023\/07\/image-4-200x65.png 200w\" sizes=\"auto, (max-width: 446px) 100vw, 446px\" \/><\/a><figcaption class=\"wp-element-caption\">Bl\u00fctezeit am Baum des Lebens<\/figcaption><\/figure>\n<\/div>\n\n\n\n<div class=\"wp-block-column is-layout-flow wp-block-column-is-layout-flow\">\n<p class=\"has-text-align-left\"><a href=\"https:\/\/bluetezeitamlebensbaum.jimdofree.com\/\" data-type=\"link\" data-id=\"https:\/\/bluetezeitamlebensbaum.jimdofree.com\/\">Ausf\u00fchrliche Webseite zur &#8222;Bl\u00fctezeit des Lebens&#8220;, der deutschen Fassung von &#8222;Journey Within&#8220;.<\/a><\/p>\n<\/div>\n\n\n\n<div class=\"wp-block-column is-layout-flow wp-block-column-is-layout-flow\"><\/div>\n<\/div>\n\n\n\n<hr class=\"wp-block-separator has-alpha-channel-opacity\"\/>\n\n\n\n<div class=\"wp-block-columns is-layout-flex wp-container-core-columns-is-layout-9d6595d7 wp-block-columns-is-layout-flex\">\n<div class=\"wp-block-column is-layout-flow wp-block-column-is-layout-flow\"><\/div>\n\n\n\n<div class=\"wp-block-column is-layout-flow wp-block-column-is-layout-flow\">\n<figure class=\"wp-block-image size-full\"><a href=\"https:\/\/buchderadishakti.jimdofree.com\/\" target=\"_blank\" rel=\"noreferrer noopener\"><img loading=\"lazy\" decoding=\"async\" width=\"170\" height=\"224\" src=\"https:\/\/nirananda-media.de\/wp-content\/uploads\/2023\/07\/image-9.jpg\" alt=\"\" class=\"wp-image-1664\" srcset=\"https:\/\/nirananda-media.de\/wp-content\/uploads\/2023\/07\/image-9.jpg 170w, https:\/\/nirananda-media.de\/wp-content\/uploads\/2023\/07\/image-9-100x132.jpg 100w, https:\/\/nirananda-media.de\/wp-content\/uploads\/2023\/07\/image-9-150x198.jpg 150w\" sizes=\"auto, (max-width: 170px) 100vw, 170px\" \/><\/a><figcaption class=\"wp-element-caption\">Buch der Adi Shakti<\/figcaption><\/figure>\n<\/div>\n\n\n\n<div class=\"wp-block-column is-layout-flow wp-block-column-is-layout-flow\">\n<p class=\"has-text-align-left\"><a href=\"https:\/\/buchderadishakti.jimdofree.com\/\">Ausf\u00fchrliche Webseite zum &#8222;Buch der Adi Shakti&#8220;.<\/a><\/p>\n<\/div>\n\n\n\n<div class=\"wp-block-column is-layout-flow wp-block-column-is-layout-flow\"><\/div>\n<\/div>\n\n\n\n<hr class=\"wp-block-separator has-alpha-channel-opacity\"\/>\n\n\n\n<div class=\"wp-block-columns is-layout-flex wp-container-core-columns-is-layout-9d6595d7 wp-block-columns-is-layout-flex\">\n<div class=\"wp-block-column is-layout-flow wp-block-column-is-layout-flow\"><\/div>\n\n\n\n<div class=\"wp-block-column is-layout-flow wp-block-column-is-layout-flow\">\n<figure class=\"wp-block-image size-full\"><a href=\"https:\/\/sattvischerengel.jimdofree.com\/\" target=\"_blank\" rel=\"noreferrer noopener\"><img loading=\"lazy\" decoding=\"async\" width=\"446\" height=\"179\" src=\"https:\/\/nirananda-media.de\/wp-content\/uploads\/2023\/07\/image-10.jpg\" alt=\"\" class=\"wp-image-1665\" srcset=\"https:\/\/nirananda-media.de\/wp-content\/uploads\/2023\/07\/image-10.jpg 446w, https:\/\/nirananda-media.de\/wp-content\/uploads\/2023\/07\/image-10-300x120.jpg 300w, https:\/\/nirananda-media.de\/wp-content\/uploads\/2023\/07\/image-10-100x40.jpg 100w, https:\/\/nirananda-media.de\/wp-content\/uploads\/2023\/07\/image-10-150x60.jpg 150w, https:\/\/nirananda-media.de\/wp-content\/uploads\/2023\/07\/image-10-200x80.jpg 200w\" sizes=\"auto, (max-width: 446px) 100vw, 446px\" \/><\/a><figcaption class=\"wp-element-caption\">Lieder eines sattvischen Engels<\/figcaption><\/figure>\n<\/div>\n\n\n\n<div class=\"wp-block-column is-layout-flow wp-block-column-is-layout-flow\">\n<p class=\"has-text-align-left\"><a href=\"https:\/\/sattvischerengel.jimdofree.com\/\">Ausf\u00fchrliche Webseite zum &#8222;Sattvischen Engel&#8220;.<\/a><\/p>\n<\/div>\n\n\n\n<div class=\"wp-block-column is-layout-flow wp-block-column-is-layout-flow\"><\/div>\n<\/div>\n\n\n\n<hr class=\"wp-block-separator has-alpha-channel-opacity\"\/>\n\n\n\n<div class=\"wp-block-columns is-layout-flex wp-container-core-columns-is-layout-9d6595d7 wp-block-columns-is-layout-flex\">\n<div class=\"wp-block-column is-layout-flow wp-block-column-is-layout-flow\"><\/div>\n\n\n\n<div class=\"wp-block-column is-layout-flow wp-block-column-is-layout-flow\">\n<figure class=\"wp-block-image size-full\"><a href=\"https:\/\/expectingtofly.jimdofree.com\/\" target=\"_blank\" rel=\"noreferrer noopener\"><img loading=\"lazy\" decoding=\"async\" width=\"175\" height=\"257\" src=\"https:\/\/nirananda-media.de\/wp-content\/uploads\/2023\/07\/image-11.jpg\" alt=\"\" class=\"wp-image-1666\" srcset=\"https:\/\/nirananda-media.de\/wp-content\/uploads\/2023\/07\/image-11.jpg 175w, https:\/\/nirananda-media.de\/wp-content\/uploads\/2023\/07\/image-11-100x147.jpg 100w, https:\/\/nirananda-media.de\/wp-content\/uploads\/2023\/07\/image-11-150x220.jpg 150w\" sizes=\"auto, (max-width: 175px) 100vw, 175px\" \/><\/a><figcaption class=\"wp-element-caption\">expecting to fly<\/figcaption><\/figure>\n<\/div>\n\n\n\n<div class=\"wp-block-column is-layout-flow wp-block-column-is-layout-flow\">\n<p class=\"has-text-align-left\"><a href=\"https:\/\/expectingtofly.jimdofree.com\/\">Ausf\u00fchrliche Webseite zum englischen Original von &#8222;Und du erwartest zu fliegen, &#8222;expecting to fly&#8220;.<\/a><\/p>\n<\/div>\n\n\n\n<div class=\"wp-block-column is-layout-flow wp-block-column-is-layout-flow\"><\/div>\n<\/div>\n\n\n\n<hr class=\"wp-block-separator has-alpha-channel-opacity\"\/>\n\n\n\n<div class=\"wp-block-columns is-layout-flex wp-container-core-columns-is-layout-9d6595d7 wp-block-columns-is-layout-flex\">\n<div class=\"wp-block-column is-layout-flow wp-block-column-is-layout-flow\"><\/div>\n\n\n\n<div class=\"wp-block-column is-layout-flow wp-block-column-is-layout-flow\">\n<figure class=\"wp-block-image size-full\"><a href=\"https:\/\/einfache-gedichte.jimdofree.com\/\" target=\"_blank\" rel=\"noreferrer noopener\"><img loading=\"lazy\" decoding=\"async\" width=\"415\" height=\"186\" src=\"https:\/\/nirananda-media.de\/wp-content\/uploads\/2023\/07\/image-12.jpg\" alt=\"\" class=\"wp-image-1667\" srcset=\"https:\/\/nirananda-media.de\/wp-content\/uploads\/2023\/07\/image-12.jpg 415w, https:\/\/nirananda-media.de\/wp-content\/uploads\/2023\/07\/image-12-300x134.jpg 300w, https:\/\/nirananda-media.de\/wp-content\/uploads\/2023\/07\/image-12-100x45.jpg 100w, https:\/\/nirananda-media.de\/wp-content\/uploads\/2023\/07\/image-12-150x67.jpg 150w, https:\/\/nirananda-media.de\/wp-content\/uploads\/2023\/07\/image-12-200x90.jpg 200w\" sizes=\"auto, (max-width: 415px) 100vw, 415px\" \/><\/a><figcaption class=\"wp-element-caption\">Einfache Gedichte<\/figcaption><\/figure>\n<\/div>\n\n\n\n<div class=\"wp-block-column is-layout-flow wp-block-column-is-layout-flow\">\n<p class=\"has-text-align-left\"><a href=\"https:\/\/einfache-gedichte.jimdofree.com\/\">Ausf\u00fchrliche Webseite zur zweiprachigen Ausgabe der &#8222;Einfachen Gedichte&#8220;.<\/a><\/p>\n<\/div>\n\n\n\n<div class=\"wp-block-column is-layout-flow wp-block-column-is-layout-flow\"><\/div>\n<\/div>\n\n\n\n<hr class=\"wp-block-separator has-alpha-channel-opacity\"\/>\n\n\n\n<div class=\"wp-block-columns is-layout-flex wp-container-core-columns-is-layout-9d6595d7 wp-block-columns-is-layout-flex\">\n<div class=\"wp-block-column is-layout-flow wp-block-column-is-layout-flow\"><\/div>\n\n\n\n<div class=\"wp-block-column is-layout-flow wp-block-column-is-layout-flow\">\n<figure class=\"wp-block-image size-full\"><a href=\"https:\/\/navisepta.jimdofree.com\/\" target=\"_blank\" rel=\"noreferrer noopener\"><img loading=\"lazy\" decoding=\"async\" width=\"446\" height=\"121\" src=\"https:\/\/nirananda-media.de\/wp-content\/uploads\/2023\/07\/image-13.jpg\" alt=\"\" class=\"wp-image-1668\" srcset=\"https:\/\/nirananda-media.de\/wp-content\/uploads\/2023\/07\/image-13.jpg 446w, https:\/\/nirananda-media.de\/wp-content\/uploads\/2023\/07\/image-13-300x81.jpg 300w, https:\/\/nirananda-media.de\/wp-content\/uploads\/2023\/07\/image-13-100x27.jpg 100w, https:\/\/nirananda-media.de\/wp-content\/uploads\/2023\/07\/image-13-150x41.jpg 150w, https:\/\/nirananda-media.de\/wp-content\/uploads\/2023\/07\/image-13-200x54.jpg 200w\" sizes=\"auto, (max-width: 446px) 100vw, 446px\" \/><\/a><figcaption class=\"wp-element-caption\">Navi Septa<\/figcaption><\/figure>\n<\/div>\n\n\n\n<div class=\"wp-block-column is-layout-flow wp-block-column-is-layout-flow\">\n<p class=\"has-text-align-left\"><a href=\"https:\/\/navisepta.jimdofree.com\/\">Ausf\u00fchrliche Webseite zur Navi-Septa-Trilogie.<\/a><\/p>\n<\/div>\n\n\n\n<div class=\"wp-block-column is-layout-flow wp-block-column-is-layout-flow\"><\/div>\n<\/div>\n\n\n\n<hr class=\"wp-block-separator has-alpha-channel-opacity\"\/>\n\n\n\n<div class=\"wp-block-columns is-layout-flex wp-container-core-columns-is-layout-9d6595d7 wp-block-columns-is-layout-flex\">\n<div class=\"wp-block-column is-layout-flow wp-block-column-is-layout-flow\"><\/div>\n\n\n\n<div class=\"wp-block-column is-layout-flow wp-block-column-is-layout-flow\">\n<figure class=\"wp-block-image size-full\"><a href=\"https:\/\/erleuchtete-geschichte.jimdofree.com\/erleuchtete-geschichte\/band-3-die-tradition-der-weisheit\/\" target=\"_blank\" rel=\"noreferrer noopener\"><img loading=\"lazy\" decoding=\"async\" width=\"325\" height=\"173\" src=\"https:\/\/nirananda-media.de\/wp-content\/uploads\/2023\/07\/image-14.jpg\" alt=\"\" class=\"wp-image-1669\" srcset=\"https:\/\/nirananda-media.de\/wp-content\/uploads\/2023\/07\/image-14.jpg 325w, https:\/\/nirananda-media.de\/wp-content\/uploads\/2023\/07\/image-14-300x160.jpg 300w, https:\/\/nirananda-media.de\/wp-content\/uploads\/2023\/07\/image-14-100x53.jpg 100w, https:\/\/nirananda-media.de\/wp-content\/uploads\/2023\/07\/image-14-150x80.jpg 150w, https:\/\/nirananda-media.de\/wp-content\/uploads\/2023\/07\/image-14-200x106.jpg 200w\" sizes=\"auto, (max-width: 325px) 100vw, 325px\" \/><\/a><figcaption class=\"wp-element-caption\">Die Tradition der Weisheit<\/figcaption><\/figure>\n<\/div>\n\n\n\n<div class=\"wp-block-column is-layout-flow wp-block-column-is-layout-flow\">\n<p class=\"has-text-align-left\"><a href=\"https:\/\/erleuchtete-geschichte.jimdofree.com\/erleuchtete-geschichte\/band-3-die-tradition-der-weisheit\/\" data-type=\"link\" data-id=\"https:\/\/erleuchtete-geschichte.jimdofree.com\/erleuchtete-geschichte\/band-3-die-tradition-der-weisheit\/\">Ausf\u00fchrliche Webseite zum 3. Band der &#8222;Erleuchteten Geschichte&#8220; &#8222;Die Tradition der Weisheit&#8220;.<\/a><\/p>\n<\/div>\n\n\n\n<div class=\"wp-block-column is-layout-flow wp-block-column-is-layout-flow\"><\/div>\n<\/div>\n\n\n\n<hr class=\"wp-block-separator has-alpha-channel-opacity\"\/>\n\n\n\n<div class=\"wp-block-columns is-layout-flex wp-container-core-columns-is-layout-9d6595d7 wp-block-columns-is-layout-flex\">\n<div class=\"wp-block-column is-layout-flow wp-block-column-is-layout-flow\"><\/div>\n\n\n\n<div class=\"wp-block-column is-layout-flow wp-block-column-is-layout-flow\">\n<figure class=\"wp-block-image size-full\"><a href=\"https:\/\/diesem-letzten.jimdofree.com\/\" target=\"_blank\" rel=\"noreferrer noopener\"><img loading=\"lazy\" decoding=\"async\" width=\"446\" height=\"118\" src=\"https:\/\/nirananda-media.de\/wp-content\/uploads\/2023\/07\/ruskin_banner.jpg\" alt=\"\" class=\"wp-image-1702\" srcset=\"https:\/\/nirananda-media.de\/wp-content\/uploads\/2023\/07\/ruskin_banner.jpg 446w, https:\/\/nirananda-media.de\/wp-content\/uploads\/2023\/07\/ruskin_banner-300x79.jpg 300w, https:\/\/nirananda-media.de\/wp-content\/uploads\/2023\/07\/ruskin_banner-100x26.jpg 100w, https:\/\/nirananda-media.de\/wp-content\/uploads\/2023\/07\/ruskin_banner-150x40.jpg 150w, https:\/\/nirananda-media.de\/wp-content\/uploads\/2023\/07\/ruskin_banner-200x53.jpg 200w\" sizes=\"auto, (max-width: 446px) 100vw, 446px\" \/><\/a><figcaption class=\"wp-element-caption\">Diesem Letzten<\/figcaption><\/figure>\n<\/div>\n\n\n\n<div class=\"wp-block-column is-layout-flow wp-block-column-is-layout-flow\">\n<p class=\"has-text-align-left\"><a href=\"https:\/\/diesem-letzten.jimdofree.com\/\" data-type=\"link\" data-id=\"https:\/\/diesem-letzten.jimdofree.com\/\">Ausf\u00fchrliche Webseite zu J. Ruskins 4 Abhandlungen \u00fcber moralische Prinzipien Volkswirtschaft: &#8222;Diesem Letzten&#8220;.<\/a><\/p>\n<\/div>\n\n\n\n<div class=\"wp-block-column is-layout-flow wp-block-column-is-layout-flow\"><\/div>\n<\/div>\n\n\n\n<hr class=\"wp-block-separator has-alpha-channel-opacity\"\/>\n\n\n\n<div class=\"wp-block-columns is-layout-flex wp-container-core-columns-is-layout-9d6595d7 wp-block-columns-is-layout-flex\">\n<div class=\"wp-block-column is-layout-flow wp-block-column-is-layout-flow\"><\/div>\n\n\n\n<div class=\"wp-block-column is-layout-flow wp-block-column-is-layout-flow\">\n<figure class=\"wp-block-image size-full\"><a href=\"https:\/\/freudsche-fehlleistung.jimdofree.com\/\" target=\"_blank\" rel=\"noreferrer noopener\"><img loading=\"lazy\" decoding=\"async\" width=\"446\" height=\"119\" src=\"https:\/\/nirananda-media.de\/wp-content\/uploads\/2023\/07\/image-15.jpg\" alt=\"\" class=\"wp-image-1670\" srcset=\"https:\/\/nirananda-media.de\/wp-content\/uploads\/2023\/07\/image-15.jpg 446w, https:\/\/nirananda-media.de\/wp-content\/uploads\/2023\/07\/image-15-300x80.jpg 300w, https:\/\/nirananda-media.de\/wp-content\/uploads\/2023\/07\/image-15-100x27.jpg 100w, https:\/\/nirananda-media.de\/wp-content\/uploads\/2023\/07\/image-15-150x40.jpg 150w, https:\/\/nirananda-media.de\/wp-content\/uploads\/2023\/07\/image-15-200x53.jpg 200w\" sizes=\"auto, (max-width: 446px) 100vw, 446px\" \/><\/a><figcaption class=\"wp-element-caption\">Freuds Betrug<\/figcaption><\/figure>\n<\/div>\n\n\n\n<div class=\"wp-block-column is-layout-flow wp-block-column-is-layout-flow\">\n<p class=\"has-text-align-left\"><a href=\"https:\/\/freudsche-fehlleistung.jimdofree.com\/\" data-type=\"link\" data-id=\"https:\/\/freudsche-fehlleistung.jimdofree.com\/\">Ausf\u00fchrliche Webseite zur &#8222;Freudschen Fehlleistung, dem Betrug durch seine Theorien.<\/a><\/p>\n<\/div>\n\n\n\n<div class=\"wp-block-column is-layout-flow wp-block-column-is-layout-flow\"><\/div>\n<\/div>\n\n\n\n<hr class=\"wp-block-separator has-alpha-channel-opacity\"\/>\n","protected":false},"excerpt":{"rendered":"<p>B\u00fccher (Links) B\u00fccher von Shri Mataji selbst oder aus Ihren Reden oder Schriften kompiliert. B\u00fccher von Sahaja Yoginis und Sahaja Yogis. B\u00fccher und Sanskrit-Materialien zum Thema Sahaja Yoga. \u2026 zeitlose Botschaft des Glaubens, der Selbst-Disziplin und Hingabe: Shraddha, Samyama und &hellip;<\/p>\n<p class=\"read-more\"> <a class=\"more-link\" href=\"https:\/\/nirananda-media.de\/?page_id=1729\"> <span class=\"screen-reader-text\">B\u00fccher<\/span> Weiterlesen &raquo;<\/a><\/p>\n","protected":false},"author":1,"featured_media":0,"parent":0,"menu_order":0,"comment_status":"closed","ping_status":"closed","template":"","meta":{"footnotes":""},"class_list":["post-1729","page","type-page","status-publish","hentry"],"_links":{"self":[{"href":"https:\/\/nirananda-media.de\/index.php?rest_route=\/wp\/v2\/pages\/1729","targetHints":{"allow":["GET"]}}],"collection":[{"href":"https:\/\/nirananda-media.de\/index.php?rest_route=\/wp\/v2\/pages"}],"about":[{"href":"https:\/\/nirananda-media.de\/index.php?rest_route=\/wp\/v2\/types\/page"}],"author":[{"embeddable":true,"href":"https:\/\/nirananda-media.de\/index.php?rest_route=\/wp\/v2\/users\/1"}],"replies":[{"embeddable":true,"href":"https:\/\/nirananda-media.de\/index.php?rest_route=%2Fwp%2Fv2%2Fcomments&post=1729"}],"version-history":[{"count":12,"href":"https:\/\/nirananda-media.de\/index.php?rest_route=\/wp\/v2\/pages\/1729\/revisions"}],"predecessor-version":[{"id":2258,"href":"https:\/\/nirananda-media.de\/index.php?rest_route=\/wp\/v2\/pages\/1729\/revisions\/2258"}],"wp:attachment":[{"href":"https:\/\/nirananda-media.de\/index.php?rest_route=%2Fwp%2Fv2%2Fmedia&parent=1729"}],"curies":[{"name":"wp","href":"https:\/\/api.w.org\/{rel}","templated":true}]}}