{"id":1725,"date":"2023-07-15T15:17:10","date_gmt":"2023-07-15T15:17:10","guid":{"rendered":"https:\/\/nirananda-media.de\/?page_id=1725"},"modified":"2024-06-01T16:38:54","modified_gmt":"2024-06-01T16:38:54","slug":"musik-links","status":"publish","type":"page","link":"https:\/\/nirananda-media.de\/?page_id=1725","title":{"rendered":"Musik"},"content":{"rendered":"\n<hr class=\"wp-block-separator has-alpha-channel-opacity\"\/>\n\n\n\n<div class=\"wp-block-columns is-layout-flex wp-container-core-columns-is-layout-9d6595d7 wp-block-columns-is-layout-flex\">\n<div class=\"wp-block-column is-layout-flow wp-block-column-is-layout-flow\"><\/div>\n\n\n\n<div class=\"wp-block-column is-layout-flow wp-block-column-is-layout-flow\">\n<h2 class=\"wp-block-heading has-text-align-left\">Musik (Links)<\/h2>\n<\/div>\n\n\n\n<div class=\"wp-block-column is-layout-flow wp-block-column-is-layout-flow\"><\/div>\n\n\n\n<div class=\"wp-block-column is-layout-flow wp-block-column-is-layout-flow\"><\/div>\n<\/div>\n\n\n\n<hr class=\"wp-block-separator has-alpha-channel-opacity\"\/>\n\n\n\n<div class=\"wp-block-columns is-layout-flex wp-container-core-columns-is-layout-9d6595d7 wp-block-columns-is-layout-flex\">\n<div class=\"wp-block-column is-layout-flow wp-block-column-is-layout-flow\"><\/div>\n\n\n\n<div class=\"wp-block-column is-layout-flow wp-block-column-is-layout-flow\"><div class=\"wp-block-image\">\n<figure class=\"alignleft size-full\"><a href=\"https:\/\/www.purejoyrecords.net\/\" target=\"_blank\" rel=\"noreferrer noopener\"><img loading=\"lazy\" decoding=\"async\" width=\"232\" height=\"232\" src=\"https:\/\/nirananda-media.de\/wp-content\/uploads\/2023\/07\/PJR-Logo-neu_-records-.png\" alt=\"\" class=\"wp-image-1787\" srcset=\"https:\/\/nirananda-media.de\/wp-content\/uploads\/2023\/07\/PJR-Logo-neu_-records-.png 232w, https:\/\/nirananda-media.de\/wp-content\/uploads\/2023\/07\/PJR-Logo-neu_-records--150x150.png 150w, https:\/\/nirananda-media.de\/wp-content\/uploads\/2023\/07\/PJR-Logo-neu_-records--100x100.png 100w, https:\/\/nirananda-media.de\/wp-content\/uploads\/2023\/07\/PJR-Logo-neu_-records--200x200.png 200w\" sizes=\"auto, (max-width: 232px) 100vw, 232px\" \/><\/a><figcaption class=\"wp-element-caption\">Pure Joy Records<\/figcaption><\/figure>\n<\/div><\/div>\n\n\n\n<div class=\"wp-block-column is-layout-flow wp-block-column-is-layout-flow\">\n<p class=\"has-text-align-left\"><a href=\"https:\/\/www.purejoyrecords.net\/\" data-type=\"link\" data-id=\"https:\/\/www.purejoyrecords.net\/\">Pure Joy Records <\/a>ist eine nicht-kommerzielle die Plattform f\u00fcr Wienananda &amp;\u00a0OneTree, zwei multikulturelle spirituelle Musikgruppen aus Wien.<\/p>\n\n\n\n<p>\u200b<\/p>\n<\/div>\n\n\n\n<div class=\"wp-block-column is-layout-flow wp-block-column-is-layout-flow\"><\/div>\n<\/div>\n\n\n\n<hr class=\"wp-block-separator has-alpha-channel-opacity\"\/>\n\n\n\n<div class=\"wp-block-columns is-layout-flex wp-container-core-columns-is-layout-9d6595d7 wp-block-columns-is-layout-flex\">\n<div class=\"wp-block-column is-layout-flow wp-block-column-is-layout-flow\"><\/div>\n\n\n\n<div class=\"wp-block-column is-layout-flow wp-block-column-is-layout-flow\"><div class=\"wp-block-image\">\n<figure class=\"alignleft size-full is-resized\"><a href=\"https:\/\/www.musicofjoy.com.au\/\" target=\"_blank\" rel=\"noreferrer noopener\"><img loading=\"lazy\" decoding=\"async\" width=\"174\" height=\"75\" src=\"https:\/\/nirananda-media.de\/wp-content\/uploads\/2023\/07\/MOJ_logo__75b-2.png\" alt=\"\" class=\"wp-image-1685\" style=\"width:174px;height:75px\" srcset=\"https:\/\/nirananda-media.de\/wp-content\/uploads\/2023\/07\/MOJ_logo__75b-2.png 174w, https:\/\/nirananda-media.de\/wp-content\/uploads\/2023\/07\/MOJ_logo__75b-2-100x43.png 100w, https:\/\/nirananda-media.de\/wp-content\/uploads\/2023\/07\/MOJ_logo__75b-2-150x65.png 150w\" sizes=\"auto, (max-width: 174px) 100vw, 174px\" \/><\/a><figcaption class=\"wp-element-caption\">Music of Joy<\/figcaption><\/figure>\n<\/div><\/div>\n\n\n\n<div class=\"wp-block-column is-layout-flow wp-block-column-is-layout-flow\">\n<p class=\"has-text-align-left\"><em><a href=\"https:\/\/www.musicofjoy.com.au\/\" data-type=\"link\" data-id=\"https:\/\/www.musicofjoy.com.au\/\">Music of Joy<\/a><\/em> ist eine einzigartige und multikulturelle Band mit Sitz in Sidney, Australien.<\/p>\n\n\n\n<p class=\"has-text-align-left\">Die dynamische Energie der Gruppe entfaltet ihre Magie, wenn \u00fcber zwanzig Musiker sich mit einem gemeinsamen Ziel zusammenfinden &#8211; eine Musik zu teilen, die Freude schenkt und erhebt &#8230; <\/p>\n<\/div>\n\n\n\n<div class=\"wp-block-column is-layout-flow wp-block-column-is-layout-flow\"><\/div>\n<\/div>\n\n\n\n<hr class=\"wp-block-separator has-alpha-channel-opacity\"\/>\n\n\n\n<div class=\"wp-block-columns is-layout-flex wp-container-core-columns-is-layout-9d6595d7 wp-block-columns-is-layout-flex\">\n<div class=\"wp-block-column is-layout-flow wp-block-column-is-layout-flow\"><\/div>\n\n\n\n<div class=\"wp-block-column is-layout-flow wp-block-column-is-layout-flow\"><div class=\"wp-block-image\">\n<figure class=\"alignleft size-full\"><a href=\"https:\/\/www.rachellejeanty.com\/\" target=\"_blank\" rel=\"noreferrer noopener\"><img loading=\"lazy\" decoding=\"async\" width=\"233\" height=\"350\" src=\"https:\/\/nirananda-media.de\/wp-content\/uploads\/2023\/07\/rachelle-jeanty-gesangslehrerin.jpg\" alt=\"\" class=\"wp-image-1783\" srcset=\"https:\/\/nirananda-media.de\/wp-content\/uploads\/2023\/07\/rachelle-jeanty-gesangslehrerin.jpg 233w, https:\/\/nirananda-media.de\/wp-content\/uploads\/2023\/07\/rachelle-jeanty-gesangslehrerin-200x300.jpg 200w, https:\/\/nirananda-media.de\/wp-content\/uploads\/2023\/07\/rachelle-jeanty-gesangslehrerin-100x150.jpg 100w, https:\/\/nirananda-media.de\/wp-content\/uploads\/2023\/07\/rachelle-jeanty-gesangslehrerin-150x225.jpg 150w\" sizes=\"auto, (max-width: 233px) 100vw, 233px\" \/><\/a><figcaption class=\"wp-element-caption\">Rachelle Jeanty<\/figcaption><\/figure>\n<\/div><\/div>\n\n\n\n<div class=\"wp-block-column is-layout-flow wp-block-column-is-layout-flow\">\n<p class=\"has-text-align-left\">Sieben Jahre lang tourte <a href=\"https:\/\/www.rachellejeanty.com\/\" data-type=\"link\" data-id=\"https:\/\/www.rachellejeanty.com\/\">Rachelle Jeanty und Falk Bonitz<\/a> als Pianist mit ihren &#8220;Spirit of Joy&#8220;-Soul- und Gospelkonzerten durch ganz Europa.<\/p>\n\n\n\n<p class=\"has-text-align-left\">Seit 2011 leitet sie ihre&nbsp;<a href=\"https:\/\/www.rachellejeanty.com\/unterricht-workshops\/\"><\/a>&#8220;<a href=\"https:\/\/www.rachellejeanty.com\/unterricht-workshops\/\" target=\"_blank\" rel=\"noreferrer noopener\">Spirit of Joy&#8220;-Gesangsworkshops<\/a>&#8222;, in denen sie Gesang und Meditation mit Liedern aus aller Welt verbindet.<\/p>\n<\/div>\n\n\n\n<div class=\"wp-block-column is-layout-flow wp-block-column-is-layout-flow\"><\/div>\n<\/div>\n\n\n\n<hr class=\"wp-block-separator has-alpha-channel-opacity\"\/>\n\n\n\n<div class=\"wp-block-columns is-layout-flex wp-container-core-columns-is-layout-9d6595d7 wp-block-columns-is-layout-flex\">\n<div class=\"wp-block-column is-layout-flow wp-block-column-is-layout-flow\"><\/div>\n\n\n\n<div class=\"wp-block-column is-layout-flow wp-block-column-is-layout-flow\"><div class=\"wp-block-image\">\n<figure class=\"alignleft size-full\"><a href=\"http:\/\/my.sahajayogaradio.org\/\" target=\"_blank\" rel=\"noreferrer noopener\"><img loading=\"lazy\" decoding=\"async\" width=\"279\" height=\"300\" src=\"https:\/\/nirananda-media.de\/wp-content\/uploads\/2023\/07\/radioSY-279x300-2.png\" alt=\"\" class=\"wp-image-1699\" srcset=\"https:\/\/nirananda-media.de\/wp-content\/uploads\/2023\/07\/radioSY-279x300-2.png 279w, https:\/\/nirananda-media.de\/wp-content\/uploads\/2023\/07\/radioSY-279x300-2-100x108.png 100w, https:\/\/nirananda-media.de\/wp-content\/uploads\/2023\/07\/radioSY-279x300-2-150x161.png 150w, https:\/\/nirananda-media.de\/wp-content\/uploads\/2023\/07\/radioSY-279x300-2-200x215.png 200w\" sizes=\"auto, (max-width: 279px) 100vw, 279px\" \/><\/a><figcaption class=\"wp-element-caption\"><strong>Sahaja Yolga Radia<\/strong><\/figcaption><\/figure>\n<\/div><\/div>\n\n\n\n<div class=\"wp-block-column is-layout-flow wp-block-column-is-layout-flow\">\n<p class=\"has-text-align-left\"><a href=\"http:\/\/my.sahajayogaradio.org\/\" data-type=\"link\" data-id=\"http:\/\/my.sahajayogaradio.org\/\">Genie\u00dfen Sie Musik die Frieden schenkt &#8211; jederzeit und \u00fcberall &#8230;<\/a><\/p>\n<\/div>\n\n\n\n<div class=\"wp-block-column is-layout-flow wp-block-column-is-layout-flow\"><\/div>\n<\/div>\n\n\n\n<hr class=\"wp-block-separator has-alpha-channel-opacity\"\/>\n\n\n\n<div class=\"wp-block-columns is-layout-flex wp-container-core-columns-is-layout-9d6595d7 wp-block-columns-is-layout-flex\">\n<div class=\"wp-block-column is-layout-flow wp-block-column-is-layout-flow\"><\/div>\n\n\n\n<div class=\"wp-block-column is-layout-flow wp-block-column-is-layout-flow\"><div class=\"wp-block-image\">\n<figure class=\"alignleft size-full is-resized\"><a href=\"https:\/\/vilamba.weebly.com\/\" target=\"_blank\" rel=\"noreferrer noopener\"><img loading=\"lazy\" decoding=\"async\" width=\"297\" height=\"297\" src=\"https:\/\/nirananda-media.de\/wp-content\/uploads\/2023\/07\/image-5.jpg\" alt=\"\" class=\"wp-image-1660\" style=\"width:279px;height:300px\" srcset=\"https:\/\/nirananda-media.de\/wp-content\/uploads\/2023\/07\/image-5.jpg 297w, https:\/\/nirananda-media.de\/wp-content\/uploads\/2023\/07\/image-5-150x150.jpg 150w, https:\/\/nirananda-media.de\/wp-content\/uploads\/2023\/07\/image-5-100x100.jpg 100w, https:\/\/nirananda-media.de\/wp-content\/uploads\/2023\/07\/image-5-200x200.jpg 200w\" sizes=\"auto, (max-width: 297px) 100vw, 297px\" \/><\/a><figcaption class=\"wp-element-caption\"><strong>Vilamba<\/strong><\/figcaption><\/figure>\n<\/div><\/div>\n\n\n\n<div class=\"wp-block-column is-layout-flow wp-block-column-is-layout-flow\">\n<p class=\"has-text-align-left\"><a href=\"https:\/\/vilamba.weebly.com\/\" data-type=\"link\" data-id=\"https:\/\/vilamba.weebly.com\/\">Vilamba: Der Raum zwischen Gedanken &#8230;<\/a><\/p>\n<\/div>\n\n\n\n<div class=\"wp-block-column is-layout-flow wp-block-column-is-layout-flow\"><\/div>\n<\/div>\n\n\n\n<hr class=\"wp-block-separator has-alpha-channel-opacity\"\/>\n\n\n\n<div class=\"wp-block-columns is-layout-flex wp-container-core-columns-is-layout-9d6595d7 wp-block-columns-is-layout-flex\">\n<div class=\"wp-block-column is-layout-flow wp-block-column-is-layout-flow\"><\/div>\n\n\n\n<div class=\"wp-block-column is-vertically-aligned-center is-layout-flow wp-block-column-is-layout-flow\">\n<iframe style=\"border: 0; width: 350px; height: 350px;\" src=\"https:\/\/bandcamp.com\/EmbeddedPlayer\/album=2557874547\/size=large\/bgcol=ffffff\/linkcol=0687f5\/minimal=true\/transparent=true\/\" seamless><a href=\"https:\/\/victorvertunni.bandcamp.com\/album\/william-blakes-songs-of-innocence-and-of-experience\">William Blake&#39;s Songs of Innocence and of Experience von Victor Vertunni Family &amp; Friends<\/a><\/iframe>\n<\/div>\n\n\n\n<div class=\"wp-block-column is-layout-flow wp-block-column-is-layout-flow\">\n<p class=\"has-text-align-left\"><a href=\"https:\/\/victorvertunni.bandcamp.com\/\" target=\"_blank\" rel=\"noreferrer noopener\">Victor Vertunni<\/a><\/p>\n<\/div>\n\n\n\n<div class=\"wp-block-column is-layout-flow wp-block-column-is-layout-flow\"><\/div>\n<\/div>\n\n\n\n<hr class=\"wp-block-separator has-alpha-channel-opacity\"\/>\n\n\n\n<div class=\"wp-block-columns is-layout-flex wp-container-core-columns-is-layout-9d6595d7 wp-block-columns-is-layout-flex\">\n<div class=\"wp-block-column is-layout-flow wp-block-column-is-layout-flow\"><\/div>\n\n\n\n<div class=\"wp-block-column is-layout-flow wp-block-column-is-layout-flow\">\n<figure class=\"wp-block-embed alignleft is-type-video is-provider-youtube wp-block-embed-youtube wp-embed-aspect-4-3 wp-has-aspect-ratio\"><div class=\"wp-block-embed__wrapper\">\n<iframe loading=\"lazy\" title=\"Mata Ka Karam Hai\" width=\"605\" height=\"454\" src=\"https:\/\/www.youtube.com\/embed\/0xctvhb_MbA?feature=oembed\" frameborder=\"0\" allow=\"accelerometer; autoplay; clipboard-write; encrypted-media; gyroscope; picture-in-picture; web-share\" referrerpolicy=\"strict-origin-when-cross-origin\" allowfullscreen><\/iframe>\n<\/div><figcaption class=\"wp-element-caption\"><strong>Mata Ka Karam Hai<\/strong><\/figcaption><\/figure>\n<\/div>\n\n\n\n<div class=\"wp-block-column is-layout-flow wp-block-column-is-layout-flow\">\n<p class=\"has-text-align-left\">Rajiv Bagathey und die Pune-Music-Group<\/p>\n\n\n\n<p class=\"has-text-align-left\">Die Pune Music Group mit Rajiv Bagadthey bringt hier eine wunderbar gesungene Version von Meri Mata Ka Karam, einen typischen&nbsp;<a rel=\"noreferrer noopener\" href=\"https:\/\/de.wikipedia.org\/wiki\/Qawwali\" target=\"_blank\">Qawwali<\/a>&nbsp;zu Geh\u00f6r. Typisch f\u00fcr diesen urspr\u00fcnglich aus Punjab stammenden devotionalen Gesangsstil der&nbsp;<a rel=\"noreferrer noopener\" href=\"https:\/\/de.wikipedia.org\/wiki\/Sufismus\" target=\"_blank\">Sufis<\/a>&nbsp;ist der Wechselgesang zwischen Vors\u00e4nger und Chor. Wer m\u00f6chte, kann&nbsp;<a rel=\"noreferrer noopener\" href=\"https:\/\/esistanderzeit.jimdofree.com\/links-1\/musik\/meri-mata-ka-karam-hhai\/\" target=\"_blank\">hier<\/a>&nbsp;den Text mitlesen.<\/p>\n<\/div>\n\n\n\n<div class=\"wp-block-column is-layout-flow wp-block-column-is-layout-flow\"><\/div>\n<\/div>\n\n\n\n<hr class=\"wp-block-separator has-alpha-channel-opacity\"\/>\n\n\n\n<div class=\"wp-block-columns is-layout-flex wp-container-core-columns-is-layout-9d6595d7 wp-block-columns-is-layout-flex\">\n<div class=\"wp-block-column is-layout-flow wp-block-column-is-layout-flow\"><\/div>\n\n\n\n<div class=\"wp-block-column is-layout-flow wp-block-column-is-layout-flow\"><div class=\"wp-block-image\">\n<figure class=\"alignleft size-full is-resized\"><a href=\"https:\/\/sahajayogamusic.com\/\" target=\"_blank\" rel=\"noreferrer noopener\"><img loading=\"lazy\" decoding=\"async\" width=\"400\" height=\"181\" src=\"https:\/\/nirananda-media.de\/wp-content\/uploads\/2023\/07\/1639571693.jpg\" alt=\"\" class=\"wp-image-1642\" style=\"width:300px;height:136px\" srcset=\"https:\/\/nirananda-media.de\/wp-content\/uploads\/2023\/07\/1639571693.jpg 400w, https:\/\/nirananda-media.de\/wp-content\/uploads\/2023\/07\/1639571693-300x136.jpg 300w, https:\/\/nirananda-media.de\/wp-content\/uploads\/2023\/07\/1639571693-100x45.jpg 100w, https:\/\/nirananda-media.de\/wp-content\/uploads\/2023\/07\/1639571693-150x68.jpg 150w, https:\/\/nirananda-media.de\/wp-content\/uploads\/2023\/07\/1639571693-200x91.jpg 200w\" sizes=\"auto, (max-width: 400px) 100vw, 400px\" \/><\/a><figcaption class=\"wp-element-caption\"><strong>Sahaja Yoga Music<\/strong><\/figcaption><\/figure>\n<\/div><\/div>\n\n\n\n<div class=\"wp-block-column is-layout-flow wp-block-column-is-layout-flow\">\n<p><a href=\"https:\/\/sahajayogamusic.com\/\" data-type=\"link\" data-id=\"https:\/\/sahajayogamusic.com\/\">Sahaja-Yoga-Musik aus aller Welt<\/a><\/p>\n<\/div>\n\n\n\n<div class=\"wp-block-column is-layout-flow wp-block-column-is-layout-flow\"><\/div>\n<\/div>\n\n\n\n<hr class=\"wp-block-separator has-alpha-channel-opacity\"\/>\n\n\n\n<div class=\"wp-block-columns is-layout-flex wp-container-core-columns-is-layout-9d6595d7 wp-block-columns-is-layout-flex\">\n<div class=\"wp-block-column is-layout-flow wp-block-column-is-layout-flow\"><\/div>\n\n\n\n<div class=\"wp-block-column is-layout-flow wp-block-column-is-layout-flow\"><div class=\"wp-block-image\">\n<figure class=\"alignleft size-full is-resized\"><a href=\"https:\/\/preludes.jimdofree.com\/\" target=\"_blank\" rel=\"noreferrer noopener\"><img loading=\"lazy\" decoding=\"async\" width=\"446\" height=\"124\" src=\"https:\/\/nirananda-media.de\/wp-content\/uploads\/2023\/07\/image-23.jpg\" alt=\"\" class=\"wp-image-1678\" style=\"width:335px;height:93px\" srcset=\"https:\/\/nirananda-media.de\/wp-content\/uploads\/2023\/07\/image-23.jpg 446w, https:\/\/nirananda-media.de\/wp-content\/uploads\/2023\/07\/image-23-300x83.jpg 300w, https:\/\/nirananda-media.de\/wp-content\/uploads\/2023\/07\/image-23-100x28.jpg 100w, https:\/\/nirananda-media.de\/wp-content\/uploads\/2023\/07\/image-23-150x42.jpg 150w, https:\/\/nirananda-media.de\/wp-content\/uploads\/2023\/07\/image-23-200x56.jpg 200w\" sizes=\"auto, (max-width: 446px) 100vw, 446px\" \/><\/a><figcaption class=\"wp-element-caption\"><strong>Auftakte<\/strong><\/figcaption><\/figure>\n<\/div><\/div>\n\n\n\n<div class=\"wp-block-column is-layout-flow wp-block-column-is-layout-flow\">\n<p>Zehn mittelschwere Komposition f\u00fcr Akkordeon<\/p>\n<\/div>\n\n\n\n<div class=\"wp-block-column is-layout-flow wp-block-column-is-layout-flow\"><\/div>\n<\/div>\n\n\n\n<hr class=\"wp-block-separator has-alpha-channel-opacity\"\/>\n","protected":false},"excerpt":{"rendered":"<p>Musik (Links) Pure Joy Records ist eine nicht-kommerzielle die Plattform f\u00fcr Wienananda &amp;\u00a0OneTree, zwei multikulturelle spirituelle Musikgruppen aus Wien. \u200b Music of Joy ist eine einzigartige und multikulturelle Band mit Sitz in Sidney, Australien. Die dynamische Energie der Gruppe entfaltet &hellip;<\/p>\n<p class=\"read-more\"> <a class=\"more-link\" href=\"https:\/\/nirananda-media.de\/?page_id=1725\"> <span class=\"screen-reader-text\">Musik<\/span> Weiterlesen &raquo;<\/a><\/p>\n","protected":false},"author":1,"featured_media":0,"parent":0,"menu_order":0,"comment_status":"closed","ping_status":"closed","template":"","meta":{"footnotes":""},"class_list":["post-1725","page","type-page","status-publish","hentry"],"_links":{"self":[{"href":"https:\/\/nirananda-media.de\/index.php?rest_route=\/wp\/v2\/pages\/1725","targetHints":{"allow":["GET"]}}],"collection":[{"href":"https:\/\/nirananda-media.de\/index.php?rest_route=\/wp\/v2\/pages"}],"about":[{"href":"https:\/\/nirananda-media.de\/index.php?rest_route=\/wp\/v2\/types\/page"}],"author":[{"embeddable":true,"href":"https:\/\/nirananda-media.de\/index.php?rest_route=\/wp\/v2\/users\/1"}],"replies":[{"embeddable":true,"href":"https:\/\/nirananda-media.de\/index.php?rest_route=%2Fwp%2Fv2%2Fcomments&post=1725"}],"version-history":[{"count":30,"href":"https:\/\/nirananda-media.de\/index.php?rest_route=\/wp\/v2\/pages\/1725\/revisions"}],"predecessor-version":[{"id":2255,"href":"https:\/\/nirananda-media.de\/index.php?rest_route=\/wp\/v2\/pages\/1725\/revisions\/2255"}],"wp:attachment":[{"href":"https:\/\/nirananda-media.de\/index.php?rest_route=%2Fwp%2Fv2%2Fmedia&parent=1725"}],"curies":[{"name":"wp","href":"https:\/\/api.w.org\/{rel}","templated":true}]}}