{"id":1719,"date":"2023-07-15T15:16:06","date_gmt":"2023-07-15T15:16:06","guid":{"rendered":"https:\/\/nirananda-media.de\/?page_id=1719"},"modified":"2024-06-01T16:49:14","modified_gmt":"2024-06-01T16:49:14","slug":"selbst-verwirklichung-links","status":"publish","type":"page","link":"https:\/\/nirananda-media.de\/?page_id=1719","title":{"rendered":"Sahaja-Yoga-Kultur"},"content":{"rendered":"\n<hr class=\"wp-block-separator has-alpha-channel-opacity\"\/>\n\n\n\n<div class=\"wp-block-columns is-layout-flex wp-container-core-columns-is-layout-9d6595d7 wp-block-columns-is-layout-flex\">\n<div class=\"wp-block-column is-layout-flow wp-block-column-is-layout-flow\"><\/div>\n\n\n\n<div class=\"wp-block-column is-layout-flow wp-block-column-is-layout-flow\">\n<h2 class=\"wp-block-heading has-text-align-left\">Sahaja-Yoga-Kultur (Links)<\/h2>\n<\/div>\n\n\n\n<div class=\"wp-block-column is-layout-flow wp-block-column-is-layout-flow\"><\/div>\n\n\n\n<div class=\"wp-block-column is-layout-flow wp-block-column-is-layout-flow\"><\/div>\n<\/div>\n\n\n\n<hr class=\"wp-block-separator has-alpha-channel-opacity\"\/>\n\n\n\n<div class=\"wp-block-columns is-layout-flex wp-container-core-columns-is-layout-9d6595d7 wp-block-columns-is-layout-flex\">\n<div class=\"wp-block-column is-layout-flow wp-block-column-is-layout-flow\"><\/div>\n\n\n\n<div class=\"wp-block-column is-layout-flow wp-block-column-is-layout-flow\"><div class=\"wp-block-image\">\n<figure class=\"alignleft size-full\"><a href=\"https:\/\/shrimatajifoundation.org\/\" target=\"_blank\" rel=\"https:\/\/shrimatajifoundation.org\/wp-content\/uploads\/2021\/05\/SMF_Logo_CC1.1.png noreferrer noopener\"><img loading=\"lazy\" decoding=\"async\" width=\"300\" height=\"110\" src=\"https:\/\/nirananda-media.de\/wp-content\/uploads\/2023\/07\/SMF_Logo_CC1.1.png\" alt=\"\" class=\"wp-image-1818\" srcset=\"https:\/\/nirananda-media.de\/wp-content\/uploads\/2023\/07\/SMF_Logo_CC1.1.png 300w, https:\/\/nirananda-media.de\/wp-content\/uploads\/2023\/07\/SMF_Logo_CC1.1-100x37.png 100w, https:\/\/nirananda-media.de\/wp-content\/uploads\/2023\/07\/SMF_Logo_CC1.1-150x55.png 150w, https:\/\/nirananda-media.de\/wp-content\/uploads\/2023\/07\/SMF_Logo_CC1.1-200x73.png 200w\" sizes=\"auto, (max-width: 300px) 100vw, 300px\" \/><\/a><\/figure>\n<\/div><\/div>\n\n\n\n<div class=\"wp-block-column is-vertically-aligned-center is-layout-flow wp-block-column-is-layout-flow\">\n<p class=\"has-text-align-left\">Shri Mataji Nirmala Devi gr\u00fcndete 2006 die <a href=\"https:\/\/shrimatajifoundation.org\/\">Shri Mataji Nirmala Devi Sahaja Yoga World Foundation<\/a> in den Gemeinden Cabella Ligure, Albera Ligure und Daglio.<\/p>\n\n\n\n<p class=\"has-text-align-left\">Die Stiftung dient dazu, Ihre Lehren und die Praxis des Sahaja Yoga zu bewahren, zu dokumentieren und ihre Verbreitung zu f\u00f6rdern. und <\/p>\n<\/div>\n\n\n\n<div class=\"wp-block-column is-layout-flow wp-block-column-is-layout-flow\"><\/div>\n<\/div>\n\n\n\n<hr class=\"wp-block-separator has-alpha-channel-opacity\"\/>\n\n\n\n<div class=\"wp-block-columns is-layout-flex wp-container-core-columns-is-layout-9d6595d7 wp-block-columns-is-layout-flex\">\n<div class=\"wp-block-column is-layout-flow wp-block-column-is-layout-flow\"><\/div>\n\n\n\n<div class=\"wp-block-column is-layout-flow wp-block-column-is-layout-flow\"><div class=\"wp-block-image\">\n<figure class=\"alignleft size-full\"><a href=\"https:\/\/casamadre.eu\/\"><img loading=\"lazy\" decoding=\"async\" width=\"234\" height=\"42\" src=\"https:\/\/nirananda-media.de\/wp-content\/uploads\/2023\/07\/logo-sito_1-2.png\" alt=\"\" class=\"wp-image-1684\" srcset=\"https:\/\/nirananda-media.de\/wp-content\/uploads\/2023\/07\/logo-sito_1-2.png 234w, https:\/\/nirananda-media.de\/wp-content\/uploads\/2023\/07\/logo-sito_1-2-100x18.png 100w, https:\/\/nirananda-media.de\/wp-content\/uploads\/2023\/07\/logo-sito_1-2-150x27.png 150w, https:\/\/nirananda-media.de\/wp-content\/uploads\/2023\/07\/logo-sito_1-2-200x36.png 200w\" sizes=\"auto, (max-width: 234px) 100vw, 234px\" \/><\/a><\/figure>\n<\/div><\/div>\n\n\n\n<div class=\"wp-block-column is-vertically-aligned-center is-layout-flow wp-block-column-is-layout-flow\">\n<p class=\"has-text-align-left\">Auf der Basis der Lehren von Shri Mataji Nirmala Devi setzt sich <a href=\"https:\/\/casamadre.eu\/\">Casa Madre <\/a>f\u00fcr die Verbesserung von Gesellschaft und Individuen ein. Die GmbH wird gef\u00f6rdert und unterst\u00fctzt von der <a href=\"http:\/\/shrimataji.org\" target=\"_blank\" rel=\"noreferrer noopener\">Stiftung, die Shri Matajis Namen tr\u00e4gt<\/a>, sowie all den Frauen und M\u00e4nnern, die diese Lehren auf freiwilliger Basis oder als als Angestellte in die Prxis umsetzen.<\/p>\n<\/div>\n\n\n\n<div class=\"wp-block-column is-layout-flow wp-block-column-is-layout-flow\"><\/div>\n<\/div>\n\n\n\n<hr class=\"wp-block-separator has-alpha-channel-opacity\"\/>\n\n\n\n<div class=\"wp-block-columns is-layout-flex wp-container-core-columns-is-layout-9d6595d7 wp-block-columns-is-layout-flex\">\n<div class=\"wp-block-column is-layout-flow wp-block-column-is-layout-flow\"><\/div>\n\n\n\n<div class=\"wp-block-column is-layout-flow wp-block-column-is-layout-flow\"><div class=\"wp-block-image\">\n<figure class=\"alignleft size-full is-resized\"><a href=\"https:\/\/www.mothersculture.com\/\" target=\"_blank\" rel=\"noreferrer noopener\"><img loading=\"lazy\" decoding=\"async\" width=\"159\" height=\"22\" src=\"https:\/\/nirananda-media.de\/wp-content\/uploads\/2023\/07\/1638263232.png\" alt=\"\" class=\"wp-image-1638\" style=\"width:159px;height:22px\" srcset=\"https:\/\/nirananda-media.de\/wp-content\/uploads\/2023\/07\/1638263232.png 159w, https:\/\/nirananda-media.de\/wp-content\/uploads\/2023\/07\/1638263232-150x21.png 150w, https:\/\/nirananda-media.de\/wp-content\/uploads\/2023\/07\/1638263232-100x14.png 100w\" sizes=\"auto, (max-width: 159px) 100vw, 159px\" \/><\/a><\/figure>\n<\/div><\/div>\n\n\n\n<div class=\"wp-block-column is-vertically-aligned-center is-layout-flow wp-block-column-is-layout-flow\">\n<p class=\"has-text-align-left\">Die Gesellschaft publiziert insbesondere aber nicht ausschlie\u00dflich die <a href=\"https:\/\/www.mothersculture.com\/\">Kultur der Mutter<\/a>, wie sie von Shri Mataji Nirmala Devi durch Sahaja Yoga gelehrt wurde.<\/p>\n\n\n\n<p class=\"has-text-align-left\">Sie gew\u00e4hrt ungehinderten Zugang zur Kultur der Mutter und \u00fcberwindet sprachliche Unterschiede durch die \u00dcbersetzung und Verbreitung bestehender Materialien in andere Sprachen.<\/p>\n\n\n\n<p class=\"has-text-align-left\">Sie verbreitet diese Materialien durch Bibliotheken und Buchhandlungen oder anderen Aktivit\u00e4ten, die den Zielen dienen.<\/p>\n<\/div>\n\n\n\n<div class=\"wp-block-column is-layout-flow wp-block-column-is-layout-flow\"><\/div>\n<\/div>\n\n\n\n<hr class=\"wp-block-separator has-alpha-channel-opacity\"\/>\n\n\n\n<div class=\"wp-block-columns is-layout-flex wp-container-core-columns-is-layout-9d6595d7 wp-block-columns-is-layout-flex\">\n<div class=\"wp-block-column is-layout-flow wp-block-column-is-layout-flow\"><\/div>\n\n\n\n<div class=\"wp-block-column is-layout-flow wp-block-column-is-layout-flow\"><div class=\"wp-block-image\">\n<figure class=\"alignleft size-large is-resized\"><a href=\"https:\/\/www.pksacademy.com\/\" target=\"_blank\" rel=\"noreferrer noopener\"><img loading=\"lazy\" decoding=\"async\" width=\"1024\" height=\"512\" src=\"https:\/\/nirananda-media.de\/wp-content\/uploads\/2023\/07\/IMG-20170901-WA0017-panorama-1-1024x512.jpg\" alt=\"\" class=\"wp-image-1681\" style=\"width:256px;height:128px\" srcset=\"https:\/\/nirananda-media.de\/wp-content\/uploads\/2023\/07\/IMG-20170901-WA0017-panorama-1-1024x512.jpg 1024w, https:\/\/nirananda-media.de\/wp-content\/uploads\/2023\/07\/IMG-20170901-WA0017-panorama-1-300x150.jpg 300w, https:\/\/nirananda-media.de\/wp-content\/uploads\/2023\/07\/IMG-20170901-WA0017-panorama-1-768x384.jpg 768w, https:\/\/nirananda-media.de\/wp-content\/uploads\/2023\/07\/IMG-20170901-WA0017-panorama-1-100x50.jpg 100w, https:\/\/nirananda-media.de\/wp-content\/uploads\/2023\/07\/IMG-20170901-WA0017-panorama-1-150x75.jpg 150w, https:\/\/nirananda-media.de\/wp-content\/uploads\/2023\/07\/IMG-20170901-WA0017-panorama-1-200x100.jpg 200w, https:\/\/nirananda-media.de\/wp-content\/uploads\/2023\/07\/IMG-20170901-WA0017-panorama-1-450x225.jpg 450w, https:\/\/nirananda-media.de\/wp-content\/uploads\/2023\/07\/IMG-20170901-WA0017-panorama-1-600x300.jpg 600w, https:\/\/nirananda-media.de\/wp-content\/uploads\/2023\/07\/IMG-20170901-WA0017-panorama-1-900x450.jpg 900w, https:\/\/nirananda-media.de\/wp-content\/uploads\/2023\/07\/IMG-20170901-WA0017-panorama-1.jpg 1280w\" sizes=\"auto, (max-width: 1024px) 100vw, 1024px\" \/><\/a><figcaption class=\"wp-element-caption\">P. K. Save Akademie<\/figcaption><\/figure>\n<\/div><\/div>\n\n\n\n<div class=\"wp-block-column is-vertically-aligned-center is-layout-flow wp-block-column-is-layout-flow\">\n<p class=\"has-text-align-left\">Die <a href=\"https:\/\/www.pksacademy.com\/\">Shri P. K.Salve Kala Pratishthan Akademie<\/a> wurde 2003 unter der pers\u00f6nlichen F\u00fcrsorge, Anleitung und dem Segen von Shri Mataji Nirmala Devi in Vaitarna im Distrikt Thane in Maharashtra gegr\u00fcndet Die Akademie ermutigt Studenten, ihr wahres Potenzial in der indischen Kunst und Kultur zu entwickeln und zu nutzen.<\/p>\n\n\n\n<p class=\"has-text-align-left\"><em>Musik ist sehr wichtig f\u00fcr Sahaja Yoga, da sich durch Musik die Schwingungen sehr gut ausbreiten und man durch Musik sehr tief in die eigene Meditation gehen kann.<\/em><\/p>\n<\/div>\n\n\n\n<div class=\"wp-block-column is-layout-flow wp-block-column-is-layout-flow\"><\/div>\n<\/div>\n\n\n\n<hr class=\"wp-block-separator has-alpha-channel-opacity\"\/>\n\n\n\n<div class=\"wp-block-columns is-layout-flex wp-container-core-columns-is-layout-9d6595d7 wp-block-columns-is-layout-flex\">\n<div class=\"wp-block-column is-layout-flow wp-block-column-is-layout-flow\"><\/div>\n\n\n\n<div class=\"wp-block-column is-layout-flow wp-block-column-is-layout-flow\"><div class=\"wp-block-image\">\n<figure class=\"alignleft size-full is-resized\"><a href=\"https:\/\/www.nirmalprem.org\/\" target=\"_blank\" rel=\"noreferrer noopener\"><img loading=\"lazy\" decoding=\"async\" width=\"1000\" height=\"750\" src=\"https:\/\/nirananda-media.de\/wp-content\/uploads\/2023\/07\/21.webp\" alt=\"\" class=\"wp-image-1703\" style=\"width:250px;height:188px\" srcset=\"https:\/\/nirananda-media.de\/wp-content\/uploads\/2023\/07\/21.webp 1000w, https:\/\/nirananda-media.de\/wp-content\/uploads\/2023\/07\/21-300x225.webp 300w, https:\/\/nirananda-media.de\/wp-content\/uploads\/2023\/07\/21-768x576.webp 768w, https:\/\/nirananda-media.de\/wp-content\/uploads\/2023\/07\/21-100x75.webp 100w, https:\/\/nirananda-media.de\/wp-content\/uploads\/2023\/07\/21-150x113.webp 150w, https:\/\/nirananda-media.de\/wp-content\/uploads\/2023\/07\/21-200x150.webp 200w, https:\/\/nirananda-media.de\/wp-content\/uploads\/2023\/07\/21-450x338.webp 450w, https:\/\/nirananda-media.de\/wp-content\/uploads\/2023\/07\/21-600x450.webp 600w, https:\/\/nirananda-media.de\/wp-content\/uploads\/2023\/07\/21-900x675.webp 900w\" sizes=\"auto, (max-width: 1000px) 100vw, 1000px\" \/><\/a><figcaption class=\"wp-element-caption\">Heim f\u00fcr mittellose Freun und arme M\u00e4dchen<\/figcaption><\/figure>\n<\/div><\/div>\n\n\n\n<div class=\"wp-block-column is-vertically-aligned-center is-layout-flow wp-block-column-is-layout-flow\">\n<p class=\"has-text-align-left\"><a href=\"https:\/\/www.nirmalprem.org\/\">Shri Mataji Nirmala Devi hatte die Idee zur Gr\u00fcndung dieser Nicht-Regierungsorganisation, nachdem sie einer Gruppe mittelloser Frauen begegnete und von ihrer Not zutiefst ber\u00fchrt war.<\/a> Die entschloss sich, diesen Frauen und ihren Kindern ein menschenw\u00fcrdiges Leben zu erm\u00f6glichen.<\/p>\n<\/div>\n\n\n\n<div class=\"wp-block-column is-layout-flow wp-block-column-is-layout-flow\"><\/div>\n<\/div>\n\n\n\n<hr class=\"wp-block-separator has-alpha-channel-opacity\"\/>\n","protected":false},"excerpt":{"rendered":"<p>Sahaja-Yoga-Kultur (Links) Shri Mataji Nirmala Devi gr\u00fcndete 2006 die Shri Mataji Nirmala Devi Sahaja Yoga World Foundation in den Gemeinden Cabella Ligure, Albera Ligure und Daglio. Die Stiftung dient dazu, Ihre Lehren und die Praxis des Sahaja Yoga zu bewahren, &hellip;<\/p>\n<p class=\"read-more\"> <a class=\"more-link\" href=\"https:\/\/nirananda-media.de\/?page_id=1719\"> <span class=\"screen-reader-text\">Sahaja-Yoga-Kultur<\/span> Weiterlesen &raquo;<\/a><\/p>\n","protected":false},"author":1,"featured_media":0,"parent":0,"menu_order":0,"comment_status":"closed","ping_status":"closed","template":"","meta":{"footnotes":""},"class_list":["post-1719","page","type-page","status-publish","hentry"],"_links":{"self":[{"href":"https:\/\/nirananda-media.de\/index.php?rest_route=\/wp\/v2\/pages\/1719","targetHints":{"allow":["GET"]}}],"collection":[{"href":"https:\/\/nirananda-media.de\/index.php?rest_route=\/wp\/v2\/pages"}],"about":[{"href":"https:\/\/nirananda-media.de\/index.php?rest_route=\/wp\/v2\/types\/page"}],"author":[{"embeddable":true,"href":"https:\/\/nirananda-media.de\/index.php?rest_route=\/wp\/v2\/users\/1"}],"replies":[{"embeddable":true,"href":"https:\/\/nirananda-media.de\/index.php?rest_route=%2Fwp%2Fv2%2Fcomments&post=1719"}],"version-history":[{"count":21,"href":"https:\/\/nirananda-media.de\/index.php?rest_route=\/wp\/v2\/pages\/1719\/revisions"}],"predecessor-version":[{"id":2261,"href":"https:\/\/nirananda-media.de\/index.php?rest_route=\/wp\/v2\/pages\/1719\/revisions\/2261"}],"wp:attachment":[{"href":"https:\/\/nirananda-media.de\/index.php?rest_route=%2Fwp%2Fv2%2Fmedia&parent=1719"}],"curies":[{"name":"wp","href":"https:\/\/api.w.org\/{rel}","templated":true}]}}