{"id":1504,"date":"2023-07-14T06:23:09","date_gmt":"2023-07-14T06:23:09","guid":{"rendered":"https:\/\/nirananda-media.de\/?page_id=1504"},"modified":"2023-07-20T10:01:05","modified_gmt":"2023-07-20T10:01:05","slug":"ramana-maharishi-zitate","status":"publish","type":"page","link":"https:\/\/nirananda-media.de\/?page_id=1504","title":{"rendered":"Ramana Maharishi"},"content":{"rendered":"\n<div class=\"wp-block-columns is-layout-flex wp-container-core-columns-is-layout-9d6595d7 wp-block-columns-is-layout-flex\">\n<div class=\"wp-block-column is-layout-flow wp-block-column-is-layout-flow\"><\/div>\n\n\n\n<div class=\"wp-block-column is-layout-flow wp-block-column-is-layout-flow\">\n<h2 class=\"wp-block-heading has-text-align-left\">Ramana Maharishi<\/h2>\n\n\n\n<hr class=\"wp-block-separator has-alpha-channel-opacity\"\/>\n\n\n<div class=\"wp-block-image\">\n<figure class=\"alignleft size-full is-resized\"><img loading=\"lazy\" decoding=\"async\" src=\"https:\/\/nirananda-media.de\/wp-content\/uploads\/2023\/07\/579043_132855560172122_1001341706_n-1.jpg\" alt=\"\" class=\"wp-image-1475\" width=\"173\" height=\"202\" srcset=\"https:\/\/nirananda-media.de\/wp-content\/uploads\/2023\/07\/579043_132855560172122_1001341706_n-1.jpg 692w, https:\/\/nirananda-media.de\/wp-content\/uploads\/2023\/07\/579043_132855560172122_1001341706_n-1-257x300.jpg 257w, https:\/\/nirananda-media.de\/wp-content\/uploads\/2023\/07\/579043_132855560172122_1001341706_n-1-100x117.jpg 100w, https:\/\/nirananda-media.de\/wp-content\/uploads\/2023\/07\/579043_132855560172122_1001341706_n-1-150x175.jpg 150w, https:\/\/nirananda-media.de\/wp-content\/uploads\/2023\/07\/579043_132855560172122_1001341706_n-1-200x234.jpg 200w, https:\/\/nirananda-media.de\/wp-content\/uploads\/2023\/07\/579043_132855560172122_1001341706_n-1-300x350.jpg 300w, https:\/\/nirananda-media.de\/wp-content\/uploads\/2023\/07\/579043_132855560172122_1001341706_n-1-450x525.jpg 450w, https:\/\/nirananda-media.de\/wp-content\/uploads\/2023\/07\/579043_132855560172122_1001341706_n-1-600x701.jpg 600w\" sizes=\"auto, (max-width: 173px) 100vw, 173px\" \/><\/figure>\n<\/div><\/div>\n\n\n\n<div class=\"wp-block-column is-layout-flow wp-block-column-is-layout-flow\"><\/div>\n<\/div>\n\n\n\n<hr class=\"wp-block-separator has-alpha-channel-opacity\"\/>\n\n\n\n<div class=\"wp-block-columns is-layout-flex wp-container-core-columns-is-layout-9d6595d7 wp-block-columns-is-layout-flex\">\n<div class=\"wp-block-column is-layout-flow wp-block-column-is-layout-flow\"><\/div>\n\n\n\n<div class=\"wp-block-column is-layout-flow wp-block-column-is-layout-flow\">\n<h1 class=\"wp-block-heading has-text-align-left\">\u00dcbernat\u00fcrliche Kr\u00e4fte<\/h1>\n\n\n\n<p class=\"has-text-align-left\">Selbstverwirklichung oder spirituelles Wachstum haben ebenfalls nichts mit okkulten Praktiken, \u00fcbernat\u00fcrlichen Kr\u00e4ften oder au\u00dfersinnlichen Wahrnehmungen zu tun \u2026 Spirituelle Medien, Geisterbeschw\u00f6rer, Hypnotiker, Hellseher oder auch Geistheiler [arbeiten] in Randbereichen des subtilen Systems (Unterbewusstsein, \u00dcberbewusstsein), die nicht auf dem zentralen Pfad der Evolution liegen \u2026 oder sie arbeiten mit Schwarzer (oder auch &#8218;Wei\u00dfer&#8216;) Magie oder tantrischen Prinzipien.\u2026 Shri Ramana Maharshi, einer der wenigen wahren spirituellen Meister \u2026 der Neuzeit, wurde von Samuel S. Jones [einmal]&nbsp;hinsichtlich der F\u00e4higkeit gefragt, sich unsichtbar zu machen:<\/p>\n\n\n\n<p class=\"has-text-align-left\">S. Jones:<\/p>\n\n\n\n<p class=\"has-text-align-left\"><em>Es gibt Menschen, die sich unsichtbar machen k\u00f6nnen. Das vermochten unter anderen die Weisen Valmiki und Vasishta. Kann diese F\u00e4higkeit als Beweis f\u00fcr h\u00f6chste Weisheit (jnana) gelten?<\/em><\/p>\n\n\n\n<p class=\"has-text-align-left\">Ramana Maharshi<\/p>\n\n\n\n<p class=\"has-text-align-left\"><em>Nein, sonst w\u00e4ren alle, die ihr Leben vor den Augen ihrer Mitmenschen verbringen, Nicht-Weise (ajnanis). Es war wohl das Schicksal dieser Weisen, neben ihrer Weisheit \u00fcbernat\u00fcrliche Kr\u00e4fte (siddhis) zu entwickeln. Warum aber etwas erstreben, was unwesentlich ist, wahrscheinlich sogar hinderlich auf dem Weg zur wahren Erkenntnis?<\/em><\/p>\n\n\n\n<hr class=\"wp-block-separator has-alpha-channel-opacity\"\/>\n<\/div>\n\n\n\n<div class=\"wp-block-column is-layout-flow wp-block-column-is-layout-flow\"><\/div>\n<\/div>\n","protected":false},"excerpt":{"rendered":"<p>Ramana Maharishi \u00dcbernat\u00fcrliche Kr\u00e4fte Selbstverwirklichung oder spirituelles Wachstum haben ebenfalls nichts mit okkulten Praktiken, \u00fcbernat\u00fcrlichen Kr\u00e4ften oder au\u00dfersinnlichen Wahrnehmungen zu tun \u2026 Spirituelle Medien, Geisterbeschw\u00f6rer, Hypnotiker, Hellseher oder auch Geistheiler [arbeiten] in Randbereichen des subtilen Systems (Unterbewusstsein, \u00dcberbewusstsein), die nicht &hellip;<\/p>\n<p class=\"read-more\"> <a class=\"more-link\" href=\"https:\/\/nirananda-media.de\/?page_id=1504\"> <span class=\"screen-reader-text\">Ramana Maharishi<\/span> Weiterlesen &raquo;<\/a><\/p>\n","protected":false},"author":1,"featured_media":0,"parent":0,"menu_order":0,"comment_status":"closed","ping_status":"closed","template":"","meta":{"footnotes":""},"class_list":["post-1504","page","type-page","status-publish","hentry"],"_links":{"self":[{"href":"https:\/\/nirananda-media.de\/index.php?rest_route=\/wp\/v2\/pages\/1504","targetHints":{"allow":["GET"]}}],"collection":[{"href":"https:\/\/nirananda-media.de\/index.php?rest_route=\/wp\/v2\/pages"}],"about":[{"href":"https:\/\/nirananda-media.de\/index.php?rest_route=\/wp\/v2\/types\/page"}],"author":[{"embeddable":true,"href":"https:\/\/nirananda-media.de\/index.php?rest_route=\/wp\/v2\/users\/1"}],"replies":[{"embeddable":true,"href":"https:\/\/nirananda-media.de\/index.php?rest_route=%2Fwp%2Fv2%2Fcomments&post=1504"}],"version-history":[{"count":8,"href":"https:\/\/nirananda-media.de\/index.php?rest_route=\/wp\/v2\/pages\/1504\/revisions"}],"predecessor-version":[{"id":2044,"href":"https:\/\/nirananda-media.de\/index.php?rest_route=\/wp\/v2\/pages\/1504\/revisions\/2044"}],"wp:attachment":[{"href":"https:\/\/nirananda-media.de\/index.php?rest_route=%2Fwp%2Fv2%2Fmedia&parent=1504"}],"curies":[{"name":"wp","href":"https:\/\/api.w.org\/{rel}","templated":true}]}}