{"id":1474,"date":"2023-07-14T05:51:05","date_gmt":"2023-07-14T05:51:05","guid":{"rendered":"https:\/\/nirananda-media.de\/?page_id=1474"},"modified":"2023-07-20T10:03:02","modified_gmt":"2023-07-20T10:03:02","slug":"leseecke","status":"publish","type":"page","link":"https:\/\/nirananda-media.de\/?page_id=1474","title":{"rendered":"Shri Mataji Nirmala Devi"},"content":{"rendered":"\n<div class=\"wp-block-columns is-layout-flex wp-container-core-columns-is-layout-9d6595d7 wp-block-columns-is-layout-flex\">\n<div class=\"wp-block-column is-layout-flow wp-block-column-is-layout-flow\"><\/div>\n\n\n\n<div class=\"wp-block-column is-layout-flow wp-block-column-is-layout-flow\">\n<h2 class=\"wp-block-heading has-text-align-left\">Shri Mataji Nirmala Devi<\/h2>\n\n\n<div class=\"wp-block-image\">\n<figure class=\"alignleft size-large is-resized\"><img loading=\"lazy\" decoding=\"async\" src=\"https:\/\/nirananda-media.de\/wp-content\/uploads\/2023\/07\/broschuere_2019_0511-001-e1689313655279-953x1024.jpg\" alt=\"\" class=\"wp-image-1230\" width=\"238\" height=\"256\" srcset=\"https:\/\/nirananda-media.de\/wp-content\/uploads\/2023\/07\/broschuere_2019_0511-001-e1689313655279-953x1024.jpg 953w, https:\/\/nirananda-media.de\/wp-content\/uploads\/2023\/07\/broschuere_2019_0511-001-e1689313655279-279x300.jpg 279w, https:\/\/nirananda-media.de\/wp-content\/uploads\/2023\/07\/broschuere_2019_0511-001-e1689313655279-768x825.jpg 768w, https:\/\/nirananda-media.de\/wp-content\/uploads\/2023\/07\/broschuere_2019_0511-001-e1689313655279-100x107.jpg 100w, https:\/\/nirananda-media.de\/wp-content\/uploads\/2023\/07\/broschuere_2019_0511-001-e1689313655279-150x161.jpg 150w, https:\/\/nirananda-media.de\/wp-content\/uploads\/2023\/07\/broschuere_2019_0511-001-e1689313655279-200x215.jpg 200w, https:\/\/nirananda-media.de\/wp-content\/uploads\/2023\/07\/broschuere_2019_0511-001-e1689313655279-300x322.jpg 300w, https:\/\/nirananda-media.de\/wp-content\/uploads\/2023\/07\/broschuere_2019_0511-001-e1689313655279-450x484.jpg 450w, https:\/\/nirananda-media.de\/wp-content\/uploads\/2023\/07\/broschuere_2019_0511-001-e1689313655279-600x645.jpg 600w, https:\/\/nirananda-media.de\/wp-content\/uploads\/2023\/07\/broschuere_2019_0511-001-e1689313655279-900x967.jpg 900w, https:\/\/nirananda-media.de\/wp-content\/uploads\/2023\/07\/broschuere_2019_0511-001-e1689313655279.jpg 1207w\" sizes=\"auto, (max-width: 238px) 100vw, 238px\" \/><\/figure>\n<\/div><\/div>\n\n\n\n<div class=\"wp-block-column is-layout-flow wp-block-column-is-layout-flow\"><\/div>\n<\/div>\n\n\n\n<hr class=\"wp-block-separator has-alpha-channel-opacity\"\/>\n\n\n\n<div class=\"wp-block-columns is-layout-flex wp-container-core-columns-is-layout-9d6595d7 wp-block-columns-is-layout-flex\">\n<div class=\"wp-block-column is-layout-flow wp-block-column-is-layout-flow\"><\/div>\n\n\n\n<div class=\"wp-block-column is-layout-flow wp-block-column-is-layout-flow\">\n<h2 class=\"wp-block-heading has-text-align-left\">Tagore und Buddha<\/h2>\n\n\n\n<p class=\"has-text-align-left\">&#8230;<\/p>\n\n\n\n<p class=\"has-text-align-left\"><em>For example Rabindranath Tagore, in the beginning he writes, \u201cHow, when will I meet you my friend?\u201d and all that.<\/em><\/p>\n\n\n\n<p class=\"has-text-align-left\"><em>What you call the separation song, [&#8230;]. And then after some time, suddenly he gets his realization, because he becomes subtler and subtler and subtler. Then he writes about his meeting, his meeting the Spirit and he writes about it. So these things work out in such a manner for some people that by their subtleties they arrive at a point of realization.<\/em><\/p>\n\n\n\n<p class=\"has-text-align-left\"><em>Same thing happened with Buddha. He did the same thing. He renounced everything, renounced His family went out, read Upanishads this, that. Everything He read and ultimately reached Gaya where He was sleeping under a banyan tree. And while sleeping only, He was so tired and fed up, He got his realization. And that\u2019s what is very important.<\/em><\/p>\n\n\n\n<p class=\"has-text-align-left\"><em>But for the Buddhists what He did before going there is important. So they also want to also renounce this and become sanyasis, this, that. But by becoming that, nothing is going to happen, this going to Gaya and sleeping there- also won\u2019t happen. It has to happen because He was a pure seeker, true seeker and that\u2019s why it happened.<\/em><\/p>\n\n\n\n<p class=\"has-text-align-left\">&#8230;<\/p>\n\n\n\n<p class=\"has-text-align-left\">Rabindranath Tagore schreibt anfangs: &#8222;Wie und wann kann ich Dich treffen, mein Freund?&#8220;, Lieder des Getrenntseins, wie ihr sie nennt. &#8230; Sp\u00e4ter bekam er seine Realisation, denn er wurde immer subtiler. Dann schrieb er \u00fcber das Zusammentreffen, seine Begegnung mit dem Geist. F\u00fcr manche Menschen entwickeln sich diese Dinge in solcher Weise, dass sie durch ihre Feinsinnigkeit einen Punkt der Realisation erreichen.<\/p>\n\n\n\n<p class=\"has-text-align-left\">Dasselbe geschah mit Buddha. Er entsagte Seiner Familie und allem anderen. Er ging hinaus&nbsp;und studierte die&nbsp;<em>Upanishaden<\/em>&nbsp;und viele andere Schriften. Letztendlich erreichte Er Gaya&nbsp;und schlief unter einem Banyan-Baum, weil Er m\u00fcde war und genug von allem hatte &#8211;&nbsp;und w\u00e4hrend Er schlief, erhielt Er seine Realisation. Das ist es, was von Bedeutung ist!<\/p>\n\n\n\n<p class=\"has-text-align-left\">Doch f\u00fcr die Buddhisten ist wichtig, was Er zuvor getan hatte. Auch sie wollen allem entsagen und&nbsp;<em>Sanyasis<\/em>&nbsp;werden. Doch dadurch&nbsp;wird nichts geschehen. Auch wenn man nach Gaya geht und dort schl\u00e4ft, wird es nicht geschehen. Es geschah, weil Buddha ein reiner und&nbsp; wahrer Sucher war. &#8230;<\/p>\n\n\n\n<hr class=\"wp-block-separator has-alpha-channel-opacity\"\/>\n\n\n\n<h2 class=\"wp-block-heading has-text-align-left\">Diwali<\/h2>\n\n\n\n<p class=\"has-text-align-left\">\u2026&nbsp;<em>Diwali<\/em>&nbsp;ist von gro\u00dfer Bedeutung, denn heute ist der dunkelste Tag, die dunkelste und l\u00e4ngste Nacht. Um das zu beenden, z\u00fcnden sie Lichter an. Die Atmosph\u00e4re ist dunkel und schwarz, die Sonne verschwunden. Deshalb z\u00fcnden sie diese Lichter an. Genauso ist es mit dem&nbsp;<em>Kali Yuga<\/em>. Man kann sich das&nbsp;<em>Kali Yuga<\/em>&nbsp;auch als einen Tag vorstellen. Alles ist dunkel und schrecklich und es gibt viele Probleme. Es hat unser Leben ganz elendig gemacht und wir wissen nicht, wie wir leben sollen. In diesem Moment ist es notwendig, die Menschen zu erleuchten. Das&nbsp;<em>Kali Yuga<\/em>&nbsp;ist jetzt am schlimmsten. Sogar die Dinge, die die Menschen im Namen Gottes tun, sind schockierend. Doch das ist das&nbsp;<em>Kali Yuga<\/em>, in dem wir das Gef\u00fchl f\u00fcr die Richtung vollst\u00e4ndig verloren haben. Wir wissen nicht, welchen Weg wir gehen.<\/p>\n\n\n\n<p class=\"has-text-align-left\">Wir machen alle m\u00f6glichen falschen Dinge und glauben, dass es in Ordnung ist. &#8222;Was ist schon falsch dabei?&#8220; Alles, was man ihnen erz\u00e4hlt &#8211; &#8222;Was ist schon falsch dabei?&#8220; Wenn man ihnen sagt: \u201cMach das nicht\u201c, dann fragen sie: &#8222;Warum nicht?&#8220;<\/p>\n\n\n\n<p class=\"has-text-align-left\">Alle sind sehr individualistisch geworden. Doch eigentlich sind sie es nicht, weil sie alle einer Mode folgen, einem Stil. Sie sind keine Individualisten, sondern Sklaven. Sie glauben zwar, dass sie v\u00f6llig unabh\u00e4ngig und freie Menschen sind und dass sie machen k\u00f6nnen, was sie wollen. Doch was ist als Ergebnis dieser Vorstellung von Freiheit im&nbsp;<em>Kali Yuga<\/em>&nbsp;aus ihnen geworden? Sie wurden extrem h\u00e4sslich. Die Dinge, die sie im&nbsp;<em>Kali Yuga<\/em>&nbsp;machen, sind unglaublich. Sogar als Priester in der Kirche \u2013 dieses und jenes \u2013, sie sind so entsetzlich unmoralisch geworden, dass man einfach nicht glauben kann, wie das im Namen oder unter dem Dach Gottes passieren kann. Doch es hat begonnen. Das ist das&nbsp;<em>Kali Yuga<\/em>. Und dieses&nbsp;<em>Kali Yuga<\/em>&nbsp;muss beendet werden.<\/p>\n\n\n\n<p class=\"has-text-align-left\">Um diese n\u00e4chtliche Finsternis zu beenden, stellen wir Lichter auf. Auf die gleiche Art sollen die Menschen erleuchtet werden. In ihrem Herzen soll Licht sein. Sobald sie erleuchtet sind, wird diese Finsternis, unter der wir aufgrund unserer Unwissenheit leiden, aufh\u00f6ren; und wir werden \u00fcber das absolute Wissen verf\u00fcgen. Dieses neue Zeitalter, von dem wir reden, ist hier, genau jetzt und hier. Alle erleuchteten Menschen werden zusammen sein, und sie werden wissen, was Licht, was wirkliches Wissen ist \u2013&nbsp;<em>Gyana<\/em>. Also ist unser Weg der des Wissens &#8211; eines Wissens, das Liebe, das Mitgef\u00fchl ist. Das m\u00fcssen wir verstehen. Wir haben einen neuen Bereich, eine andere Arena betreten, in die alle Gepl\u00e4nkel und Schwierigkeiten des&nbsp;<em>Kali Yuga<\/em>&nbsp;nicht eindringen k\u00f6nnen. Es regnet drau\u00dfen, nicht hier drinnen. Wir sind jetzt nicht nur frei, sondern alles, was wir tun, geschieht in v\u00f6lliger Freiheit, wo wir nicht an irgendetwas gebunden sind, das uns entw\u00fcrdigt und unseren Zugriff auf die Wahrheit lockert. Wenn eine solche Pers\u00f6nlichkeit einbezogen wird, dann verschwinden alle Vorstellungen des&nbsp;<em>Kali Yugas<\/em>.<\/p>\n\n\n\n<p class=\"has-text-align-left\">Doch ich muss darauf hinweisen, dass gleichzeitig das J\u00fcngste Gericht stattfindet. Diejenigen, die die Wahrheit akzeptieren, sich innerhalb ihrer Grenzen bewegen und in ihr wachsen, werden \u00fcbrigbleiben, alle anderen werden umkommen. Es ist bereits gesagt worden. Wenn man einen Garten mit ein paar B\u00e4ume hat, die gut ged\u00fcngt werden, viel Wasser und Liebe bekommen und die auch den Menschen so viel geben, dann bleiben sie erhalten. Die anderen werden verbrannt und ausgerissen. Genauso m\u00fcsst ihr zuerst die Liebe akzeptieren, sie annehmen, euch selbst daran n\u00e4hren, und dann gebt ihr sie an andere weiter. Das ist eine einfache M\u00f6glichkeit, die Fl\u00fcche des&nbsp;<em>Kali Yugas<\/em>&nbsp;zu \u00fcberwinden.<\/p>\n\n\n\n<p class=\"has-text-align-left\">Das&nbsp;<em>Kali Yuga<\/em>&nbsp;ist so voller Dunkelheit, dass wir anfangen, gegenseitig auf uns einzuschlagen. Z. B. sitzt ihr hier und auf einmal wird es dunkel. Dann w\u00fcrdet ihr gar nicht wissen, wie ihr euch bewegen sollt, ob ihr andere ansto\u00dft oder nicht, neben wem ihr sitzt \u2013 gar nichts. Genauso ist es mit der Dunkelheit im Herzen, im Verstand. Man wei\u00df nicht, wo man ist, was man tut, was man tun sollte und schl\u00e4gt weiter auf andere ein wie in einem Amoklauf. Das ist die Bedeutung des&nbsp;<em>Kali Yugas<\/em>. Und wer dies durchschaut und sich davon befreit, ist ein&nbsp;<em>Sahaja Yogi<\/em>. Doch wenn ihr immer noch denselben Randbereichen fr\u00f6nt, den gleichen Kreisen von Unausgeglichenheit, seid ihr genauso wie die anderen.<\/p>\n\n\n\n<p class=\"has-text-align-left\">Eine andere Seite des&nbsp;<em>Kali Yugas<\/em>&nbsp;besteht darin, dass man es sich einfach nicht selber zuschreibt, wenn man einen Schlag abbekommt oder sogar zerst\u00f6rt wird. So entwickelt man eine neue schreckliche Einstellung, durch die man andere verantwortlich macht, aber niemals sich selbst. Es ist dein Fehler, dass du dich st\u00f6\u00dft. Du selbst bist es, der falsch gehandelt hat. Das ist das, was wir Illusion nennen \u2013&nbsp;<em>Bhraanti<\/em>. Und diese Illusion muss verschwinden. Vom&nbsp;<em>Kali Yuga<\/em>&nbsp;wird gesagt, dass es das Zeitalter der Illusionen ist, und wenn du dich darin verstrickst, dann ist es aus mit dir. Doch wenn du die Illusion erkennst, dann bem\u00fchst du dich, die Wahrheit zu suchen. Das ist der Grund, warum das Suchen heute so stark ausgepr\u00e4gt ist, denn sie f\u00fchlen, dass es eine Illusion ist. Sie wissen, dass es nicht die Wahrheit ist. Und wenn man das einmal wei\u00df, was macht man dann? Man m\u00f6chte wissen, was und wo die Wahrheit ist und bem\u00fcht sich, sie zu finden. Das ist alles. Darum hat in diesem&nbsp;<em>Kali Yuga<\/em>&nbsp;auch das Suchen angefangen.<\/p>\n\n\n\n<p class=\"has-text-align-left\">Die Geschichte vom&nbsp;<em>Kali Yuga<\/em>&nbsp;wird auch in einer anderen&nbsp;<em>Purana<\/em>, der&nbsp;<em>Damayanti Purana<\/em>&nbsp;erz\u00e4hlt. Damayanti, die Frau von Nala, wurde durch dieselben, von Kali geschaffen&nbsp;Illusionen von ihm getrennt.&nbsp;Eines Tages bekam Nala diesen schrecklichen Kali in die Finger und sagte: &#8222;Jetzt werde ich dich erw\u00fcrgen und Schluss mit dir machen.&#8220; &#8222;In Ordnung, dass kannst du tun. Doch zuerst h\u00f6re dir mein&nbsp;<em>Mahatmyam<\/em>&nbsp;an, welche Bedeutung ich habe und warum ich hier bin&#8220;,&nbsp;sagte Kali, und&nbsp;Nala wartete und war einverstanden. \u2013 \u201eWenn du mir zuh\u00f6rst, erz\u00e4hle ich es dir. \u2013 Wenn ich komme und die Welt regiere, also im&nbsp;<em>Kali Yuga<\/em>, werden die Menschen in&nbsp;<em>Bhraanti<\/em>, in Verwirrung verstrickt werden. Sie werden nicht wissen, was wahr ist und was nicht. Dann werden sie sich bem\u00fchen, nach der Wahrheit zu suchen. Und zwar nicht nur die Leute, die in den Dschungel gehen und allem entsagen, sondern es wird noch eine andere Sorte geben. Die Menschen, die diese Art der Suche betreiben, werden im&nbsp;<em>Kali Yuga<\/em>&nbsp;geboren und normale Haush\u00e4lter sein und allen Illusionen verfallen. Doch wenn sie sich darin verstricken, fangen sie an zu suchen, weil sie erkennen, dass das die Unwahrheit ist und sie werden nach der Wahrheit suchen. Nur in dieser Zeit werden sie ihre&nbsp;<a href=\"https:\/\/www.nirananda-media.de\/selbst-verwirklichung\/\">Selbst-Verwirklichung<\/a>&nbsp;erhalten.&#8220;<\/p>\n\n\n\n<p class=\"has-text-align-left\">Das sagte Kali ganz klar vor ein paar tausend Jahren. Also ist das&nbsp;<em>Kali Yuga<\/em>&nbsp;eine Zeit, in der die Menschen ihre Selbst-Verwirklichung bekommen k\u00f6nnen. Sie werden sich selbst erkennen und wissen, was wahr ist. Das wurde vor langer Zeit gesagt und ihr k\u00f6nnt sehen, wie es jetzt geschieht. Darin also liegt die Bedeutung dieser Zeit. Denn, wenn ihr in Ordnung seid, im&nbsp;<em>Satya Yuga<\/em>&nbsp;(oder auch hier), dann sucht ihr nicht. Ihr akzeptiert alles, seid gehorsam und gute Menschen, fertig.&nbsp;Doch im&nbsp;<em>Kali Yuga<\/em>&nbsp;fangt ihr wirklich an, nach der absoluten Wahrheit zu suchen. Und das ist der Grund, warum diese Lichter diese Art von Charakter oder &#8211; wir k\u00f6nnen auch sagen &#8211; die Seele darstellen, die erleuchtet wird. Ihr seid erleuchtete Seelen. Das ist&nbsp;<em>Diwali<\/em>&nbsp;f\u00fcr mich. Wenn die Menschen erleuchtet sind, das ist&nbsp;<em>Diwali<\/em>. Wenn die ganze Dunkelheit des&nbsp;<em>Kali Yugas<\/em>&nbsp;verscheucht wird und ihr alle die Sch\u00f6nheit und Freude des&nbsp;<em>Kali Yugas<\/em>&nbsp;genie\u00dft.<\/p>\n\n\n\n<p class=\"has-text-align-left\">Ich sollte sagen, dass es sehr, sehr symbolisch ist, dass&nbsp;<em>Diwali<\/em>&nbsp;bereits begonnen hat. Wir haben viele Lichter und wir m\u00fcssen noch mehr bekommen \u2013 nicht weil wir zu wenig Licht haben. Warum nehmen wir mehr Lichter? Warum wollen wir das? Weil alle gerettet werden m\u00fcssen. Unser Bem\u00fchen ist es, jeden einzelnen von ihnen zu retten \u2026<\/p>\n\n\n\n<hr class=\"wp-block-separator has-alpha-channel-opacity\"\/>\n\n\n\n<h2 class=\"wp-block-heading has-text-align-left\">Falsche Gurus und Guru-Shopping<\/h2>\n\n\n\n<p class=\"has-text-align-left\">&#8230; Von falschen Gurus abgesehen muss von Seiten der Sucher her auch das beliebte wahllose Guru-Shopping in Frage gestellt werden, das unkritische Sucher teilweise praktizieren. Manche w\u00e4hlen ihre Gurus sogar nach &#8222;spirituellen Sonderangeboten&#8220; aus und fallen so erst recht Scharlatanen in die H\u00e4nde. Sie verk\u00fcnden exotische Wahrheiten, die aber eigentlich auch niemand ernsthaft nachpr\u00fcfen kann oder will. Nebenbei wird das Bankkonto der J\u00fcnger geleert, was sie im Namen ihrer erhofften Erl\u00f6sung oder Befreiung auch bereitwillig geschehen lassen. Wahre spirituelle Wahrheit gibt es nicht zu kaufen oder ist nicht nur Reichen vorbehalten, die es sich leisten k\u00f6nnen &#8230;<\/p>\n\n\n\n<p class=\"has-text-align-left\">&#8230; Die Reichen f\u00fcllten f\u00fcr ihre spirituelle Zukunft tats\u00e4chlich die Bankkonten falscher Gurus. Die Naivit\u00e4t dieser Menschen ist kaum nachzuvollziehen, wenn man darin nicht eine Art verschleierten Egoismus sieht. Sie glauben vielleicht, sich ihr Heil ohne weitere Anstrengungen erkaufen zu k\u00f6nnen, wenn sie ihr \u00fcbersch\u00fcssiges Geld oder zumindest den Gro\u00dfteil davon ihrem Guru geben. Wie sagte doch Christus: &#8222;Es ist leichter, dass ein Kamel durchs Nadel\u00f6hr geht, als dass ein Reicher ins Reich Gottes eintritt.&#8220; &#8230;&nbsp;<\/p>\n\n\n\n<hr class=\"wp-block-separator has-alpha-channel-opacity\"\/>\n<\/div>\n\n\n\n<div class=\"wp-block-column is-layout-flow wp-block-column-is-layout-flow\"><\/div>\n<\/div>\n","protected":false},"excerpt":{"rendered":"<p>Shri Mataji Nirmala Devi Tagore und Buddha &#8230; For example Rabindranath Tagore, in the beginning he writes, \u201cHow, when will I meet you my friend?\u201d and all that. What you call the separation song, [&#8230;]. And then after some time, &hellip;<\/p>\n<p class=\"read-more\"> <a class=\"more-link\" href=\"https:\/\/nirananda-media.de\/?page_id=1474\"> <span class=\"screen-reader-text\">Shri Mataji Nirmala Devi<\/span> Weiterlesen &raquo;<\/a><\/p>\n","protected":false},"author":1,"featured_media":0,"parent":0,"menu_order":0,"comment_status":"closed","ping_status":"closed","template":"","meta":{"footnotes":""},"class_list":["post-1474","page","type-page","status-publish","hentry"],"_links":{"self":[{"href":"https:\/\/nirananda-media.de\/index.php?rest_route=\/wp\/v2\/pages\/1474","targetHints":{"allow":["GET"]}}],"collection":[{"href":"https:\/\/nirananda-media.de\/index.php?rest_route=\/wp\/v2\/pages"}],"about":[{"href":"https:\/\/nirananda-media.de\/index.php?rest_route=\/wp\/v2\/types\/page"}],"author":[{"embeddable":true,"href":"https:\/\/nirananda-media.de\/index.php?rest_route=\/wp\/v2\/users\/1"}],"replies":[{"embeddable":true,"href":"https:\/\/nirananda-media.de\/index.php?rest_route=%2Fwp%2Fv2%2Fcomments&post=1474"}],"version-history":[{"count":11,"href":"https:\/\/nirananda-media.de\/index.php?rest_route=\/wp\/v2\/pages\/1474\/revisions"}],"predecessor-version":[{"id":2050,"href":"https:\/\/nirananda-media.de\/index.php?rest_route=\/wp\/v2\/pages\/1474\/revisions\/2050"}],"wp:attachment":[{"href":"https:\/\/nirananda-media.de\/index.php?rest_route=%2Fwp%2Fv2%2Fmedia&parent=1474"}],"curies":[{"name":"wp","href":"https:\/\/api.w.org\/{rel}","templated":true}]}}