{"id":1326,"date":"2023-07-12T08:12:16","date_gmt":"2023-07-12T08:12:16","guid":{"rendered":"https:\/\/nirananda-media.de\/?page_id=1326"},"modified":"2023-07-13T20:40:18","modified_gmt":"2023-07-13T20:40:18","slug":"linda-williams","status":"publish","type":"page","link":"https:\/\/nirananda-media.de\/?page_id=1326","title":{"rendered":"Linda Williams"},"content":{"rendered":"\n<hr class=\"wp-block-separator has-alpha-channel-opacity\"\/>\n\n\n\n<h2 class=\"wp-block-heading\">Linda Williams, Gro\u00dfbritannien<\/h2>\n\n\n\n<hr class=\"wp-block-separator has-alpha-channel-opacity\"\/>\n\n\n\n<div class=\"wp-block-columns is-layout-flex wp-container-core-columns-is-layout-9d6595d7 wp-block-columns-is-layout-flex\">\n<div class=\"wp-block-column is-layout-flow wp-block-column-is-layout-flow\" style=\"flex-basis:11%\"><\/div>\n\n\n\n<div class=\"wp-block-column is-layout-flow wp-block-column-is-layout-flow\" style=\"flex-basis:22.33%\"><div class=\"wp-block-image\">\n<figure class=\"aligncenter size-full\"><img loading=\"lazy\" decoding=\"async\" width=\"160\" height=\"160\" src=\"https:\/\/nirananda-media.de\/wp-content\/uploads\/2023\/07\/1636285384.jpg\" alt=\"\" class=\"wp-image-1275\" srcset=\"https:\/\/nirananda-media.de\/wp-content\/uploads\/2023\/07\/1636285384.jpg 160w, https:\/\/nirananda-media.de\/wp-content\/uploads\/2023\/07\/1636285384-150x150.jpg 150w, https:\/\/nirananda-media.de\/wp-content\/uploads\/2023\/07\/1636285384-100x100.jpg 100w\" sizes=\"auto, (max-width: 160px) 100vw, 160px\" \/><figcaption class=\"wp-element-caption\">Linda Williams<\/figcaption><\/figure>\n<\/div><\/div>\n\n\n\n<div class=\"wp-block-column is-layout-flow wp-block-column-is-layout-flow\" style=\"flex-basis:16.67%\">\n<p>Linda Williams lebt heute in London.&nbsp;<\/p>\n\n\n\n<hr class=\"wp-block-separator has-alpha-channel-opacity\"\/>\n\n\n\n<p>Sie besuchte viele L\u00e4ndern und verbrachte unter anderem einige Jahre in indischen D\u00f6rfern, Klein- und Gro\u00dfst\u00e4dten sowie in S\u00fcdafrika und Italien.<\/p>\n\n\n\n<hr class=\"wp-block-separator has-alpha-channel-opacity\"\/>\n\n\n\n<p>In Kapstadt unterst\u00fctze sie die Jahre des Kampfes gegen die Apartheid. Mit mutigen Menschen arbeite sie dort im Kampf f\u00fcr Gerechtigkeit zusammen.<\/p>\n<\/div>\n\n\n\n<div class=\"wp-block-column is-layout-flow wp-block-column-is-layout-flow\" style=\"flex-basis:16.67%\">\n<p>Diese Welten&nbsp;unterschieden sich sehr von der selbstgef\u00e4lligen und -zufriedenen Welt einer englischen Oberschicht der zweiten H\u00e4lfte des 20. Jahrhunderts. <\/p>\n\n\n\n<hr class=\"wp-block-separator has-alpha-channel-opacity\"\/>\n\n\n\n<p>Dort erlebte sie eine privilegierte Kindheit erlebte und eine anspruchsvolle private Ausbildung genoss &#8211; mit Ponys und Hunden im l\u00e4ndlichen England.&nbsp;<\/p>\n<\/div>\n\n\n\n<div class=\"wp-block-column is-layout-flow wp-block-column-is-layout-flow\" style=\"flex-basis:16.67%\">\n<p>Zu dieser Zeit begegnete sie gerade ver\u00f6ffentlichten literarischen Meilensteine und tauchte ein in die Welt von C. S. Lewis&#8216;&nbsp;<em>Chroniken von Narnia&nbsp;<\/em>und J. R. R. Tolkiens&nbsp;<em>Herr der Ringe<\/em>.<\/p>\n\n\n\n<hr class=\"wp-block-separator has-alpha-channel-opacity\"\/>\n\n\n\n<p>In den Nachwehen des Zweiten Weltkrieges, im Schatten des Kalten Krieges und der realen M\u00f6glichkeit eines Atomkrieges suchte auch Linda Williams seit ihren Teenagerjahren nach Antworten auf die gro\u00dfen Fragen: Was ist der Sinn des menschlichen Daseins und wie k\u00f6nnen wir diese Welt in eine bessere verwandeln?<\/p>\n<\/div>\n\n\n\n<div class=\"wp-block-column is-layout-flow wp-block-column-is-layout-flow\" style=\"flex-basis:16.67%\"><\/div>\n<\/div>\n\n\n\n<hr class=\"wp-block-separator aligncenter has-alpha-channel-opacity\"\/>\n\n\n\n<div class=\"wp-block-columns are-vertically-aligned-center is-layout-flex wp-container-core-columns-is-layout-9d6595d7 wp-block-columns-is-layout-flex\">\n<div class=\"wp-block-column is-vertically-aligned-center is-layout-flow wp-block-column-is-layout-flow\"><\/div>\n\n\n\n<div class=\"wp-block-column is-vertically-aligned-center is-layout-flow wp-block-column-is-layout-flow\">\n<div class=\"wp-block-buttons is-content-justification-center is-layout-flex wp-container-core-buttons-is-layout-16018d1d wp-block-buttons-is-layout-flex\">\n<div class=\"wp-block-button\"><a class=\"wp-block-button__link has-text-align-center wp-element-button\" href=\"https:\/\/www.sahajbooks.org\/williams\" style=\"border-radius:100px\" target=\"_blank\" rel=\"noreferrer noopener\">Webseite der Autorin<\/a><\/div>\n<\/div>\n<\/div>\n\n\n\n<div class=\"wp-block-column is-vertically-aligned-center is-layout-flow wp-block-column-is-layout-flow\">\n<div class=\"wp-block-buttons is-content-justification-center is-layout-flex wp-container-core-buttons-is-layout-16018d1d wp-block-buttons-is-layout-flex\">\n<div class=\"wp-block-button\"><a class=\"wp-block-button__link has-text-align-center wp-element-button\" href=\"https:\/\/nirananda-media.de\/?page_id=1101\" style=\"border-radius:100px\" target=\"_blank\" rel=\"noreferrer noopener\">Deutschsprachige Werke der Autorin<\/a><\/div>\n<\/div>\n<\/div>\n\n\n\n<div class=\"wp-block-column is-vertically-aligned-center is-layout-flow wp-block-column-is-layout-flow\">\n<div class=\"wp-block-buttons is-content-justification-center is-layout-flex wp-container-core-buttons-is-layout-16018d1d wp-block-buttons-is-layout-flex\">\n<div class=\"wp-block-button\"><a class=\"wp-block-button__link wp-element-button\" href=\"https:\/\/www.sahajbooks.org\/navi-septa\" style=\"border-radius:100px\" target=\"_blank\" rel=\"noreferrer noopener\">Weitere Werke der Autorin<\/a><\/div>\n<\/div>\n<\/div>\n\n\n\n<div class=\"wp-block-column is-vertically-aligned-center is-layout-flow wp-block-column-is-layout-flow\"><\/div>\n<\/div>\n\n\n\n<hr class=\"wp-block-separator aligncenter has-alpha-channel-opacity\"\/>\n","protected":false},"excerpt":{"rendered":"<p>Linda Williams, Gro\u00dfbritannien Linda Williams lebt heute in London.&nbsp; Sie besuchte viele L\u00e4ndern und verbrachte unter anderem einige Jahre in indischen D\u00f6rfern, Klein- und Gro\u00dfst\u00e4dten sowie in S\u00fcdafrika und Italien. In Kapstadt unterst\u00fctze sie die Jahre des Kampfes gegen die &hellip;<\/p>\n<p class=\"read-more\"> <a class=\"more-link\" href=\"https:\/\/nirananda-media.de\/?page_id=1326\"> <span class=\"screen-reader-text\">Linda Williams<\/span> Weiterlesen &raquo;<\/a><\/p>\n","protected":false},"author":1,"featured_media":0,"parent":0,"menu_order":0,"comment_status":"closed","ping_status":"closed","template":"","meta":{"footnotes":""},"class_list":["post-1326","page","type-page","status-publish","hentry"],"_links":{"self":[{"href":"https:\/\/nirananda-media.de\/index.php?rest_route=\/wp\/v2\/pages\/1326","targetHints":{"allow":["GET"]}}],"collection":[{"href":"https:\/\/nirananda-media.de\/index.php?rest_route=\/wp\/v2\/pages"}],"about":[{"href":"https:\/\/nirananda-media.de\/index.php?rest_route=\/wp\/v2\/types\/page"}],"author":[{"embeddable":true,"href":"https:\/\/nirananda-media.de\/index.php?rest_route=\/wp\/v2\/users\/1"}],"replies":[{"embeddable":true,"href":"https:\/\/nirananda-media.de\/index.php?rest_route=%2Fwp%2Fv2%2Fcomments&post=1326"}],"version-history":[{"count":18,"href":"https:\/\/nirananda-media.de\/index.php?rest_route=\/wp\/v2\/pages\/1326\/revisions"}],"predecessor-version":[{"id":1441,"href":"https:\/\/nirananda-media.de\/index.php?rest_route=\/wp\/v2\/pages\/1326\/revisions\/1441"}],"wp:attachment":[{"href":"https:\/\/nirananda-media.de\/index.php?rest_route=%2Fwp%2Fv2%2Fmedia&parent=1326"}],"curies":[{"name":"wp","href":"https:\/\/api.w.org\/{rel}","templated":true}]}}