{"id":1323,"date":"2023-07-12T08:56:33","date_gmt":"2023-07-12T08:56:33","guid":{"rendered":"https:\/\/nirananda-media.de\/?page_id=1323"},"modified":"2023-07-13T20:40:45","modified_gmt":"2023-07-13T20:40:45","slug":"patrick-sheridan","status":"publish","type":"page","link":"https:\/\/nirananda-media.de\/?page_id=1323","title":{"rendered":"Patrick Sheridan"},"content":{"rendered":"\n<hr class=\"wp-block-separator has-alpha-channel-opacity\"\/>\n\n\n\n<h2 class=\"wp-block-heading\">Patrick Sheridan, Gro\u00dfbritannien<\/h2>\n\n\n\n<hr class=\"wp-block-separator has-alpha-channel-opacity\"\/>\n\n\n\n<div class=\"wp-block-columns is-layout-flex wp-container-core-columns-is-layout-9d6595d7 wp-block-columns-is-layout-flex\">\n<div class=\"wp-block-column is-layout-flow wp-block-column-is-layout-flow\" style=\"flex-basis:11%\"><\/div>\n\n\n\n<div class=\"wp-block-column is-layout-flow wp-block-column-is-layout-flow\" style=\"flex-basis:22.33%\"><div class=\"wp-block-image\">\n<figure class=\"aligncenter size-full\"><img loading=\"lazy\" decoding=\"async\" width=\"160\" height=\"160\" src=\"https:\/\/nirananda-media.de\/wp-content\/uploads\/2023\/07\/Patrick-Sheridan.jpg\" alt=\"Portr\u00e4t Patrick Sheridan\" class=\"wp-image-654\" srcset=\"https:\/\/nirananda-media.de\/wp-content\/uploads\/2023\/07\/Patrick-Sheridan.jpg 160w, https:\/\/nirananda-media.de\/wp-content\/uploads\/2023\/07\/Patrick-Sheridan-150x150.jpg 150w, https:\/\/nirananda-media.de\/wp-content\/uploads\/2023\/07\/Patrick-Sheridan-100x100.jpg 100w\" sizes=\"auto, (max-width: 160px) 100vw, 160px\" \/><figcaption class=\"wp-element-caption\">Patrick Sheridan<\/figcaption><\/figure>\n<\/div>\n\n\n<p><em>I tried so hard to stand<\/em><br><em>As I stumbled and fell to the ground<\/em><br><em>So hard to laugh as I fumbled<\/em><br><em>And reached for the love I found<\/em><a id=\"_ftnref1\" href=\"#_ftn1\"><em><strong>[1]<\/strong><\/em><\/a><\/p>\n\n\n\n<hr class=\"wp-block-separator has-alpha-channel-opacity\"\/>\n\n\n\n<p><a href=\"#_ftnref1\" id=\"_ftn1\">[1]<\/a> Young, N., 1967: Expecting to Fly \u2013 Buffalo Springfield Again, Acto Records, Los Angeles<\/p>\n<\/div>\n\n\n\n<div class=\"wp-block-column is-layout-flow wp-block-column-is-layout-flow\" style=\"flex-basis:16.67%\">\n<p>Wie viele in den 1960er und 70er Jahren erlebte Patrick Sheridan spirituelles Erwachen, Desillusionierung und die Beinahe-Selbstzerst\u00f6rung in der psychedelischen \u201cGegenkultur\u201d.<\/p>\n\n\n\n<hr class=\"wp-block-separator has-alpha-channel-opacity\"\/>\n\n\n\n<p>Er begegnete au\u00dfergew\u00f6hnlichen Dingen und Menschen und portr\u00e4tierte sie mit erstaunlicher Tiefgr\u00fcndigkeit und Detailliertheit. <\/p>\n\n\n\n<hr class=\"wp-block-separator has-alpha-channel-opacity\"\/>\n\n\n\n<p>Fasziniert von der spirituellen Essenz, die den gro\u00dfen Weltreligionen und den universellen Wahrheiten zugrunde liegt und sie verbindet, sieht er die lebendige spirituelle Erfahrung als die h\u00f6chste Bestimmung und das Geburtsrecht jedes Menschen.<\/p>\n<\/div>\n\n\n\n<div class=\"wp-block-column is-layout-flow wp-block-column-is-layout-flow\" style=\"flex-basis:16.67%\">\n<p>Als gel\u00e4uterter und gereifter \u00dcberlebender der Selbstfindungsbewegungen gelingt dem Autor in seinem Erstlingswerk viel mehr, als nur die Ideale dieser Zeiten in einem stark biografisch gepr\u00e4gten, \u201eretrospektiven Journal\u201c auf hohem Niveau f\u00fcr sich selbst und andere neu zu bewerten.<\/p>\n<\/div>\n\n\n\n<div class=\"wp-block-column is-layout-flow wp-block-column-is-layout-flow\" style=\"flex-basis:16.67%\">\n<p>Trotz einigen extremen Reisestationen ging er seinem Weg konsequent zu Ende und fand nicht nur, wonach er suchte, sondern auch was viele als Illusion abtaten.<\/p>\n\n\n\n<hr class=\"wp-block-separator has-alpha-channel-opacity\"\/>\n\n\n\n<p>Seit dem Alter von 26 Jahren praktiziert er nun mehr als 30 Jahre lang Meditation, um seine eigene spirituelle Reise zu vertiefen und zu vervollkommnen.<\/p>\n\n\n\n<hr class=\"wp-block-separator has-alpha-channel-opacity\"\/>\n\n\n\n<p>Mit inzwischen 74 Jahren lebt er verheiratet und als Vater von drei S\u00f6hnen in England und sammelt in seinem gew\u00e4hlten Interessensgebiet betr\u00e4chtliches Wissen und Erfahrungen an.&nbsp; Beides gibt er \u2013 nicht nur durch dieses Buch \u2013 zusammen mit anderen an diejenigen weiter, die heute auf der Suche nach denselben ewigen Wahrheiten sind.<\/p>\n<\/div>\n\n\n\n<div class=\"wp-block-column is-layout-flow wp-block-column-is-layout-flow\" style=\"flex-basis:16.67%\"><\/div>\n<\/div>\n\n\n\n<hr class=\"wp-block-separator has-alpha-channel-opacity\"\/>\n\n\n\n<div class=\"wp-block-columns is-layout-flex wp-container-core-columns-is-layout-9d6595d7 wp-block-columns-is-layout-flex\">\n<div class=\"wp-block-column is-layout-flow wp-block-column-is-layout-flow\"><\/div>\n\n\n\n<div class=\"wp-block-column is-layout-flow wp-block-column-is-layout-flow\">\n<div class=\"wp-block-buttons is-content-justification-right is-layout-flex wp-container-core-buttons-is-layout-765c4724 wp-block-buttons-is-layout-flex\">\n<div class=\"wp-block-button\"><a class=\"wp-block-button__link wp-element-button\" href=\"https:\/\/www.facebook.com\/pat.anslow\" style=\"border-radius:100px\" target=\"_blank\" rel=\"noreferrer noopener\">Webseite des Autors<\/a><\/div>\n<\/div>\n<\/div>\n\n\n\n<div class=\"wp-block-column is-layout-flow wp-block-column-is-layout-flow\">\n<div class=\"wp-block-buttons is-content-justification-center is-layout-flex wp-container-core-buttons-is-layout-16018d1d wp-block-buttons-is-layout-flex\">\n<div class=\"wp-block-button\"><a class=\"wp-block-button__link wp-element-button\" href=\"https:\/\/nirananda-media.de\/?page_id=1099\" style=\"border-radius:100px\" target=\"_blank\" rel=\"noreferrer noopener\">Deutschsprachige Werke des Autors<\/a><\/div>\n<\/div>\n<\/div>\n\n\n\n<div class=\"wp-block-column is-layout-flow wp-block-column-is-layout-flow\">\n<div class=\"wp-block-buttons is-layout-flex wp-block-buttons-is-layout-flex\">\n<div class=\"wp-block-button\"><a class=\"wp-block-button__link wp-element-button\" href=\"https:\/\/www.sahajbooks.org\/sheridan\" style=\"border-radius:100px\" target=\"_blank\" rel=\"noreferrer noopener\">Weitere Werke des Autors<\/a><\/div>\n<\/div>\n<\/div>\n\n\n\n<div class=\"wp-block-column is-layout-flow wp-block-column-is-layout-flow\"><\/div>\n<\/div>\n\n\n\n<hr class=\"wp-block-separator has-alpha-channel-opacity\"\/>\n","protected":false},"excerpt":{"rendered":"<p>Patrick Sheridan, Gro\u00dfbritannien I tried so hard to standAs I stumbled and fell to the groundSo hard to laugh as I fumbledAnd reached for the love I found[1] [1] Young, N., 1967: Expecting to Fly \u2013 Buffalo Springfield Again, Acto &hellip;<\/p>\n<p class=\"read-more\"> <a class=\"more-link\" href=\"https:\/\/nirananda-media.de\/?page_id=1323\"> <span class=\"screen-reader-text\">Patrick Sheridan<\/span> Weiterlesen &raquo;<\/a><\/p>\n","protected":false},"author":1,"featured_media":0,"parent":0,"menu_order":0,"comment_status":"closed","ping_status":"closed","template":"","meta":{"footnotes":""},"class_list":["post-1323","page","type-page","status-publish","hentry"],"_links":{"self":[{"href":"https:\/\/nirananda-media.de\/index.php?rest_route=\/wp\/v2\/pages\/1323","targetHints":{"allow":["GET"]}}],"collection":[{"href":"https:\/\/nirananda-media.de\/index.php?rest_route=\/wp\/v2\/pages"}],"about":[{"href":"https:\/\/nirananda-media.de\/index.php?rest_route=\/wp\/v2\/types\/page"}],"author":[{"embeddable":true,"href":"https:\/\/nirananda-media.de\/index.php?rest_route=\/wp\/v2\/users\/1"}],"replies":[{"embeddable":true,"href":"https:\/\/nirananda-media.de\/index.php?rest_route=%2Fwp%2Fv2%2Fcomments&post=1323"}],"version-history":[{"count":16,"href":"https:\/\/nirananda-media.de\/index.php?rest_route=\/wp\/v2\/pages\/1323\/revisions"}],"predecessor-version":[{"id":1442,"href":"https:\/\/nirananda-media.de\/index.php?rest_route=\/wp\/v2\/pages\/1323\/revisions\/1442"}],"wp:attachment":[{"href":"https:\/\/nirananda-media.de\/index.php?rest_route=%2Fwp%2Fv2%2Fmedia&parent=1323"}],"curies":[{"name":"wp","href":"https:\/\/api.w.org\/{rel}","templated":true}]}}