{"id":1321,"date":"2023-07-13T19:47:16","date_gmt":"2023-07-13T19:47:16","guid":{"rendered":"https:\/\/nirananda-media.de\/?page_id=1321"},"modified":"2023-07-13T20:49:09","modified_gmt":"2023-07-13T20:49:09","slug":"john-noyce-australien","status":"publish","type":"page","link":"https:\/\/nirananda-media.de\/?page_id=1321","title":{"rendered":"John Noyce"},"content":{"rendered":"\n<hr class=\"wp-block-separator has-alpha-channel-opacity\"\/>\n\n\n\n<h2 class=\"wp-block-heading\">John Noyce, Australien<\/h2>\n\n\n\n<hr class=\"wp-block-separator has-alpha-channel-opacity\"\/>\n\n\n\n<div class=\"wp-block-columns is-layout-flex wp-container-core-columns-is-layout-9d6595d7 wp-block-columns-is-layout-flex\">\n<div class=\"wp-block-column is-layout-flow wp-block-column-is-layout-flow\" style=\"flex-basis:11%\"><\/div>\n\n\n\n<div class=\"wp-block-column is-layout-flow wp-block-column-is-layout-flow\" style=\"flex-basis:22.33%\"><div class=\"wp-block-image\">\n<figure class=\"aligncenter size-full\"><img loading=\"lazy\" decoding=\"async\" width=\"294\" height=\"382\" src=\"https:\/\/nirananda-media.de\/wp-content\/uploads\/2023\/07\/Chakras_of_the_Subtle_Body.jpg\" alt=\"\" class=\"wp-image-478\" srcset=\"https:\/\/nirananda-media.de\/wp-content\/uploads\/2023\/07\/Chakras_of_the_Subtle_Body.jpg 294w, https:\/\/nirananda-media.de\/wp-content\/uploads\/2023\/07\/Chakras_of_the_Subtle_Body-231x300.jpg 231w, https:\/\/nirananda-media.de\/wp-content\/uploads\/2023\/07\/Chakras_of_the_Subtle_Body-100x130.jpg 100w, https:\/\/nirananda-media.de\/wp-content\/uploads\/2023\/07\/Chakras_of_the_Subtle_Body-150x195.jpg 150w, https:\/\/nirananda-media.de\/wp-content\/uploads\/2023\/07\/Chakras_of_the_Subtle_Body-200x260.jpg 200w\" sizes=\"auto, (max-width: 294px) 100vw, 294px\" \/><figcaption class=\"wp-element-caption\">John Noyce<\/figcaption><\/figure>\n<\/div>\n\n\n<p class=\"has-text-align-center\"><em><em><em>Alles Verg\u00e4ngliche Ist nur ein Gleichnis;<\/em><\/em><\/em><br><em><em><em>Das Unzul\u00e4ngliche, Hier wird&#8217;s Ereignis;<\/em><\/em><\/em><br><em><em><em>Das Unbeschreibliche, Hier ist&#8217;s getan;<\/em><\/em><\/em><br><em><em><em>Das Ewig-Weibliche Zieht uns hinan<\/em><\/em><\/em><\/p>\n\n\n\n<p class=\"has-text-align-right\">Goethe (1832)<\/p>\n<\/div>\n\n\n\n<div class=\"wp-block-column is-layout-flow wp-block-column-is-layout-flow\" style=\"flex-basis:16.67%\">\n<p>John Noyce&nbsp;wurde genau in der Mitte des 20. Jahrhunderts und in England geboren und siedelte in den 1980er Jahren nach Australien \u00fcber.<\/p>\n\n\n\n<p>Mitte der 1970er Jahre studierte er Geschichtswissenschaften an der Universit\u00e4t Sussex, ist inzwischen Inhaber australischer Magisterabschl\u00fcsse f\u00fcr Bibliothekswesen, Entwicklungsstudien, Religion und Theologie und arbeitet als Informationsspezialist und spiritueller Historiker.<\/p>\n<\/div>\n\n\n\n<div class=\"wp-block-column is-vertically-aligned-center is-layout-flow wp-block-column-is-layout-flow\" style=\"flex-basis:16.67%\">\n<div class=\"wp-block-buttons is-content-justification-center is-layout-flex wp-container-core-buttons-is-layout-16018d1d wp-block-buttons-is-layout-flex\">\n<div class=\"wp-block-button\"><a class=\"wp-block-button__link has-text-align-center wp-element-button\" href=\"https:\/\/linktr.ee\/johnnoyce\" style=\"border-radius:100px\" target=\"_blank\" rel=\"noreferrer noopener\">Webseiten des Autors<\/a><\/div>\n<\/div>\n\n\n\n<hr class=\"wp-block-separator has-alpha-channel-opacity\"\/>\n\n\n\n<div class=\"wp-block-buttons is-content-justification-center is-layout-flex wp-container-core-buttons-is-layout-16018d1d wp-block-buttons-is-layout-flex\">\n<div class=\"wp-block-button\"><a class=\"wp-block-button__link has-text-align-center wp-element-button\" href=\"https:\/\/nirananda-media.de\/?page_id=1096\" style=\"border-radius:100px\" target=\"_blank\" rel=\"noreferrer noopener\">Deutschsprachige Werke des Autors<\/a><\/div>\n<\/div>\n\n\n\n<hr class=\"wp-block-separator has-alpha-channel-opacity\"\/>\n\n\n\n<div class=\"wp-block-buttons is-content-justification-center is-layout-flex wp-container-core-buttons-is-layout-16018d1d wp-block-buttons-is-layout-flex\">\n<div class=\"wp-block-button\"><a class=\"wp-block-button__link has-text-align-center wp-element-button\" href=\"https:\/\/www.sahajbooks.org\/noyce\" style=\"border-radius:100px\" target=\"_blank\" rel=\"noreferrer noopener\">Weitere Werke des Autors<\/a><\/div>\n<\/div>\n<\/div>\n<\/div>\n","protected":false},"excerpt":{"rendered":"<p>John Noyce, Australien Alles Verg\u00e4ngliche Ist nur ein Gleichnis;Das Unzul\u00e4ngliche, Hier wird&#8217;s Ereignis;Das Unbeschreibliche, Hier ist&#8217;s getan;Das Ewig-Weibliche Zieht uns hinan Goethe (1832) John Noyce&nbsp;wurde genau in der Mitte des 20. Jahrhunderts und in England geboren und siedelte in den &hellip;<\/p>\n<p class=\"read-more\"> <a class=\"more-link\" href=\"https:\/\/nirananda-media.de\/?page_id=1321\"> <span class=\"screen-reader-text\">John Noyce<\/span> Weiterlesen &raquo;<\/a><\/p>\n","protected":false},"author":1,"featured_media":0,"parent":0,"menu_order":0,"comment_status":"closed","ping_status":"closed","template":"","meta":{"footnotes":""},"class_list":["post-1321","page","type-page","status-publish","hentry"],"_links":{"self":[{"href":"https:\/\/nirananda-media.de\/index.php?rest_route=\/wp\/v2\/pages\/1321","targetHints":{"allow":["GET"]}}],"collection":[{"href":"https:\/\/nirananda-media.de\/index.php?rest_route=\/wp\/v2\/pages"}],"about":[{"href":"https:\/\/nirananda-media.de\/index.php?rest_route=\/wp\/v2\/types\/page"}],"author":[{"embeddable":true,"href":"https:\/\/nirananda-media.de\/index.php?rest_route=\/wp\/v2\/users\/1"}],"replies":[{"embeddable":true,"href":"https:\/\/nirananda-media.de\/index.php?rest_route=%2Fwp%2Fv2%2Fcomments&post=1321"}],"version-history":[{"count":13,"href":"https:\/\/nirananda-media.de\/index.php?rest_route=\/wp\/v2\/pages\/1321\/revisions"}],"predecessor-version":[{"id":1450,"href":"https:\/\/nirananda-media.de\/index.php?rest_route=\/wp\/v2\/pages\/1321\/revisions\/1450"}],"wp:attachment":[{"href":"https:\/\/nirananda-media.de\/index.php?rest_route=%2Fwp%2Fv2%2Fmedia&parent=1321"}],"curies":[{"name":"wp","href":"https:\/\/api.w.org\/{rel}","templated":true}]}}