{"id":1317,"date":"2023-07-13T20:25:27","date_gmt":"2023-07-13T20:25:27","guid":{"rendered":"https:\/\/nirananda-media.de\/?page_id=1317"},"modified":"2023-07-13T20:31:02","modified_gmt":"2023-07-13T20:31:02","slug":"flore-descieux","status":"publish","type":"page","link":"https:\/\/nirananda-media.de\/?page_id=1317","title":{"rendered":"Flore Descieux"},"content":{"rendered":"\n<hr class=\"wp-block-separator has-alpha-channel-opacity\"\/>\n\n\n\n<h2 class=\"wp-block-heading\">Flore Descieux, Frankreich<\/h2>\n\n\n\n<hr class=\"wp-block-separator has-alpha-channel-opacity\"\/>\n\n\n\n<div class=\"wp-block-columns is-layout-flex wp-container-core-columns-is-layout-9d6595d7 wp-block-columns-is-layout-flex\">\n<div class=\"wp-block-column is-layout-flow wp-block-column-is-layout-flow\"><\/div>\n\n\n\n<div class=\"wp-block-column is-layout-flow wp-block-column-is-layout-flow\"><div class=\"wp-block-image\">\n<figure class=\"aligncenter size-full\"><img loading=\"lazy\" decoding=\"async\" width=\"348\" height=\"371\" src=\"https:\/\/nirananda-media.de\/wp-content\/uploads\/2023\/07\/chakracharlie-1.png\" alt=\"\" class=\"wp-image-1276\" srcset=\"https:\/\/nirananda-media.de\/wp-content\/uploads\/2023\/07\/chakracharlie-1.png 348w, https:\/\/nirananda-media.de\/wp-content\/uploads\/2023\/07\/chakracharlie-1-281x300.png 281w, https:\/\/nirananda-media.de\/wp-content\/uploads\/2023\/07\/chakracharlie-1-100x107.png 100w, https:\/\/nirananda-media.de\/wp-content\/uploads\/2023\/07\/chakracharlie-1-150x160.png 150w, https:\/\/nirananda-media.de\/wp-content\/uploads\/2023\/07\/chakracharlie-1-200x213.png 200w, https:\/\/nirananda-media.de\/wp-content\/uploads\/2023\/07\/chakracharlie-1-300x320.png 300w\" sizes=\"auto, (max-width: 348px) 100vw, 348px\" \/><figcaption class=\"wp-element-caption\">Flore Descieux<\/figcaption><\/figure>\n<\/div>\n\n\n<p class=\"has-text-align-right\"><em>Es besteht kein Zweifel, dass in irgendeinem Teil des Planeten erzeugte Schockwellen jetzt Auswirkungen auf kollektiver Ebene haben. Das ist das Zeichen einer kollektiven Transformation. Alle Nationen sind sich inzwischen ihrer gegenseitigen Abh\u00e4ngigkeit bewusst, und keine kann sich heute einer \u00dcberlegenheit r\u00fchmen, die auf ihrer eigenen Autonomie beruht. Das Schicksal der Menschheit bildet nun ein Ganzes.<\/em><br><br>Flore Descieux<\/p>\n<\/div>\n\n\n\n<div class=\"wp-block-column is-vertically-aligned-center is-layout-flow wp-block-column-is-layout-flow\">\n<p>Als Sprachlehrerin lebte Flore Descieux lange Zeit in Italien und England.<\/p>\n\n\n\n<p>Ihre Kontakte mit anderen Kulturen blieben jedoch haupts\u00e4chlich der Vorwand f\u00fcr ihre Selbst-Findung.<\/p>\n\n\n\n<p>Nach und nach f\u00fchrte ihre spirituelle Suche sie zu einer Besch\u00e4ftigung mit der muslimischen Welt.<\/p>\n\n\n\n<p>Ihre Begegung mit <a href=\"https:\/\/nirananda-media.de\/?page_id=1290\" target=\"_blank\" rel=\"noreferrer noopener\">Shri Mataji Nirmala Devi<\/a> schenkte ihr die Antworten auf die wichtigsten Fragen des menschlichen Lebens.<\/p>\n<\/div>\n\n\n\n<div class=\"wp-block-column is-layout-flow wp-block-column-is-layout-flow\"><\/div>\n<\/div>\n\n\n\n<hr class=\"wp-block-separator has-alpha-channel-opacity\"\/>\n\n\n\n<div class=\"wp-block-columns is-layout-flex wp-container-core-columns-is-layout-9d6595d7 wp-block-columns-is-layout-flex\">\n<div class=\"wp-block-column is-layout-flow wp-block-column-is-layout-flow\"><\/div>\n\n\n\n<div class=\"wp-block-column is-layout-flow wp-block-column-is-layout-flow\">\n<div class=\"wp-block-buttons is-content-justification-center is-layout-flex wp-container-core-buttons-is-layout-16018d1d wp-block-buttons-is-layout-flex\">\n<div class=\"wp-block-button\"><a class=\"wp-block-button__link wp-element-button\" href=\"https:\/\/nirananda-media.de\/?page_id=1084\" style=\"border-radius:100px\" target=\"_blank\" rel=\"noreferrer noopener\">Deutschsprachige Werke der Autorin<\/a><\/div>\n<\/div>\n<\/div>\n\n\n\n<div class=\"wp-block-column is-layout-flow wp-block-column-is-layout-flow\">\n<div class=\"wp-block-buttons is-content-justification-center is-layout-flex wp-container-core-buttons-is-layout-16018d1d wp-block-buttons-is-layout-flex\">\n<div class=\"wp-block-button\"><a class=\"wp-block-button__link wp-element-button\" href=\"https:\/\/www.sahajbooks.org\/light-of-the-koran-languages\" style=\"border-radius:100px\" target=\"_blank\" rel=\"noreferrer noopener\">Weitere Werke der Autorin<\/a><\/div>\n<\/div>\n<\/div>\n\n\n\n<div class=\"wp-block-column is-layout-flow wp-block-column-is-layout-flow\"><\/div>\n<\/div>\n\n\n\n<hr class=\"wp-block-separator has-alpha-channel-opacity\"\/>\n","protected":false},"excerpt":{"rendered":"<p>Flore Descieux, Frankreich Es besteht kein Zweifel, dass in irgendeinem Teil des Planeten erzeugte Schockwellen jetzt Auswirkungen auf kollektiver Ebene haben. Das ist das Zeichen einer kollektiven Transformation. Alle Nationen sind sich inzwischen ihrer gegenseitigen Abh\u00e4ngigkeit bewusst, und keine kann &hellip;<\/p>\n<p class=\"read-more\"> <a class=\"more-link\" href=\"https:\/\/nirananda-media.de\/?page_id=1317\"> <span class=\"screen-reader-text\">Flore Descieux<\/span> Weiterlesen &raquo;<\/a><\/p>\n","protected":false},"author":1,"featured_media":0,"parent":0,"menu_order":0,"comment_status":"closed","ping_status":"closed","template":"","meta":{"footnotes":""},"class_list":["post-1317","page","type-page","status-publish","hentry"],"_links":{"self":[{"href":"https:\/\/nirananda-media.de\/index.php?rest_route=\/wp\/v2\/pages\/1317","targetHints":{"allow":["GET"]}}],"collection":[{"href":"https:\/\/nirananda-media.de\/index.php?rest_route=\/wp\/v2\/pages"}],"about":[{"href":"https:\/\/nirananda-media.de\/index.php?rest_route=\/wp\/v2\/types\/page"}],"author":[{"embeddable":true,"href":"https:\/\/nirananda-media.de\/index.php?rest_route=\/wp\/v2\/users\/1"}],"replies":[{"embeddable":true,"href":"https:\/\/nirananda-media.de\/index.php?rest_route=%2Fwp%2Fv2%2Fcomments&post=1317"}],"version-history":[{"count":7,"href":"https:\/\/nirananda-media.de\/index.php?rest_route=\/wp\/v2\/pages\/1317\/revisions"}],"predecessor-version":[{"id":1433,"href":"https:\/\/nirananda-media.de\/index.php?rest_route=\/wp\/v2\/pages\/1317\/revisions\/1433"}],"wp:attachment":[{"href":"https:\/\/nirananda-media.de\/index.php?rest_route=%2Fwp%2Fv2%2Fmedia&parent=1317"}],"curies":[{"name":"wp","href":"https:\/\/api.w.org\/{rel}","templated":true}]}}