{"id":120,"date":"2023-07-03T07:10:22","date_gmt":"2023-07-03T07:10:22","guid":{"rendered":"https:\/\/nirananda-media.de\/?page_id=120"},"modified":"2024-06-01T17:23:32","modified_gmt":"2024-06-01T17:23:32","slug":"das-subtile-system","status":"publish","type":"page","link":"https:\/\/nirananda-media.de\/?page_id=120","title":{"rendered":"Das subtile Energiesystem des Menschen"},"content":{"rendered":"\n<div class=\"wp-block-columns is-layout-flex wp-container-core-columns-is-layout-9d6595d7 wp-block-columns-is-layout-flex\">\n<div class=\"wp-block-column is-vertically-aligned-center has-large-font-size is-layout-flow wp-block-column-is-layout-flow\">\n<p class=\"has-text-align-right\" style=\"font-size:21px\">Dies ist eine schematische und vereinfachte \u00dcbersicht \u00fcber das sogenannte subtile, also feinstoffliche System des Menschen aus Energiekan\u00e4len und -zentren. Das Wissen dar\u00fcber wurde \u00fcber tausende von Jahren vor allem in Indien zusammengetragen, fortentwickelt und weitergegeben. In verschiedenen, meist sehr verschl\u00fcsselten Auspr\u00e4gungen tauchte dieses Wissen auch im Westen auf. Der sogenannte&nbsp;<a rel=\"noreferrer noopener\" href=\"https:\/\/de.wikipedia.org\/wiki\/Baum_des_Lebens_(Bibel)\" target=\"_blank\">Baum des Lebens<\/a>&nbsp;etwa oder der Erkenntnis aber auch die&nbsp;<a rel=\"noreferrer noopener\" href=\"https:\/\/de.wikipedia.org\/wiki\/Sephiroth\" target=\"_blank\">Sephiroth<\/a>&nbsp;des kaballistischen Lebensbaums k\u00f6nnen als Symbole oder Hinweise darauf angesehen werden. Kenntnisse \u00fcber das subtile System sind somit eigentlich nicht neu. Durch Sahaja Yoga&nbsp;erfahren sie jedoch eine Aktualisierung und Bereinigung.<\/p>\n<\/div>\n\n\n\n<div class=\"wp-block-column is-vertically-aligned-center is-layout-flow wp-block-column-is-layout-flow\">\n<figure class=\"wp-block-image size-full is-resized\"><img loading=\"lazy\" decoding=\"async\" width=\"1810\" height=\"2560\" src=\"https:\/\/nirananda-media.de\/wp-content\/uploads\/2023\/07\/CHAKRA-Charlie-A4-TOP-Qualitaet--scaled.jpg\" alt=\"\" class=\"wp-image-592\" style=\"width:453px;height:640px\" srcset=\"https:\/\/nirananda-media.de\/wp-content\/uploads\/2023\/07\/CHAKRA-Charlie-A4-TOP-Qualitaet--scaled.jpg 1810w, https:\/\/nirananda-media.de\/wp-content\/uploads\/2023\/07\/CHAKRA-Charlie-A4-TOP-Qualitaet--212x300.jpg 212w, https:\/\/nirananda-media.de\/wp-content\/uploads\/2023\/07\/CHAKRA-Charlie-A4-TOP-Qualitaet--724x1024.jpg 724w, https:\/\/nirananda-media.de\/wp-content\/uploads\/2023\/07\/CHAKRA-Charlie-A4-TOP-Qualitaet--768x1086.jpg 768w, https:\/\/nirananda-media.de\/wp-content\/uploads\/2023\/07\/CHAKRA-Charlie-A4-TOP-Qualitaet--1086x1536.jpg 1086w, https:\/\/nirananda-media.de\/wp-content\/uploads\/2023\/07\/CHAKRA-Charlie-A4-TOP-Qualitaet--1448x2048.jpg 1448w, https:\/\/nirananda-media.de\/wp-content\/uploads\/2023\/07\/CHAKRA-Charlie-A4-TOP-Qualitaet--100x141.jpg 100w, https:\/\/nirananda-media.de\/wp-content\/uploads\/2023\/07\/CHAKRA-Charlie-A4-TOP-Qualitaet--150x212.jpg 150w, https:\/\/nirananda-media.de\/wp-content\/uploads\/2023\/07\/CHAKRA-Charlie-A4-TOP-Qualitaet--200x283.jpg 200w, https:\/\/nirananda-media.de\/wp-content\/uploads\/2023\/07\/CHAKRA-Charlie-A4-TOP-Qualitaet--300x424.jpg 300w, https:\/\/nirananda-media.de\/wp-content\/uploads\/2023\/07\/CHAKRA-Charlie-A4-TOP-Qualitaet--450x637.jpg 450w, https:\/\/nirananda-media.de\/wp-content\/uploads\/2023\/07\/CHAKRA-Charlie-A4-TOP-Qualitaet--600x849.jpg 600w, https:\/\/nirananda-media.de\/wp-content\/uploads\/2023\/07\/CHAKRA-Charlie-A4-TOP-Qualitaet--900x1273.jpg 900w\" sizes=\"auto, (max-width: 1810px) 100vw, 1810px\" \/><figcaption class=\"wp-element-caption\">Das feinstoffliche System<\/figcaption><\/figure>\n<\/div>\n\n\n\n<div class=\"wp-block-column is-vertically-aligned-center is-layout-flow wp-block-column-is-layout-flow\">\n<p class=\"has-text-align-left\" style=\"font-size:21px\">Die deutsche\u00a0<a href=\"http:\/\/sahajayoga.de\/\" target=\"_blank\" rel=\"noreferrer noopener\">Sahaja Yoga Homepage<\/a>\u00a0beschreibt das subtile System und alle notwendigen Informationen \u00fcber die Erfahrung der Selbst-Verwirklichung. Sie k\u00f6nnen ihre Selbst-Verwirklichung auch direkt\u00a0<a href=\"https:\/\/nirananda-media.de\/?page_id=119\">hier\u00a0<\/a>erfahren.<\/p>\n\n\n\n<p class=\"has-text-align-left\" style=\"font-size:21px\">Um ein Zentrum in der N\u00e4he zu finden, schauen Sie einfach\u00a0<a href=\"https:\/\/www.sahajayoga.de\/kurse\/\" target=\"_blank\" rel=\"noreferrer noopener\">hier\u00a0<\/a>vorbei. Viele\u00a0Kurse finden auch <a href=\"https:\/\/pruffme.com\/landing\/u99439\/germinate\" target=\"_blank\" rel=\"noreferrer noopener\">online<\/a>\u00a0statt.<\/p>\n<\/div>\n<\/div>\n","protected":false},"excerpt":{"rendered":"<p>Dies ist eine schematische und vereinfachte \u00dcbersicht \u00fcber das sogenannte subtile, also feinstoffliche System des Menschen aus Energiekan\u00e4len und -zentren. Das Wissen dar\u00fcber wurde \u00fcber tausende von Jahren vor allem in Indien zusammengetragen, fortentwickelt und weitergegeben. In verschiedenen, meist sehr &hellip;<\/p>\n<p class=\"read-more\"> <a class=\"more-link\" href=\"https:\/\/nirananda-media.de\/?page_id=120\"> <span class=\"screen-reader-text\">Das subtile Energiesystem des Menschen<\/span> Weiterlesen &raquo;<\/a><\/p>\n","protected":false},"author":1,"featured_media":0,"parent":0,"menu_order":0,"comment_status":"closed","ping_status":"closed","template":"","meta":{"footnotes":""},"class_list":["post-120","page","type-page","status-publish","hentry"],"_links":{"self":[{"href":"https:\/\/nirananda-media.de\/index.php?rest_route=\/wp\/v2\/pages\/120","targetHints":{"allow":["GET"]}}],"collection":[{"href":"https:\/\/nirananda-media.de\/index.php?rest_route=\/wp\/v2\/pages"}],"about":[{"href":"https:\/\/nirananda-media.de\/index.php?rest_route=\/wp\/v2\/types\/page"}],"author":[{"embeddable":true,"href":"https:\/\/nirananda-media.de\/index.php?rest_route=\/wp\/v2\/users\/1"}],"replies":[{"embeddable":true,"href":"https:\/\/nirananda-media.de\/index.php?rest_route=%2Fwp%2Fv2%2Fcomments&post=120"}],"version-history":[{"count":53,"href":"https:\/\/nirananda-media.de\/index.php?rest_route=\/wp\/v2\/pages\/120\/revisions"}],"predecessor-version":[{"id":2276,"href":"https:\/\/nirananda-media.de\/index.php?rest_route=\/wp\/v2\/pages\/120\/revisions\/2276"}],"wp:attachment":[{"href":"https:\/\/nirananda-media.de\/index.php?rest_route=%2Fwp%2Fv2%2Fmedia&parent=120"}],"curies":[{"name":"wp","href":"https:\/\/api.w.org\/{rel}","templated":true}]}}