{"id":1199,"date":"2023-07-09T11:06:07","date_gmt":"2023-07-09T11:06:07","guid":{"rendered":"https:\/\/nirananda-media.de\/?page_id=1199"},"modified":"2025-09-26T12:44:52","modified_gmt":"2025-09-26T12:44:52","slug":"nirmala-vidya","status":"publish","type":"page","link":"https:\/\/nirananda-media.de\/?page_id=1199","title":{"rendered":"Nirmala Vidya \u2013 Sahaja-Yoga-Mantrabuch"},"content":{"rendered":"\n<div class=\"wp-block-columns alignwide is-layout-flex wp-container-core-columns-is-layout-9d6595d7 wp-block-columns-is-layout-flex\">\n<div class=\"wp-block-column is-layout-flow wp-block-column-is-layout-flow\"><\/div>\n\n\n\n<div class=\"wp-block-column is-layout-flow wp-block-column-is-layout-flow\" style=\"flex-basis:1000px\">\n<hr class=\"wp-block-separator has-alpha-channel-opacity\"\/>\n\n\n\n<h2 class=\"wp-block-heading has-text-align-center\">Sahaja Yoga Sangham<\/h2>\n\n\n\n<h1 class=\"wp-block-heading has-text-align-center\">Nirmala Vidya<\/h1>\n\n\n\n<p class=\"has-text-align-center\">Sahaja-Yoga-Mantrabuch<\/p>\n\n\n\n<hr class=\"wp-block-separator has-alpha-channel-opacity\"\/>\n\n\n\n<div class=\"wp-block-media-text alignwide is-stacked-on-mobile\"><figure class=\"wp-block-media-text__media\"><img loading=\"lazy\" decoding=\"async\" width=\"677\" height=\"1024\" src=\"https:\/\/nirananda-media.de\/wp-content\/uploads\/2025\/09\/cover_a5_2025_1708_front-677x1024.png\" alt=\"\" class=\"wp-image-2349 size-full\" srcset=\"https:\/\/nirananda-media.de\/wp-content\/uploads\/2025\/09\/cover_a5_2025_1708_front-677x1024.png 677w, https:\/\/nirananda-media.de\/wp-content\/uploads\/2025\/09\/cover_a5_2025_1708_front-198x300.png 198w, https:\/\/nirananda-media.de\/wp-content\/uploads\/2025\/09\/cover_a5_2025_1708_front-768x1161.png 768w, https:\/\/nirananda-media.de\/wp-content\/uploads\/2025\/09\/cover_a5_2025_1708_front-1016x1536.png 1016w, https:\/\/nirananda-media.de\/wp-content\/uploads\/2025\/09\/cover_a5_2025_1708_front-1355x2048.png 1355w, https:\/\/nirananda-media.de\/wp-content\/uploads\/2025\/09\/cover_a5_2025_1708_front-100x151.png 100w, https:\/\/nirananda-media.de\/wp-content\/uploads\/2025\/09\/cover_a5_2025_1708_front-150x227.png 150w, https:\/\/nirananda-media.de\/wp-content\/uploads\/2025\/09\/cover_a5_2025_1708_front-200x302.png 200w, https:\/\/nirananda-media.de\/wp-content\/uploads\/2025\/09\/cover_a5_2025_1708_front-300x453.png 300w, https:\/\/nirananda-media.de\/wp-content\/uploads\/2025\/09\/cover_a5_2025_1708_front-450x680.png 450w, https:\/\/nirananda-media.de\/wp-content\/uploads\/2025\/09\/cover_a5_2025_1708_front-600x907.png 600w, https:\/\/nirananda-media.de\/wp-content\/uploads\/2025\/09\/cover_a5_2025_1708_front-900x1360.png 900w, https:\/\/nirananda-media.de\/wp-content\/uploads\/2025\/09\/cover_a5_2025_1708_front.png 1683w\" sizes=\"auto, (max-width: 677px) 100vw, 677px\" \/><\/figure><div class=\"wp-block-media-text__content\">\n<p class=\"has-text-align-center\">Zu Ehren von<\/p>\n\n\n\n<p class=\"has-text-align-center\">Shri Mataji Nirmala Devi<\/p>\n<\/div><\/div>\n\n\n\n<hr class=\"wp-block-separator has-alpha-channel-opacity\"\/>\n\n\n\n<div class=\"wp-block-media-text alignwide has-media-on-the-right is-stacked-on-mobile\"><div class=\"wp-block-media-text__content\">\n<p class=\"has-text-align-center\">Die deutschsprachige Fassung des Sahaja-Yoga-Mantrabuchs wurde 2025 in der zweiten Auflage unter Mitarbeit der Sahaja-Yoga-Kollektive aus Griechenland, Gro\u00dfbritannien, Indien, Italien, \u00d6sterreich, den Vereinigten Staaten und Deutschland zusammengestellt. <\/p>\n<\/div><figure class=\"wp-block-media-text__media\"><img loading=\"lazy\" decoding=\"async\" width=\"674\" height=\"1024\" src=\"https:\/\/nirananda-media.de\/wp-content\/uploads\/2025\/09\/cover_a5_2025_1708_back-674x1024.png\" alt=\"\" class=\"wp-image-2350 size-full\" srcset=\"https:\/\/nirananda-media.de\/wp-content\/uploads\/2025\/09\/cover_a5_2025_1708_back-674x1024.png 674w, https:\/\/nirananda-media.de\/wp-content\/uploads\/2025\/09\/cover_a5_2025_1708_back-198x300.png 198w, https:\/\/nirananda-media.de\/wp-content\/uploads\/2025\/09\/cover_a5_2025_1708_back-768x1167.png 768w, https:\/\/nirananda-media.de\/wp-content\/uploads\/2025\/09\/cover_a5_2025_1708_back-1011x1536.png 1011w, https:\/\/nirananda-media.de\/wp-content\/uploads\/2025\/09\/cover_a5_2025_1708_back-1348x2048.png 1348w, https:\/\/nirananda-media.de\/wp-content\/uploads\/2025\/09\/cover_a5_2025_1708_back-100x152.png 100w, https:\/\/nirananda-media.de\/wp-content\/uploads\/2025\/09\/cover_a5_2025_1708_back-150x228.png 150w, https:\/\/nirananda-media.de\/wp-content\/uploads\/2025\/09\/cover_a5_2025_1708_back-200x304.png 200w, https:\/\/nirananda-media.de\/wp-content\/uploads\/2025\/09\/cover_a5_2025_1708_back-300x456.png 300w, https:\/\/nirananda-media.de\/wp-content\/uploads\/2025\/09\/cover_a5_2025_1708_back-450x684.png 450w, https:\/\/nirananda-media.de\/wp-content\/uploads\/2025\/09\/cover_a5_2025_1708_back-600x911.png 600w, https:\/\/nirananda-media.de\/wp-content\/uploads\/2025\/09\/cover_a5_2025_1708_back-900x1367.png 900w, https:\/\/nirananda-media.de\/wp-content\/uploads\/2025\/09\/cover_a5_2025_1708_back.png 1667w\" sizes=\"auto, (max-width: 674px) 100vw, 674px\" \/><\/figure><\/div>\n\n\n\n<hr class=\"wp-block-separator has-alpha-channel-opacity\"\/>\n\n\n\n<h2 class=\"wp-block-heading has-text-align-center\">Buch bestellen<\/h2>\n\n\n\n<hr class=\"wp-block-separator has-alpha-channel-opacity\"\/>\n\n\n\n<p class=\"has-text-align-center\">Die neue und revidierte Auflage ist jetzt verf\u00fcgbar und Exemplare<br>k\u00f6nnen per <a href=\"mailto:uwedavid@nirananda-media.de\" target=\"_blank\" rel=\"noreferrer noopener\">E-Mail<\/a> bestellt werden. Der Preis bel\u00e4uft sich auf 20,00 EUR (plus Porto).<br>F\u00fcr Bestellungen aus \u00d6sterreich und der Schweiz bitte mit den \u00f6rtlichen Zentren Kontakt aufnehmen.<\/p>\n\n\n\n<hr class=\"wp-block-separator has-alpha-channel-opacity\"\/>\n\n\n\n<p class=\"has-text-align-left\">Hinweise:<br>Das Buch ist nicht im freien Buchhandel erh\u00e4ltlich und nicht geeignet f\u00fcr Personen, die die Selbst-Verwirklichung noch nicht erhalten haben.<br>Andere Sprachausgaben k\u00f6nnen&nbsp;<a href=\"https:\/\/www.sahajbooks.org\/nirmala-vidya-languages\" target=\"_blank\" rel=\"noreferrer noopener\">hier<\/a>&nbsp;bestellt werden.<\/p>\n\n\n\n<hr class=\"wp-block-separator has-alpha-channel-opacity\"\/>\n<\/div>\n\n\n\n<div class=\"wp-block-column is-layout-flow wp-block-column-is-layout-flow\"><\/div>\n<\/div>\n","protected":false},"excerpt":{"rendered":"<p>Sahaja Yoga Sangham Nirmala Vidya Sahaja-Yoga-Mantrabuch Zu Ehren von Shri Mataji Nirmala Devi Die deutschsprachige Fassung des Sahaja-Yoga-Mantrabuchs wurde 2025 in der zweiten Auflage unter Mitarbeit der Sahaja-Yoga-Kollektive aus Griechenland, Gro\u00dfbritannien, Indien, Italien, \u00d6sterreich, den Vereinigten Staaten und Deutschland zusammengestellt. &hellip;<\/p>\n<p class=\"read-more\"> <a class=\"more-link\" href=\"https:\/\/nirananda-media.de\/?page_id=1199\"> <span class=\"screen-reader-text\">Nirmala Vidya \u2013 Sahaja-Yoga-Mantrabuch<\/span> Weiterlesen &raquo;<\/a><\/p>\n","protected":false},"author":1,"featured_media":0,"parent":0,"menu_order":0,"comment_status":"closed","ping_status":"closed","template":"","meta":{"footnotes":""},"class_list":["post-1199","page","type-page","status-publish","hentry"],"_links":{"self":[{"href":"https:\/\/nirananda-media.de\/index.php?rest_route=\/wp\/v2\/pages\/1199","targetHints":{"allow":["GET"]}}],"collection":[{"href":"https:\/\/nirananda-media.de\/index.php?rest_route=\/wp\/v2\/pages"}],"about":[{"href":"https:\/\/nirananda-media.de\/index.php?rest_route=\/wp\/v2\/types\/page"}],"author":[{"embeddable":true,"href":"https:\/\/nirananda-media.de\/index.php?rest_route=\/wp\/v2\/users\/1"}],"replies":[{"embeddable":true,"href":"https:\/\/nirananda-media.de\/index.php?rest_route=%2Fwp%2Fv2%2Fcomments&post=1199"}],"version-history":[{"count":8,"href":"https:\/\/nirananda-media.de\/index.php?rest_route=\/wp\/v2\/pages\/1199\/revisions"}],"predecessor-version":[{"id":2363,"href":"https:\/\/nirananda-media.de\/index.php?rest_route=\/wp\/v2\/pages\/1199\/revisions\/2363"}],"wp:attachment":[{"href":"https:\/\/nirananda-media.de\/index.php?rest_route=%2Fwp%2Fv2%2Fmedia&parent=1199"}],"curies":[{"name":"wp","href":"https:\/\/api.w.org\/{rel}","templated":true}]}}