{"id":1148,"date":"2023-07-08T12:35:21","date_gmt":"2023-07-08T12:35:21","guid":{"rendered":"https:\/\/nirananda-media.de\/?page_id=1148"},"modified":"2023-07-20T09:56:39","modified_gmt":"2023-07-20T09:56:39","slug":"die-schluessel-der-weisheit","status":"publish","type":"page","link":"https:\/\/nirananda-media.de\/?page_id=1148","title":{"rendered":"Die Schl\u00fcssel der Weisheit"},"content":{"rendered":"\n<div class=\"wp-block-columns alignwide is-layout-flex wp-container-core-columns-is-layout-9d6595d7 wp-block-columns-is-layout-flex\">\n<div class=\"wp-block-column is-layout-flow wp-block-column-is-layout-flow\"><\/div>\n\n\n\n<div class=\"wp-block-column is-layout-flow wp-block-column-is-layout-flow\" style=\"flex-basis:1000px\">\n<hr class=\"wp-block-separator has-alpha-channel-opacity\"\/>\n\n\n\n<h2 class=\"wp-block-heading has-text-align-center\">Linda Williams<\/h2>\n\n\n\n<h1 class=\"wp-block-heading has-text-align-center\">Die Schl\u00fcssel der Weisheit<\/h1>\n\n\n\n<p class=\"has-text-align-center\">Eine Fantasie der Wirklichkeit<\/p>\n\n\n\n<hr class=\"wp-block-separator has-alpha-channel-opacity\"\/>\n\n\n\n<div class=\"wp-block-media-text alignwide is-stacked-on-mobile\"><figure class=\"wp-block-media-text__media\"><img loading=\"lazy\" decoding=\"async\" width=\"783\" height=\"1024\" src=\"https:\/\/nirananda-media.de\/wp-content\/uploads\/2023\/07\/sdw-frontseite-783x1024.jpg\" alt=\"\" class=\"wp-image-650 size-full\" srcset=\"https:\/\/nirananda-media.de\/wp-content\/uploads\/2023\/07\/sdw-frontseite-783x1024.jpg 783w, https:\/\/nirananda-media.de\/wp-content\/uploads\/2023\/07\/sdw-frontseite-229x300.jpg 229w, https:\/\/nirananda-media.de\/wp-content\/uploads\/2023\/07\/sdw-frontseite-768x1005.jpg 768w, https:\/\/nirananda-media.de\/wp-content\/uploads\/2023\/07\/sdw-frontseite-1174x1536.jpg 1174w, https:\/\/nirananda-media.de\/wp-content\/uploads\/2023\/07\/sdw-frontseite-1566x2048.jpg 1566w, https:\/\/nirananda-media.de\/wp-content\/uploads\/2023\/07\/sdw-frontseite-100x131.jpg 100w, https:\/\/nirananda-media.de\/wp-content\/uploads\/2023\/07\/sdw-frontseite-150x196.jpg 150w, https:\/\/nirananda-media.de\/wp-content\/uploads\/2023\/07\/sdw-frontseite-200x262.jpg 200w, https:\/\/nirananda-media.de\/wp-content\/uploads\/2023\/07\/sdw-frontseite-300x392.jpg 300w, https:\/\/nirananda-media.de\/wp-content\/uploads\/2023\/07\/sdw-frontseite-450x589.jpg 450w, https:\/\/nirananda-media.de\/wp-content\/uploads\/2023\/07\/sdw-frontseite-600x785.jpg 600w, https:\/\/nirananda-media.de\/wp-content\/uploads\/2023\/07\/sdw-frontseite-900x1177.jpg 900w, https:\/\/nirananda-media.de\/wp-content\/uploads\/2023\/07\/sdw-frontseite-scaled.jpg 1957w\" sizes=\"auto, (max-width: 783px) 100vw, 783px\" \/><\/figure><div class=\"wp-block-media-text__content\">\n<p>Haben wir uns alle nicht gelegentlich schon einmal gew\u00fcnscht, wirklich Teil des Romans oder des Films zu werden, in den wir gerade vertieft sind?<\/p>\n\n\n\n<p>Genau das erm\u00f6glicht uns die&nbsp;Navi-Septa-Trilogie. Sie spielt zwar auf einem weit entfernten Planeten, doch am Ende kann der Leser das buchst\u00e4bliche Erwachen der &#8222;Neuen Sieben&#8220; selbst erleben.<\/p>\n\n\n\n<p><\/p>\n<\/div><\/div>\n\n\n\n<hr class=\"wp-block-separator has-alpha-channel-opacity\"\/>\n\n\n\n<div class=\"wp-block-media-text alignwide has-media-on-the-right is-stacked-on-mobile\"><div class=\"wp-block-media-text__content\">\n<p>Die Handlung der B\u00fccher dreht sich um sieben Kinder, die im Laufe der Geschichten erwachsen werden. Sie finden eine Prophezeiung, die die Rettung ihres von finsteren Zauberern regierten Landes Teletsia verspricht und die sowohl k\u00f6rperliche Gewalt als auch schwarze Magie benutzen, um an der Macht zu bleiben. Gemeinsam reisen die Kinder in ein weit entlegenes Land im Norden ihrer Welt, wo sie subtile Kr\u00e4fte erhalten. Diese versetzen sie in die Lage, ihr Land eines Besseren zu belehren und dem \u00dcblen den Garaus zu machen, das es im W\u00fcrgegriff h\u00e4lt.<\/p>\n<\/div><figure class=\"wp-block-media-text__media\"><img loading=\"lazy\" decoding=\"async\" width=\"784\" height=\"1024\" src=\"https:\/\/nirananda-media.de\/wp-content\/uploads\/2023\/07\/sdw-rueckseite-784x1024.jpg\" alt=\"\" class=\"wp-image-651 size-full\" srcset=\"https:\/\/nirananda-media.de\/wp-content\/uploads\/2023\/07\/sdw-rueckseite-784x1024.jpg 784w, https:\/\/nirananda-media.de\/wp-content\/uploads\/2023\/07\/sdw-rueckseite-230x300.jpg 230w, https:\/\/nirananda-media.de\/wp-content\/uploads\/2023\/07\/sdw-rueckseite-768x1003.jpg 768w, https:\/\/nirananda-media.de\/wp-content\/uploads\/2023\/07\/sdw-rueckseite-1176x1536.jpg 1176w, https:\/\/nirananda-media.de\/wp-content\/uploads\/2023\/07\/sdw-rueckseite-1569x2048.jpg 1569w, https:\/\/nirananda-media.de\/wp-content\/uploads\/2023\/07\/sdw-rueckseite-100x131.jpg 100w, https:\/\/nirananda-media.de\/wp-content\/uploads\/2023\/07\/sdw-rueckseite-150x196.jpg 150w, https:\/\/nirananda-media.de\/wp-content\/uploads\/2023\/07\/sdw-rueckseite-200x261.jpg 200w, https:\/\/nirananda-media.de\/wp-content\/uploads\/2023\/07\/sdw-rueckseite-300x392.jpg 300w, https:\/\/nirananda-media.de\/wp-content\/uploads\/2023\/07\/sdw-rueckseite-450x588.jpg 450w, https:\/\/nirananda-media.de\/wp-content\/uploads\/2023\/07\/sdw-rueckseite-600x783.jpg 600w, https:\/\/nirananda-media.de\/wp-content\/uploads\/2023\/07\/sdw-rueckseite-900x1175.jpg 900w, https:\/\/nirananda-media.de\/wp-content\/uploads\/2023\/07\/sdw-rueckseite-scaled.jpg 1961w\" sizes=\"auto, (max-width: 784px) 100vw, 784px\" \/><\/figure><\/div>\n\n\n\n<hr class=\"wp-block-separator has-alpha-channel-opacity\"\/>\n\n\n\n<iframe frameborder=\"0\" scrolling=\"no\" style=\"border:0px\" src=\"https:\/\/books.google.de\/books?id=VDVwAwAAQBAJ&#038;newbks=1&#038;newbks_redir=0&#038;lpg=PA259&#038;dq=die%20schl%C3%BCssel%20der%20weisheit&#038;hl=de&#038;pg=PP1&#038;output=embed\" width=700 height=900><\/iframe>\n\n\n\n<hr class=\"wp-block-separator has-alpha-channel-opacity\"\/>\n\n\n\n<h2 class=\"wp-block-heading has-text-align-center\">Buch bestellen<\/h2>\n\n\n\n<hr class=\"wp-block-separator has-alpha-channel-opacity\"\/>\n\n\n\n<figure class=\"wp-block-table aligncenter is-style-regular\"><table class=\"has-fixed-layout\"><tbody><tr><td class=\"has-text-align-right\" data-align=\"right\">ISBN-13 (Paperback)<\/td><td class=\"has-text-align-left\" data-align=\"left\"><strong><strong>978-3-7357-1964-5<\/strong><\/strong><\/td><\/tr><tr><td class=\"has-text-align-right\" data-align=\"right\">ISBN-13 (E-Book)<\/td><td class=\"has-text-align-left\" data-align=\"left\"><strong><strong>978-3-7357-7617-4<\/strong><\/strong><\/td><\/tr><\/tbody><\/table><\/figure>\n\n\n\n<p class=\"has-text-align-center\">Die Ausgaben ist mit den o. g. ISBN in <strong>allen lokalen und Online-Buchhandlungen\/Shops in Deutschland, \u00d6sterreich und der Schweiz sowie international bestellbar<\/strong>. Die internationale Ausgabe wird an landes\u00fcbliche Formate angepasst und enth\u00e4lt im Buchblock keine farbigen Abbildungen.<br><br><strong><strong>Bei Bestellungen \u00fcber\u00a0<a rel=\"noreferrer noopener\" href=\"https:\/\/www.bod.de\/\" target=\"_blank\">Books on Demand<\/a>\u00a0ist der Standardversand (3-7 Tage) in Deutschland, nach \u00d6sterreich und in die Schweiz kostenfrei.<\/strong><\/strong><\/p>\n\n\n\n<div class=\"wp-block-buttons is-content-justification-center is-layout-flex wp-container-core-buttons-is-layout-16018d1d wp-block-buttons-is-layout-flex\">\n<div class=\"wp-block-button\"><a class=\"wp-block-button__link wp-element-button\" href=\"https:\/\/www.bod.de\/buchshop\/das-erwachen-von-navi-septa-die-schluessel-der-weisheit-linda-williams-9783735719645\" style=\"border-radius:100px\" target=\"_blank\" rel=\"noreferrer noopener\">zum BoD-Shop<\/a><\/div>\n<\/div>\n\n\n\n<hr class=\"wp-block-separator has-alpha-channel-opacity\"\/>\n\n\n\n<p class=\"has-text-align-center\"><strong>Journalisten<\/strong> k\u00f6nnen \u00fcber <a rel=\"noreferrer noopener\" href=\"mailto:presse@bod.de\" target=\"_blank\">presse@bod.de<\/a> und bei Vorlage eines Presseausweises <strong>kostenlose Rezensionsexemplare<\/strong> bestellen.<\/p>\n\n\n\n<hr class=\"wp-block-separator has-alpha-channel-opacity\"\/>\n\n\n\n<div class=\"wp-block-buttons is-content-justification-center is-layout-flex wp-container-core-buttons-is-layout-16018d1d wp-block-buttons-is-layout-flex\">\n<div class=\"wp-block-button\"><a class=\"wp-block-button__link wp-element-button\" href=\"https:\/\/www.sahajbooks.org\/collection\/THE-KEYS-OF-WISDOM\" style=\"border-radius:100px\" target=\"_blank\" rel=\"noreferrer noopener\">weitere Ausgaben<\/a><\/div>\n<\/div>\n\n\n\n<hr class=\"wp-block-separator has-alpha-channel-opacity\"\/>\n<\/div>\n\n\n\n<div class=\"wp-block-column is-layout-flow wp-block-column-is-layout-flow\"><\/div>\n<\/div>\n","protected":false},"excerpt":{"rendered":"<p>Linda Williams Die Schl\u00fcssel der Weisheit Eine Fantasie der Wirklichkeit Haben wir uns alle nicht gelegentlich schon einmal gew\u00fcnscht, wirklich Teil des Romans oder des Films zu werden, in den wir gerade vertieft sind? Genau das erm\u00f6glicht uns die&nbsp;Navi-Septa-Trilogie. Sie &hellip;<\/p>\n<p class=\"read-more\"> <a class=\"more-link\" href=\"https:\/\/nirananda-media.de\/?page_id=1148\"> <span class=\"screen-reader-text\">Die Schl\u00fcssel der Weisheit<\/span> Weiterlesen &raquo;<\/a><\/p>\n","protected":false},"author":1,"featured_media":0,"parent":0,"menu_order":0,"comment_status":"closed","ping_status":"closed","template":"","meta":{"footnotes":""},"class_list":["post-1148","page","type-page","status-publish","hentry"],"_links":{"self":[{"href":"https:\/\/nirananda-media.de\/index.php?rest_route=\/wp\/v2\/pages\/1148","targetHints":{"allow":["GET"]}}],"collection":[{"href":"https:\/\/nirananda-media.de\/index.php?rest_route=\/wp\/v2\/pages"}],"about":[{"href":"https:\/\/nirananda-media.de\/index.php?rest_route=\/wp\/v2\/types\/page"}],"author":[{"embeddable":true,"href":"https:\/\/nirananda-media.de\/index.php?rest_route=\/wp\/v2\/users\/1"}],"replies":[{"embeddable":true,"href":"https:\/\/nirananda-media.de\/index.php?rest_route=%2Fwp%2Fv2%2Fcomments&post=1148"}],"version-history":[{"count":3,"href":"https:\/\/nirananda-media.de\/index.php?rest_route=\/wp\/v2\/pages\/1148\/revisions"}],"predecessor-version":[{"id":2040,"href":"https:\/\/nirananda-media.de\/index.php?rest_route=\/wp\/v2\/pages\/1148\/revisions\/2040"}],"wp:attachment":[{"href":"https:\/\/nirananda-media.de\/index.php?rest_route=%2Fwp%2Fv2%2Fmedia&parent=1148"}],"curies":[{"name":"wp","href":"https:\/\/api.w.org\/{rel}","templated":true}]}}