{"id":1113,"date":"2023-07-08T13:21:21","date_gmt":"2023-07-08T13:21:21","guid":{"rendered":"https:\/\/nirananda-media.de\/?page_id=1113"},"modified":"2023-07-08T13:22:18","modified_gmt":"2023-07-08T13:22:18","slug":"freuds-betrug","status":"publish","type":"page","link":"https:\/\/nirananda-media.de\/?page_id=1113","title":{"rendered":"Freuds Betrug"},"content":{"rendered":"\n<div class=\"wp-block-columns alignwide is-layout-flex wp-container-core-columns-is-layout-9d6595d7 wp-block-columns-is-layout-flex\">\n<div class=\"wp-block-column is-layout-flow wp-block-column-is-layout-flow\"><\/div>\n\n\n\n<div class=\"wp-block-column is-layout-flow wp-block-column-is-layout-flow\" style=\"flex-basis:1000px\">\n<hr class=\"wp-block-separator has-alpha-channel-opacity\"\/>\n\n\n\n<h2 class=\"wp-block-heading has-text-align-center\">E. Fuller Torrey<\/h2>\n\n\n\n<h1 class=\"wp-block-heading has-text-align-center\">Freuds Betrug<\/h1>\n\n\n\n<p class=\"has-text-align-center\">Der destruktive Einfluss von Freuds Theorie auf die amerikanische und westliche Denkweise und Kultur<\/p>\n\n\n\n<hr class=\"wp-block-separator has-alpha-channel-opacity\"\/>\n\n\n\n<div class=\"wp-block-media-text alignwide is-stacked-on-mobile\"><figure class=\"wp-block-media-text__media\"><img loading=\"lazy\" decoding=\"async\" width=\"806\" height=\"1024\" src=\"https:\/\/nirananda-media.de\/wp-content\/uploads\/2023\/07\/freuds-betrug-806x1024.jpg\" alt=\"\" class=\"wp-image-645 size-full\" srcset=\"https:\/\/nirananda-media.de\/wp-content\/uploads\/2023\/07\/freuds-betrug-806x1024.jpg 806w, https:\/\/nirananda-media.de\/wp-content\/uploads\/2023\/07\/freuds-betrug-236x300.jpg 236w, https:\/\/nirananda-media.de\/wp-content\/uploads\/2023\/07\/freuds-betrug-768x976.jpg 768w, https:\/\/nirananda-media.de\/wp-content\/uploads\/2023\/07\/freuds-betrug-1208x1536.jpg 1208w, https:\/\/nirananda-media.de\/wp-content\/uploads\/2023\/07\/freuds-betrug-1611x2048.jpg 1611w, https:\/\/nirananda-media.de\/wp-content\/uploads\/2023\/07\/freuds-betrug-100x127.jpg 100w, https:\/\/nirananda-media.de\/wp-content\/uploads\/2023\/07\/freuds-betrug-150x191.jpg 150w, https:\/\/nirananda-media.de\/wp-content\/uploads\/2023\/07\/freuds-betrug-200x254.jpg 200w, https:\/\/nirananda-media.de\/wp-content\/uploads\/2023\/07\/freuds-betrug-300x381.jpg 300w, https:\/\/nirananda-media.de\/wp-content\/uploads\/2023\/07\/freuds-betrug-450x572.jpg 450w, https:\/\/nirananda-media.de\/wp-content\/uploads\/2023\/07\/freuds-betrug-600x763.jpg 600w, https:\/\/nirananda-media.de\/wp-content\/uploads\/2023\/07\/freuds-betrug-900x1144.jpg 900w, https:\/\/nirananda-media.de\/wp-content\/uploads\/2023\/07\/freuds-betrug-scaled.jpg 2014w\" sizes=\"auto, (max-width: 806px) 100vw, 806px\" \/><\/figure><div class=\"wp-block-media-text__content\">\n<p class=\"has-text-align-center\">Auf der Grundlage seiner ausgezeichneten Recherchen beschreibt und bewertet E. Fuller Torrey die Entwicklung, Ausbreitung und den Einfluss der freudschen Theorie von ihren Anf\u00e4ngen an in Wien Ende des 19. Jahrhunderts. Obwohl anfangs bel\u00e4chelt, machte vor allem in Amerika Freuds Auffassung, dass menschliches Verhalten in erster Linie von sexuellen und anderen niederen Trieben bestimmt wird, eine beispiellose Karriere und wurde besonders in den sonst so kritischen Bildungsschichten in den Status einer Ersatzreligion gehoben. Zun\u00e4chst nur als exotische Pflanze in den Gew\u00e4chsh\u00e4usern der New Yorker Intellektuellen kultiviert, erreichten freudsche Motivtheorien in Wechselwirkung mit anderen Str\u00f6mungen wie der&nbsp;<em>Nature-Nurture-<\/em>Debatte, als Ersatz f\u00fcr den Marxismus und zusammen mit der Sexuellen Revolution besonders nach dem Zweiten Weltkrieg im Umfeld des sozialen Aktivismus und politischen Liberalismus der 1960er Jahre ungeahnte Popularit\u00e4t. Im Laufe eines Jahrhunderts wurden als Folge der bis heute andauernden Anerkennung freudscher Denkweisen fast alle wichtigen gesellschaftlichen Bereiche wie Anthropologie, Soziologie, Kinderziehung, Bildungs- und Gesundheitswesen, Rechtsprechung, Strafvollzug und gro\u00dfe Teile der Medienlandschaft und Unterhaltungsindustrie nicht nur in Amerika, sondern eigentlich in allen westlich orientierten Gesellschaften, mehr oder weniger unbemerkt, doch \u00e4u\u00dferst effektiv beeinflusst. Noch weitergehend wurde freudsches Gedankengut in den ungepr\u00fcften Glauben von Durchschnittsmann und -frau eingeimpft.[1]&nbsp;<\/p>\n<\/div><\/div>\n\n\n\n<hr class=\"wp-block-separator has-alpha-channel-opacity\"\/>\n\n\n\n<div class=\"wp-block-media-text alignwide has-media-on-the-right is-stacked-on-mobile\"><div class=\"wp-block-media-text__content\">\n<p class=\"has-text-align-center\">Obwohl man nicht verleugnen kann, dass bestimmte Aspekte oder Elemente von Freuds Theorie richtig sind \u2013 die er zu einem gro\u00dfen Teil aber auch von anderen \u00fcbernommen hat \u2013, kann vielen seiner grundlegenden Behauptungen mangels Nachpr\u00fcfbarkeit nicht zugestimmt werden. Torrey weist anhand vieler Studien nach, dass z. B. ein Zusammenhang zwischen fr\u00fchkindlichen Entwicklungsphasen (\u00f6dipal, oral, anal) und erwachsenen Pers\u00f6nlichkeitsmerkmalen nie erbracht werden konnte. Somit stellen die auf diesen zentralen Annahmen basierenden Formen Freud-gepr\u00e4gter Psychotherapien und -beratungen eigentlich einen Betrug dar \u2013 wenn man so will \u201eFreudsche Fehlleistungen\u201c. In seiner Bilanz kommt Torrey im Einklang mit vielen anderen zu dem Schluss, dass die Anwendung freudscher Lehren zwar auch Positives bewirkt hat, dass negative Auswirkungen wie Narzissmus, Verantwortungslosigkeit, Diskriminierung von Frauen und falsch verteilte Ressourcen stark \u00fcberwiegen.<\/p>\n\n\n\n<p class=\"has-text-align-center\">Speziell die von freudschen Ansichten stark beeinflusste psychotherapeutische Szene und damit verbunden auch die so genannte Human-Potential-Bewegung ist sicherlich mit den besten Absichten an das Thema Selbstfindung und -verwirklichung herangegangen. Doch Torrey zeigt, dass auch dieser Bereich stark von ber\u00fchmten Anh\u00e4ngern der freudschen Lehre wie Wilhelm Reich, Paul Goodman oder Fritz Perls beeinflusst wurde.<\/p>\n\n\n\n<p class=\"has-text-align-center\">Wie im Vorwort zu dieser ersten deutschen Ausgabe dargelegt wird, muss man jedoch nicht nur aus wissenschaftlicher Sicht die auf freudschem Denken gr\u00fcndenden Ans\u00e4tze in Frage stellen, sondern auch aus spiritueller. Ein dem Menschen zu Grunde liegendes spirituelles System ist aus heiligen Texten fast aller gro\u00dfen Kulturen lange bekannt. Durch eine Aktualisierung und Bereinigung dieses Wissens \u2013 wie es etwa durch Shri Mataji Nirmala Devis Methode zur Selbst-Verwirklichung erreicht wird \u2013 ist es f\u00fcr jeden Einzelnen m\u00f6glich zu erkennen, wie unvollst\u00e4ndig, falsch und sch\u00e4dlich Freuds Ideen waren und sind. Als Basis f\u00fcr eine brauchbare Selbsterkenntnis taugen Freuds Methoden aus spiritueller Sicht keinesfalls \u2013 im Gegenteil, sie f\u00fchren in die Irre und in Sackgassen.<\/p>\n<\/div><figure class=\"wp-block-media-text__media\"><img loading=\"lazy\" decoding=\"async\" width=\"756\" height=\"1024\" src=\"https:\/\/nirananda-media.de\/wp-content\/uploads\/2023\/07\/freuds-betrug_back-756x1024.jpg\" alt=\"\" class=\"wp-image-458 size-full\" srcset=\"https:\/\/nirananda-media.de\/wp-content\/uploads\/2023\/07\/freuds-betrug_back-756x1024.jpg 756w, https:\/\/nirananda-media.de\/wp-content\/uploads\/2023\/07\/freuds-betrug_back-221x300.jpg 221w, https:\/\/nirananda-media.de\/wp-content\/uploads\/2023\/07\/freuds-betrug_back-768x1041.jpg 768w, https:\/\/nirananda-media.de\/wp-content\/uploads\/2023\/07\/freuds-betrug_back-1133x1536.jpg 1133w, https:\/\/nirananda-media.de\/wp-content\/uploads\/2023\/07\/freuds-betrug_back-1511x2048.jpg 1511w, https:\/\/nirananda-media.de\/wp-content\/uploads\/2023\/07\/freuds-betrug_back-100x136.jpg 100w, https:\/\/nirananda-media.de\/wp-content\/uploads\/2023\/07\/freuds-betrug_back-150x203.jpg 150w, https:\/\/nirananda-media.de\/wp-content\/uploads\/2023\/07\/freuds-betrug_back-200x271.jpg 200w, https:\/\/nirananda-media.de\/wp-content\/uploads\/2023\/07\/freuds-betrug_back-300x407.jpg 300w, https:\/\/nirananda-media.de\/wp-content\/uploads\/2023\/07\/freuds-betrug_back-450x610.jpg 450w, https:\/\/nirananda-media.de\/wp-content\/uploads\/2023\/07\/freuds-betrug_back-600x813.jpg 600w, https:\/\/nirananda-media.de\/wp-content\/uploads\/2023\/07\/freuds-betrug_back-900x1220.jpg 900w, https:\/\/nirananda-media.de\/wp-content\/uploads\/2023\/07\/freuds-betrug_back-scaled.jpg 1889w\" sizes=\"auto, (max-width: 756px) 100vw, 756px\" \/><\/figure><\/div>\n\n\n\n<hr class=\"wp-block-separator has-alpha-channel-opacity\"\/>\n\n\n\n<p>Welche hohe Bedeutung das Selbst, also das Es hat, erkannte und erfuhr auch C. G. Jung nach seiner Trennung von Freud:<\/p>\n\n\n\n<p><em>Er beschrieb sp\u00e4ter das Unbewusste als Quelle und Ursprung aller gro\u00dfen, kreativen Ideen, als Basis aller Wirklichkeit, und nicht etwa wie Freud in seiner beschr\u00e4nkten und destruktiven Sichtweise als pers\u00f6nlichen Abfalleimer voll primitiver Triebe.[2]<\/em><\/p>\n\n\n\n<p>Und weiter:<\/p>\n\n\n\n<p><em>&#8230; die innerseelische Wirklichkeit in jedem Menschen hat letztlich eine geheime Zielstrebigkeit, das Selbst zu verwirklichen.[3]<\/em><\/p>\n\n\n\n<hr class=\"wp-block-separator has-alpha-channel-opacity\"\/>\n\n\n\n<p>Letztlich kann man sich Fuller Torreys Res\u00fcmee anschlie\u00dfen, wenn er sagt, dass es&nbsp;die Herausforderung f\u00fcr das 21. Jahrhundert ist, das menschliche Verhalten auf ein festeres wissenschaftliches Fundament zu stellen:<\/p>\n\n\n\n<p><em>Da sie keine wissenschaftliche Basis hat, w\u00fcrde die freudsche Theorie keine Rolle mehr bei diesem Versuch spielen. Langsam wird sie deshalb aus dem Blickfeld verschwinden, so wie es die Grinsekatze einst tat \u2013 au\u00dfer dass in diesem Fall das Grinsen zuerst und die Geschlechtsorgane ganz zum Schluss verschwinden werden.<\/em><\/p>\n\n\n\n<p>Ebenso schreibt Shri Mataji Nirmala Devi:<\/p>\n\n\n\n<p><em>So wie es aussieht, scheint es aber notwendig, zun\u00e4chst die Eltern selbst im Hinblick auf ihre Verantwortung und ihre spirituellen Pflichten zu erziehen. Als allererstes muss daf\u00fcr das zerst\u00f6rerische Verm\u00e4chtnis Freuds ein f\u00fcr alle Mal \u00fcber Bord geworfen werden. Es kann dadurch geschehen, dass die freudsche Psychologie aus den Unterrichtspl\u00e4nen der Schulen und Universit\u00e4ten gestrichen wird.[4]&nbsp;<\/em>&nbsp;<\/p>\n\n\n\n<p><\/p>\n\n\n\n<hr class=\"wp-block-separator has-alpha-channel-opacity\"\/>\n\n\n\n<iframe frameborder=\"0\" scrolling=\"no\" style=\"border:0px\" src=\"https:\/\/books.google.de\/books?id=t9_eCAAAQBAJ&#038;newbks=1&#038;newbks_redir=0&#038;lpg=PA221&#038;dq=freuds%20betrug&#038;hl=de&#038;pg=PP1&#038;output=embed\" width=700 height=900><\/iframe>\n\n\n\n<hr class=\"wp-block-separator has-alpha-channel-opacity\"\/>\n\n\n\n<h2 class=\"wp-block-heading has-text-align-center\">Buch bestellen<\/h2>\n\n\n\n<hr class=\"wp-block-separator has-alpha-channel-opacity\"\/>\n\n\n\n<figure class=\"wp-block-table aligncenter is-style-regular\"><table class=\"has-fixed-layout\"><tbody><tr><td class=\"has-text-align-right\" data-align=\"right\">ISBN-13 (Paperback)<\/td><td class=\"has-text-align-left\" data-align=\"left\"><strong>978-3-7347-1529-7<\/strong><\/td><\/tr><tr><td class=\"has-text-align-right\" data-align=\"right\">ISBN-13 (E-Book)<\/td><td class=\"has-text-align-left\" data-align=\"left\"><strong>978-3-7392-8921-2<\/strong><\/td><\/tr><\/tbody><\/table><\/figure>\n\n\n\n<p class=\"has-text-align-center\">Die Ausgaben ist mit den o. g. ISBN in <strong>allen lokalen und Online-Buchhandlungen\/Shops in Deutschland, \u00d6sterreich und der Schweiz sowie international bestellbar<\/strong>. Die internationale Ausgabe wird an landes\u00fcbliche Formate angepasst und enth\u00e4lt im Buchblock keine farbigen Abbildungen.<br><br><strong>Bei Bestellungen \u00fcber <a rel=\"noreferrer noopener\" href=\"https:\/\/www.bod.de\/\" target=\"_blank\">Books on Demand<\/a> ist der Versand in Deutschland kostenfrei.<\/strong><\/p>\n\n\n\n<div class=\"wp-block-buttons is-content-justification-center is-layout-flex wp-container-core-buttons-is-layout-16018d1d wp-block-buttons-is-layout-flex\">\n<div class=\"wp-block-button\"><a class=\"wp-block-button__link wp-element-button\" href=\"https:\/\/www.bod.de\/buchshop\/freuds-betrug-e-fuller-torrey-9783734715297\" style=\"border-radius:100px\" target=\"_blank\" rel=\"noreferrer noopener\">zum BoD-Shop<\/a><\/div>\n<\/div>\n\n\n\n<hr class=\"wp-block-separator has-alpha-channel-opacity\"\/>\n\n\n\n<p class=\"has-text-align-center\"><strong>Journalisten<\/strong> k\u00f6nnen \u00fcber <a rel=\"noreferrer noopener\" href=\"mailto:presse@bod.de\" target=\"_blank\">presse@bod.de<\/a> und bei Vorlage eines Presseausweises <strong>kostenlose Rezensionsexemplare<\/strong> bestellen.<\/p>\n\n\n\n<hr class=\"wp-block-separator has-alpha-channel-opacity\"\/>\n\n\n\n<div class=\"wp-block-buttons is-content-justification-center is-layout-flex wp-container-core-buttons-is-layout-16018d1d wp-block-buttons-is-layout-flex\">\n<div class=\"wp-block-button\"><a class=\"wp-block-button__link wp-element-button\" href=\"https:\/\/en.wikipedia.org\/wiki\/E._Fuller_Torrey#Bibliography\" style=\"border-radius:100px\" target=\"_blank\" rel=\"noreferrer noopener\">weitere Ausgaben und Werke des Autors<\/a><\/div>\n<\/div>\n\n\n\n<hr class=\"wp-block-separator has-alpha-channel-opacity\"\/>\n\n\n\n<p>[1]&nbsp;Fisher, S. and Roger P. Greenberg, 1977:&nbsp;The Scientific Credibility of Freud&#8217;s Theories and Therapy&nbsp;(New York: Basic Books)<\/p>\n\n\n\n<p class=\"has-text-align-left\">[2] Nirmala Devi, Shri Mataji, 2018:&nbsp;Das metamoderne Zeitalter&nbsp;(Dallgow: Sahaja Yoga Germany e. V. (Hrsg.)<\/p>\n\n\n\n<p class=\"has-text-align-left\">[3]&nbsp;Jung, C. G. , Franz, M.-L., Henderson, J. L., Jacobi , J. und A. Jaff\u00e9 ), 1980:&nbsp;Der Mensch und seine Symbole. (Olten: Walter)<\/p>\n\n\n\n<p class=\"has-text-align-left\">[4] Nirmala Devi, Shri Mataji, 2018:&nbsp;Das metamoderne Zeitalter.<\/p>\n<\/div>\n\n\n\n<div class=\"wp-block-column is-layout-flow wp-block-column-is-layout-flow\"><\/div>\n<\/div>\n","protected":false},"excerpt":{"rendered":"<p>E. Fuller Torrey Freuds Betrug Der destruktive Einfluss von Freuds Theorie auf die amerikanische und westliche Denkweise und Kultur Auf der Grundlage seiner ausgezeichneten Recherchen beschreibt und bewertet E. Fuller Torrey die Entwicklung, Ausbreitung und den Einfluss der freudschen Theorie &hellip;<\/p>\n<p class=\"read-more\"> <a class=\"more-link\" href=\"https:\/\/nirananda-media.de\/?page_id=1113\"> <span class=\"screen-reader-text\">Freuds Betrug<\/span> Weiterlesen &raquo;<\/a><\/p>\n","protected":false},"author":1,"featured_media":0,"parent":0,"menu_order":0,"comment_status":"closed","ping_status":"closed","template":"","meta":{"footnotes":""},"class_list":["post-1113","page","type-page","status-publish","hentry"],"_links":{"self":[{"href":"https:\/\/nirananda-media.de\/index.php?rest_route=\/wp\/v2\/pages\/1113","targetHints":{"allow":["GET"]}}],"collection":[{"href":"https:\/\/nirananda-media.de\/index.php?rest_route=\/wp\/v2\/pages"}],"about":[{"href":"https:\/\/nirananda-media.de\/index.php?rest_route=\/wp\/v2\/types\/page"}],"author":[{"embeddable":true,"href":"https:\/\/nirananda-media.de\/index.php?rest_route=\/wp\/v2\/users\/1"}],"replies":[{"embeddable":true,"href":"https:\/\/nirananda-media.de\/index.php?rest_route=%2Fwp%2Fv2%2Fcomments&post=1113"}],"version-history":[{"count":3,"href":"https:\/\/nirananda-media.de\/index.php?rest_route=\/wp\/v2\/pages\/1113\/revisions"}],"predecessor-version":[{"id":1169,"href":"https:\/\/nirananda-media.de\/index.php?rest_route=\/wp\/v2\/pages\/1113\/revisions\/1169"}],"wp:attachment":[{"href":"https:\/\/nirananda-media.de\/index.php?rest_route=%2Fwp%2Fv2%2Fmedia&parent=1113"}],"curies":[{"name":"wp","href":"https:\/\/api.w.org\/{rel}","templated":true}]}}