{"id":1111,"date":"2023-07-08T13:08:20","date_gmt":"2023-07-08T13:08:20","guid":{"rendered":"https:\/\/nirananda-media.de\/?page_id=1111"},"modified":"2023-07-08T13:08:20","modified_gmt":"2023-07-08T13:08:20","slug":"diesem-letzten","status":"publish","type":"page","link":"https:\/\/nirananda-media.de\/?page_id=1111","title":{"rendered":"Diesem Letzten"},"content":{"rendered":"\n<div class=\"wp-block-columns alignwide is-layout-flex wp-container-core-columns-is-layout-9d6595d7 wp-block-columns-is-layout-flex\">\n<div class=\"wp-block-column is-layout-flow wp-block-column-is-layout-flow\"><\/div>\n\n\n\n<div class=\"wp-block-column is-layout-flow wp-block-column-is-layout-flow\" style=\"flex-basis:1000px\">\n<hr class=\"wp-block-separator has-alpha-channel-opacity\"\/>\n\n\n\n<h2 class=\"wp-block-heading has-text-align-center\">John Ruskin<\/h2>\n\n\n\n<h1 class=\"wp-block-heading has-text-align-center\">Diesem Letzten<\/h1>\n\n\n\n<p class=\"has-text-align-center\">Vier Aufs\u00e4tze \u00fcber die wichtigsten Prinzipien der Volkswirtschaft<\/p>\n\n\n\n<hr class=\"wp-block-separator has-alpha-channel-opacity\"\/>\n\n\n\n<div class=\"wp-block-media-text alignwide is-stacked-on-mobile\"><figure class=\"wp-block-media-text__media\"><img loading=\"lazy\" decoding=\"async\" width=\"722\" height=\"1024\" src=\"https:\/\/nirananda-media.de\/wp-content\/uploads\/2023\/07\/ruskin_103_front-722x1024.jpg\" alt=\"\" class=\"wp-image-647 size-full\" srcset=\"https:\/\/nirananda-media.de\/wp-content\/uploads\/2023\/07\/ruskin_103_front-722x1024.jpg 722w, https:\/\/nirananda-media.de\/wp-content\/uploads\/2023\/07\/ruskin_103_front-211x300.jpg 211w, https:\/\/nirananda-media.de\/wp-content\/uploads\/2023\/07\/ruskin_103_front-768x1090.jpg 768w, https:\/\/nirananda-media.de\/wp-content\/uploads\/2023\/07\/ruskin_103_front-1083x1536.jpg 1083w, https:\/\/nirananda-media.de\/wp-content\/uploads\/2023\/07\/ruskin_103_front-1444x2048.jpg 1444w, https:\/\/nirananda-media.de\/wp-content\/uploads\/2023\/07\/ruskin_103_front-100x142.jpg 100w, https:\/\/nirananda-media.de\/wp-content\/uploads\/2023\/07\/ruskin_103_front-150x213.jpg 150w, https:\/\/nirananda-media.de\/wp-content\/uploads\/2023\/07\/ruskin_103_front-200x284.jpg 200w, https:\/\/nirananda-media.de\/wp-content\/uploads\/2023\/07\/ruskin_103_front-300x426.jpg 300w, https:\/\/nirananda-media.de\/wp-content\/uploads\/2023\/07\/ruskin_103_front-450x638.jpg 450w, https:\/\/nirananda-media.de\/wp-content\/uploads\/2023\/07\/ruskin_103_front-600x851.jpg 600w, https:\/\/nirananda-media.de\/wp-content\/uploads\/2023\/07\/ruskin_103_front-900x1277.jpg 900w, https:\/\/nirananda-media.de\/wp-content\/uploads\/2023\/07\/ruskin_103_front-scaled.jpg 1805w\" sizes=\"auto, (max-width: 722px) 100vw, 722px\" \/><\/figure><div class=\"wp-block-media-text__content\">\n<p class=\"has-text-align-center\">Vor etwa 150 Jahren verfasste John Ruskin zu Beginn der&nbsp;Industriellen Revolution&nbsp;mit &#8222;Diesem Letzten&#8220; eine der ersten Kritiken der Anf\u00e4nge dessen, was wir heute als Volks- und Betriebswirtschaft bezeichnen. Mit scharfem Verstand zeichnete er bereits damals die Schwachstellen der vornehmlich auf die Mehrung von Reichtum und Macht in den H\u00e4nden einzelner ausgerichteten Wissenschaft der \u00d6konomie auf. Er erkannte weiter die zwangsl\u00e4ufig auftretenden sozialen und \u00f6kologischen Kollateralsch\u00e4den der darin verankerten einseitigen Denkweise, die wir heute \u00fcberall beobachten k\u00f6nnen. Von den moralischen Standards, die Ruskin als Voraussetzungen f\u00fcr eine dauerhaft funktionierende Volkswirtschaft erachtete, postulierte er die Redlichkeit als wesentliche Eigenschaft eines \u00f6konomisch handelnden Individuums oder einer Gesellschaft. Das wichtigste Produkt einer Volkswirtschaft ist ihm zufolge nur ein Wohlstand, der dem Leben dient \u2013 sowie die Produktion von hochentwickelten und selbstbestimmten Seelen.&nbsp;<\/p>\n<\/div><\/div>\n\n\n\n<hr class=\"wp-block-separator has-alpha-channel-opacity\"\/>\n\n\n\n<div class=\"wp-block-media-text alignwide has-media-on-the-right is-stacked-on-mobile\"><div class=\"wp-block-media-text__content\">\n<p>Ruskins Werk beeinflusste seinerzeit die Denkweise gro\u00dfer Zeitgenossen. Mahatma K. Gandhi etwa beschloss, sein Leben an den Idealen des Buches auszurichten. Da Ruskins kritische Schlussfolgerungen aus den Theorien von&nbsp;John S. Mill,&nbsp;David Ricardo&nbsp;und&nbsp;Adam Smith&nbsp;offensichtlich auch heute immer noch aktuell sind, erschien eine Neu\u00fcbersetzung dieses leider im deutschen Sprachraum relativ unbekannten, obwohl zeitlosen und ma\u00dfgeblichen Meisterwerks der Sozialkritik gerade vor aktuellen Hintergr\u00fcnden einer neuen Banken- und Wirtschaftskrise, von Korruption und immer wieder sichtbar werdender wirtschaftlicher Selbstbezogenheit sinnvoll.<\/p>\n\n\n\n<p>Erweitert wurde die neue \u00dcbertragung mit erkl\u00e4renden und kommentierenden Anmerkungen sowie einem Vor- und Nachwort des&nbsp;\u00dcbersetzers. Letzteres nimmt insbesondere Ruskins ethische Ans\u00e4tze auf, hinterfragt auch sie und versucht, sie in ein aktualisiertes Modell der menschlichen Natur zu integrieren.<\/p>\n<\/div><figure class=\"wp-block-media-text__media\"><img loading=\"lazy\" decoding=\"async\" width=\"722\" height=\"1024\" src=\"https:\/\/nirananda-media.de\/wp-content\/uploads\/2023\/07\/ruskin_103_back-722x1024.jpg\" alt=\"\" class=\"wp-image-648 size-full\" srcset=\"https:\/\/nirananda-media.de\/wp-content\/uploads\/2023\/07\/ruskin_103_back-722x1024.jpg 722w, https:\/\/nirananda-media.de\/wp-content\/uploads\/2023\/07\/ruskin_103_back-211x300.jpg 211w, https:\/\/nirananda-media.de\/wp-content\/uploads\/2023\/07\/ruskin_103_back-768x1090.jpg 768w, https:\/\/nirananda-media.de\/wp-content\/uploads\/2023\/07\/ruskin_103_back-1083x1536.jpg 1083w, https:\/\/nirananda-media.de\/wp-content\/uploads\/2023\/07\/ruskin_103_back-1444x2048.jpg 1444w, https:\/\/nirananda-media.de\/wp-content\/uploads\/2023\/07\/ruskin_103_back-100x142.jpg 100w, https:\/\/nirananda-media.de\/wp-content\/uploads\/2023\/07\/ruskin_103_back-150x213.jpg 150w, https:\/\/nirananda-media.de\/wp-content\/uploads\/2023\/07\/ruskin_103_back-200x284.jpg 200w, https:\/\/nirananda-media.de\/wp-content\/uploads\/2023\/07\/ruskin_103_back-300x426.jpg 300w, https:\/\/nirananda-media.de\/wp-content\/uploads\/2023\/07\/ruskin_103_back-450x638.jpg 450w, https:\/\/nirananda-media.de\/wp-content\/uploads\/2023\/07\/ruskin_103_back-600x851.jpg 600w, https:\/\/nirananda-media.de\/wp-content\/uploads\/2023\/07\/ruskin_103_back-900x1277.jpg 900w, https:\/\/nirananda-media.de\/wp-content\/uploads\/2023\/07\/ruskin_103_back-scaled.jpg 1805w\" sizes=\"auto, (max-width: 722px) 100vw, 722px\" \/><\/figure><\/div>\n\n\n\n<hr class=\"wp-block-separator has-alpha-channel-opacity\"\/>\n\n\n\n<iframe frameborder=\"0\" scrolling=\"no\" style=\"border:0px\" src=\"https:\/\/books.google.de\/books?id=CISzCwAAQBAJ&#038;newbks=1&#038;newbks_redir=0&#038;lpg=PA89&#038;dq=diesem%20letzten%20ruskin&#038;hl=de&#038;pg=PP1&#038;output=embed\" width=700 height=900><\/iframe>\n\n\n\n<hr class=\"wp-block-separator has-alpha-channel-opacity\"\/>\n\n\n\n<h2 class=\"wp-block-heading has-text-align-center\">Buch bestellen<\/h2>\n\n\n\n<hr class=\"wp-block-separator has-alpha-channel-opacity\"\/>\n\n\n\n<figure class=\"wp-block-table aligncenter is-style-regular\"><table class=\"has-fixed-layout\"><tbody><tr><td class=\"has-text-align-right\" data-align=\"right\">ISBN-13 (Paperback)<\/td><td class=\"has-text-align-left\" data-align=\"left\"><strong>978-3-7392-0273-0<\/strong><\/td><\/tr><tr><td class=\"has-text-align-right\" data-align=\"right\">ISBN-13 (E-Book)<\/td><td class=\"has-text-align-left\" data-align=\"left\"><strong><strong>978-3-7392-8449-1<\/strong><\/strong><\/td><\/tr><\/tbody><\/table><\/figure>\n\n\n\n<p class=\"has-text-align-center\">Die Ausgaben ist mit den o. g. ISBN in <strong>allen lokalen und Online-Buchhandlungen\/Shops in Deutschland, \u00d6sterreich und der Schweiz sowie international bestellbar<\/strong>. Die internationale Ausgabe wird an landes\u00fcbliche Formate angepasst und enth\u00e4lt im Buchblock keine farbigen Abbildungen.<br><br><strong>Bei Bestellungen \u00fcber <a rel=\"noreferrer noopener\" href=\"https:\/\/www.bod.de\/\" target=\"_blank\">Books on Demand<\/a> ist der Versand in Deutschland kostenfrei.<\/strong><\/p>\n\n\n\n<div class=\"wp-block-buttons is-content-justification-center is-layout-flex wp-container-core-buttons-is-layout-16018d1d wp-block-buttons-is-layout-flex\">\n<div class=\"wp-block-button\"><a class=\"wp-block-button__link wp-element-button\" href=\"https:\/\/www.bod.de\/buchshop\/diesem-letzten-john-ruskin-9783739202730\" style=\"border-radius:100px\" target=\"_blank\" rel=\"noreferrer noopener\">zum BoD-Shop<\/a><\/div>\n<\/div>\n\n\n\n<hr class=\"wp-block-separator has-alpha-channel-opacity\"\/>\n\n\n\n<p class=\"has-text-align-center\"><strong>Journalisten<\/strong> k\u00f6nnen \u00fcber <a rel=\"noreferrer noopener\" href=\"mailto:presse@bod.de\" target=\"_blank\">presse@bod.de<\/a> und bei Vorlage eines Presseausweises <strong>kostenlose Rezensionsexemplare<\/strong> bestellen.<\/p>\n\n\n\n<hr class=\"wp-block-separator has-alpha-channel-opacity\"\/>\n\n\n\n<div class=\"wp-block-buttons is-content-justification-center is-layout-flex wp-container-core-buttons-is-layout-16018d1d wp-block-buttons-is-layout-flex\">\n<div class=\"wp-block-button\"><a class=\"wp-block-button__link wp-element-button\" href=\"https:\/\/www.lancaster.ac.uk\/the-ruskin\/the-complete-works-of-ruskin\/\" style=\"border-radius:100px\" target=\"_blank\" rel=\"noreferrer noopener\">weitere Ausgaben<\/a><\/div>\n<\/div>\n\n\n\n<hr class=\"wp-block-separator has-alpha-channel-opacity\"\/>\n<\/div>\n\n\n\n<div class=\"wp-block-column is-layout-flow wp-block-column-is-layout-flow\"><\/div>\n<\/div>\n","protected":false},"excerpt":{"rendered":"<p>John Ruskin Diesem Letzten Vier Aufs\u00e4tze \u00fcber die wichtigsten Prinzipien der Volkswirtschaft Vor etwa 150 Jahren verfasste John Ruskin zu Beginn der&nbsp;Industriellen Revolution&nbsp;mit &#8222;Diesem Letzten&#8220; eine der ersten Kritiken der Anf\u00e4nge dessen, was wir heute als Volks- und Betriebswirtschaft bezeichnen. &hellip;<\/p>\n<p class=\"read-more\"> <a class=\"more-link\" href=\"https:\/\/nirananda-media.de\/?page_id=1111\"> <span class=\"screen-reader-text\">Diesem Letzten<\/span> Weiterlesen &raquo;<\/a><\/p>\n","protected":false},"author":1,"featured_media":0,"parent":0,"menu_order":0,"comment_status":"closed","ping_status":"closed","template":"","meta":{"footnotes":""},"class_list":["post-1111","page","type-page","status-publish","hentry"],"_links":{"self":[{"href":"https:\/\/nirananda-media.de\/index.php?rest_route=\/wp\/v2\/pages\/1111","targetHints":{"allow":["GET"]}}],"collection":[{"href":"https:\/\/nirananda-media.de\/index.php?rest_route=\/wp\/v2\/pages"}],"about":[{"href":"https:\/\/nirananda-media.de\/index.php?rest_route=\/wp\/v2\/types\/page"}],"author":[{"embeddable":true,"href":"https:\/\/nirananda-media.de\/index.php?rest_route=\/wp\/v2\/users\/1"}],"replies":[{"embeddable":true,"href":"https:\/\/nirananda-media.de\/index.php?rest_route=%2Fwp%2Fv2%2Fcomments&post=1111"}],"version-history":[{"count":2,"href":"https:\/\/nirananda-media.de\/index.php?rest_route=\/wp\/v2\/pages\/1111\/revisions"}],"predecessor-version":[{"id":1165,"href":"https:\/\/nirananda-media.de\/index.php?rest_route=\/wp\/v2\/pages\/1111\/revisions\/1165"}],"wp:attachment":[{"href":"https:\/\/nirananda-media.de\/index.php?rest_route=%2Fwp%2Fv2%2Fmedia&parent=1111"}],"curies":[{"name":"wp","href":"https:\/\/api.w.org\/{rel}","templated":true}]}}