{"id":1109,"date":"2023-07-08T12:59:27","date_gmt":"2023-07-08T12:59:27","guid":{"rendered":"https:\/\/nirananda-media.de\/?page_id=1109"},"modified":"2023-07-08T13:01:12","modified_gmt":"2023-07-08T13:01:12","slug":"sadhana","status":"publish","type":"page","link":"https:\/\/nirananda-media.de\/?page_id=1109","title":{"rendered":"Sadhana"},"content":{"rendered":"\n<div class=\"wp-block-columns alignwide is-layout-flex wp-container-core-columns-is-layout-9d6595d7 wp-block-columns-is-layout-flex\">\n<div class=\"wp-block-column is-layout-flow wp-block-column-is-layout-flow\"><\/div>\n\n\n\n<div class=\"wp-block-column is-layout-flow wp-block-column-is-layout-flow\" style=\"flex-basis:1000px\">\n<hr class=\"wp-block-separator has-alpha-channel-opacity\"\/>\n\n\n\n<h2 class=\"wp-block-heading has-text-align-center\">Rabindranath Tagore<\/h2>\n\n\n\n<h1 class=\"wp-block-heading has-text-align-center\">Sadhana<\/h1>\n\n\n\n<p class=\"has-text-align-center\">Der Weg zur Wirklichkeit<\/p>\n\n\n\n<hr class=\"wp-block-separator has-alpha-channel-opacity\"\/>\n\n\n\n<div class=\"wp-block-media-text alignwide is-stacked-on-mobile\"><figure class=\"wp-block-media-text__media\"><img loading=\"lazy\" decoding=\"async\" width=\"712\" height=\"1024\" src=\"https:\/\/nirananda-media.de\/wp-content\/uploads\/2023\/07\/sadhana_2022_1505_front-712x1024.jpg\" alt=\"\" class=\"wp-image-656 size-full\" srcset=\"https:\/\/nirananda-media.de\/wp-content\/uploads\/2023\/07\/sadhana_2022_1505_front-712x1024.jpg 712w, https:\/\/nirananda-media.de\/wp-content\/uploads\/2023\/07\/sadhana_2022_1505_front-209x300.jpg 209w, https:\/\/nirananda-media.de\/wp-content\/uploads\/2023\/07\/sadhana_2022_1505_front-768x1104.jpg 768w, https:\/\/nirananda-media.de\/wp-content\/uploads\/2023\/07\/sadhana_2022_1505_front-1068x1536.jpg 1068w, https:\/\/nirananda-media.de\/wp-content\/uploads\/2023\/07\/sadhana_2022_1505_front-1424x2048.jpg 1424w, https:\/\/nirananda-media.de\/wp-content\/uploads\/2023\/07\/sadhana_2022_1505_front-100x144.jpg 100w, https:\/\/nirananda-media.de\/wp-content\/uploads\/2023\/07\/sadhana_2022_1505_front-150x216.jpg 150w, https:\/\/nirananda-media.de\/wp-content\/uploads\/2023\/07\/sadhana_2022_1505_front-200x288.jpg 200w, https:\/\/nirananda-media.de\/wp-content\/uploads\/2023\/07\/sadhana_2022_1505_front-300x431.jpg 300w, https:\/\/nirananda-media.de\/wp-content\/uploads\/2023\/07\/sadhana_2022_1505_front-450x647.jpg 450w, https:\/\/nirananda-media.de\/wp-content\/uploads\/2023\/07\/sadhana_2022_1505_front-600x863.jpg 600w, https:\/\/nirananda-media.de\/wp-content\/uploads\/2023\/07\/sadhana_2022_1505_front-900x1294.jpg 900w, https:\/\/nirananda-media.de\/wp-content\/uploads\/2023\/07\/sadhana_2022_1505_front-scaled.jpg 1781w\" sizes=\"auto, (max-width: 712px) 100vw, 712px\" \/><\/figure><div class=\"wp-block-media-text__content\">\n<p>Rabindranath Tagores 1913 erstmalig erschienenes&nbsp;<em>S\u0101dhan\u0101 \u2013 The Realization of Life<\/em>&nbsp;sieht die menschliche Essenz im Einklang mit und nicht getrennt von der spirituellen Essenz des Universums.<\/p>\n\n\n\n<p>Unter dem Sanskritausdruck&nbsp;<em>S\u0101dhan\u0101<\/em>&nbsp;versteht man das&nbsp;disziplinierte Streben,&nbsp;ein bestimmtes Ziel oder Wissen zu erreichen. Im Gegensatz zur eher westlichen Praxis der&nbsp;Mehrung von Macht und Besitz, liegt f\u00fcr Tagore das Ziel der tief verwurzelten spirituellen Traditionen Indiens im Erkennen und der Union der individuellen Seele mit der des Universums \u2013 ohne dabei die manifestierte Welt als solche zu negieren. Somit erteilt er auch ausschlie\u00dflich kontemplativen \u00f6stlichen Ansichten eine Absage.<\/p>\n\n\n\n<p>Um seinen Lebenssinn zu erf\u00fcllen, ist es die Aufgabe des Menschen, sein wahres Ich zu erkennen und die Einheit seiner Seele mit der des Universums&nbsp;\u2013der h\u00f6chsten Wirklichkeit \u2013 bewusst&nbsp; herzustellen.<\/p>\n\n\n\n<p>Dieses Einsseins kann der Mensch erst verwirklichen, wenn er selbstbezogene Interessen und Einstellungen \u00fcberwindet. Mit vielen Zitaten der&nbsp;<em>Upanischaden&nbsp;<\/em>zeigt Tagore, wie der Weg dahin bereits zum Ziel und die \u00dcberwindung von Unvollkommenheiten zum Spiel geh\u00f6ren. Selbstlose Liebe etwa, selbstloses Handeln oder das Erkennen des Einen in der Sch\u00f6nheit helfen, den Weg bis zur lebendigen absoluten Wirklichkeit zu beschreiten und bergen schon in sich einen Teil davon.<\/p>\n\n\n\n<p>Tagores Werk beantworte auch mehr als 100 Jahre nach seiner ersten Ver\u00f6ffentlichung immer noch die stets dr\u00e4ngender werdenden Fragen der Menschheit, die sich angesichts globaler \u201eL\u00fccken im System\u201c an&nbsp;dauerhafteren Werten orientieren m\u00f6chte. Die Tiefgr\u00fcndigkeit und Subtilit\u00e4t von&nbsp;<em>S\u0101dhan\u0101&nbsp;<\/em>stellen nicht nur einen Br\u00fcckenschlag zwischen \u00f6stlichen und westlichen Weltanschauungen dar, sondern verk\u00fcnden Tagores individuelle Erfahrung einer universellen Wahrheit auf einzigartige Weise.<\/p>\n<\/div><\/div>\n\n\n\n<hr class=\"wp-block-separator has-alpha-channel-opacity\"\/>\n\n\n\n<div class=\"wp-block-media-text alignwide has-media-on-the-right is-stacked-on-mobile\"><div class=\"wp-block-media-text__content\">\n<p>Als erster au\u00dfereurop\u00e4ischer&nbsp;<a href=\"https:\/\/www.nobelprize.org\/prizes\/literature\/1913\/summary\/\" target=\"_blank\" rel=\"noreferrer noopener\">Literaturnobelpreistr\u00e4ger<\/a>&nbsp;hat Tagore sein Werk wahrscheinlich nicht ohne Absicht in Englisch verfasst, denn das Thema verlangt per se ein globales und kein lokales Publikum. Stellvertretend wollte Tagore vielleicht auch einer westlichen Besatzungsmacht des damals noch kolonialen Indiens ein besseres Verst\u00e4ndnis \u00f6stlicher Weltanschauung vermitteln. Heutige Leser profitieren von Tagores west-\u00f6stlicher Sprachkompetenz, da er die zahlreichen in&nbsp;<em>S\u0101dhan\u0101&nbsp;<\/em>verwendeten Sanskrit-Zitate der&nbsp;<em>Upanischaden<\/em>, eigenh\u00e4ndig \u00fcbersetzte. Auch das in Bengali verfasste Original \u00fcbersetzt er selbst ins Englische und somit bildet beides eine gesicherte Basis f\u00fcr eine deutsche Neu\u00fcbersetzung und individuelle Recherchen.<\/p>\n\n\n\n<p>1915 wurde eine von Tagore autorisierte und heute noch zirkulierende deutsche&nbsp;<em>S\u0101dhan\u0101<\/em>-\u00dcbersetzung von Helene Meyer-Franck vorgelegt. Als Zeitgenossin von Tagore hatte sie das Gl\u00fcck, mit ihm pers\u00f6nlich korrespondieren zu k\u00f6nnen. Ohne ihre \u00dcbersetzung in Frage zu stellen, soll die unabh\u00e4ngige Neu\u00fcbersetzung das Werk dem heutigen Sprachgebrauch und der aktuellen Sanskrit-Transliteration anpassen.<\/p>\n\n\n\n<p>Hervorzuheben ist\u00a0bei dieser Neu\u00fcbersetzung unbedingt, dass darin erstmalig die M\u00f6glichkeit integriert wird, die von Tagore geforderte Verbindung der individuellen mit der universellen Seele\u00a0\u2013 die\u00a0<a href=\"https:\/\/nirananda-media.de\/?page_id=119\">Selbst-Verwirklichung\u00a0oder das Yoga<\/a>\u00a0\u2013\u00a0auch tats\u00e4chlich zu erfahren.<\/p>\n\n\n\n<p><\/p>\n<\/div><figure class=\"wp-block-media-text__media\"><img loading=\"lazy\" decoding=\"async\" width=\"711\" height=\"1024\" src=\"https:\/\/nirananda-media.de\/wp-content\/uploads\/2023\/07\/sadhana_2022_1505_back-711x1024.jpg\" alt=\"\" class=\"wp-image-655 size-full\" srcset=\"https:\/\/nirananda-media.de\/wp-content\/uploads\/2023\/07\/sadhana_2022_1505_back-711x1024.jpg 711w, https:\/\/nirananda-media.de\/wp-content\/uploads\/2023\/07\/sadhana_2022_1505_back-208x300.jpg 208w, https:\/\/nirananda-media.de\/wp-content\/uploads\/2023\/07\/sadhana_2022_1505_back-768x1106.jpg 768w, https:\/\/nirananda-media.de\/wp-content\/uploads\/2023\/07\/sadhana_2022_1505_back-1067x1536.jpg 1067w, https:\/\/nirananda-media.de\/wp-content\/uploads\/2023\/07\/sadhana_2022_1505_back-1422x2048.jpg 1422w, https:\/\/nirananda-media.de\/wp-content\/uploads\/2023\/07\/sadhana_2022_1505_back-100x144.jpg 100w, https:\/\/nirananda-media.de\/wp-content\/uploads\/2023\/07\/sadhana_2022_1505_back-150x216.jpg 150w, https:\/\/nirananda-media.de\/wp-content\/uploads\/2023\/07\/sadhana_2022_1505_back-200x288.jpg 200w, https:\/\/nirananda-media.de\/wp-content\/uploads\/2023\/07\/sadhana_2022_1505_back-300x432.jpg 300w, https:\/\/nirananda-media.de\/wp-content\/uploads\/2023\/07\/sadhana_2022_1505_back-450x648.jpg 450w, https:\/\/nirananda-media.de\/wp-content\/uploads\/2023\/07\/sadhana_2022_1505_back-600x864.jpg 600w, https:\/\/nirananda-media.de\/wp-content\/uploads\/2023\/07\/sadhana_2022_1505_back-900x1296.jpg 900w, https:\/\/nirananda-media.de\/wp-content\/uploads\/2023\/07\/sadhana_2022_1505_back-scaled.jpg 1778w\" sizes=\"auto, (max-width: 711px) 100vw, 711px\" \/><\/figure><\/div>\n\n\n\n<hr class=\"wp-block-separator has-alpha-channel-opacity\"\/>\n\n\n\n<p class=\"has-text-align-center\">Um es mit Tagores Worten zu sagen:<\/p>\n\n\n\n<p class=\"has-text-align-center\"><em>In lebendige Worte gegossene Erfahrungen gro\u00dfer Herzen<\/em> <em>k\u00f6nnen nie durch ein System logischer Interpretation ersch\u00f6pft werden.<\/em> <em>Immer wieder sollten sie individuell kommentiert und gedeutet werden<\/em> <em>und jede neue Offenbarung ein zus\u00e4tzliches Geheimnis hinzuf\u00fcgen.<\/em><\/p>\n\n\n\n<hr class=\"wp-block-separator has-alpha-channel-opacity\"\/>\n\n\n\n<iframe frameborder=\"0\" scrolling=\"no\" style=\"border:0px\" src=\"https:\/\/books.google.de\/books?id=VBt2EAAAQBAJ&#038;newbks=1&#038;newbks_redir=0&#038;lpg=PA157&#038;dq=sadhana%20tagore&#038;hl=de&#038;pg=PP1&#038;output=embed\" width=700 height=900><\/iframe>\n\n\n\n<hr class=\"wp-block-separator has-alpha-channel-opacity\"\/>\n\n\n\n<h2 class=\"wp-block-heading has-text-align-center\">Buch bestellen<\/h2>\n\n\n\n<hr class=\"wp-block-separator has-alpha-channel-opacity\"\/>\n\n\n\n<figure class=\"wp-block-table aligncenter is-style-regular\"><table class=\"has-fixed-layout\"><tbody><tr><td class=\"has-text-align-right\" data-align=\"right\">ISBN-13 (Paperback)<\/td><td class=\"has-text-align-left\" data-align=\"left\"><strong><strong>978-3-7543-9575-2<\/strong><\/strong><\/td><\/tr><tr><td class=\"has-text-align-right\" data-align=\"right\">ISBN-13 (E-Book)<\/td><td class=\"has-text-align-left\" data-align=\"left\"><strong><strong>978-3-7562-8712-3<\/strong><\/strong><\/td><\/tr><\/tbody><\/table><\/figure>\n\n\n\n<p class=\"has-text-align-center\">Die Ausgaben ist mit den o. g. ISBN in <strong>allen lokalen und Online-Buchhandlungen\/Shops in Deutschland, \u00d6sterreich und der Schweiz sowie international bestellbar<\/strong>. Die internationale Ausgabe wird an landes\u00fcbliche Formate angepasst und enth\u00e4lt im Buchblock keine farbigen Abbildungen.<br><br><strong>Bei Bestellungen \u00fcber <a rel=\"noreferrer noopener\" href=\"https:\/\/www.bod.de\/\" target=\"_blank\">Books on Demand<\/a> ist der Versand in Deutschland kostenfrei.<\/strong><\/p>\n\n\n\n<div class=\"wp-block-buttons is-content-justification-center is-layout-flex wp-container-core-buttons-is-layout-16018d1d wp-block-buttons-is-layout-flex\">\n<div class=\"wp-block-button\"><a class=\"wp-block-button__link wp-element-button\" href=\"https:\/\/www.bod.de\/buchshop\/sadhana-rabindranath-tagore-9783754395752\" style=\"border-radius:100px\" target=\"_blank\" rel=\"noreferrer noopener\">zum BoD-Shop<\/a><\/div>\n<\/div>\n\n\n\n<hr class=\"wp-block-separator has-alpha-channel-opacity\"\/>\n\n\n\n<p class=\"has-text-align-center\"><strong>Journalisten<\/strong> k\u00f6nnen \u00fcber <a rel=\"noreferrer noopener\" href=\"mailto:presse@bod.de\" target=\"_blank\">presse@bod.de<\/a> und bei Vorlage eines Presseausweises <strong>kostenlose Rezensionsexemplare<\/strong> bestellen.<\/p>\n\n\n\n<hr class=\"wp-block-separator has-alpha-channel-opacity\"\/>\n\n\n\n<div class=\"wp-block-buttons is-content-justification-center is-layout-flex wp-container-core-buttons-is-layout-16018d1d wp-block-buttons-is-layout-flex\">\n<div class=\"wp-block-button\"><a class=\"wp-block-button__link wp-element-button\" href=\"https:\/\/de.wikipedia.org\/wiki\/Rabindranath_Tagore#Literarisches_Werk\" style=\"border-radius:100px\" target=\"_blank\" rel=\"noreferrer noopener\">weitere Ausgaben<\/a><\/div>\n<\/div>\n\n\n\n<hr class=\"wp-block-separator has-alpha-channel-opacity\"\/>\n<\/div>\n\n\n\n<div class=\"wp-block-column is-layout-flow wp-block-column-is-layout-flow\"><\/div>\n<\/div>\n","protected":false},"excerpt":{"rendered":"<p>Rabindranath Tagore Sadhana Der Weg zur Wirklichkeit Rabindranath Tagores 1913 erstmalig erschienenes&nbsp;S\u0101dhan\u0101 \u2013 The Realization of Life&nbsp;sieht die menschliche Essenz im Einklang mit und nicht getrennt von der spirituellen Essenz des Universums. Unter dem Sanskritausdruck&nbsp;S\u0101dhan\u0101&nbsp;versteht man das&nbsp;disziplinierte Streben,&nbsp;ein bestimmtes Ziel &hellip;<\/p>\n<p class=\"read-more\"> <a class=\"more-link\" href=\"https:\/\/nirananda-media.de\/?page_id=1109\"> <span class=\"screen-reader-text\">Sadhana<\/span> Weiterlesen &raquo;<\/a><\/p>\n","protected":false},"author":1,"featured_media":0,"parent":0,"menu_order":0,"comment_status":"closed","ping_status":"closed","template":"","meta":{"footnotes":""},"class_list":["post-1109","page","type-page","status-publish","hentry"],"_links":{"self":[{"href":"https:\/\/nirananda-media.de\/index.php?rest_route=\/wp\/v2\/pages\/1109","targetHints":{"allow":["GET"]}}],"collection":[{"href":"https:\/\/nirananda-media.de\/index.php?rest_route=\/wp\/v2\/pages"}],"about":[{"href":"https:\/\/nirananda-media.de\/index.php?rest_route=\/wp\/v2\/types\/page"}],"author":[{"embeddable":true,"href":"https:\/\/nirananda-media.de\/index.php?rest_route=\/wp\/v2\/users\/1"}],"replies":[{"embeddable":true,"href":"https:\/\/nirananda-media.de\/index.php?rest_route=%2Fwp%2Fv2%2Fcomments&post=1109"}],"version-history":[{"count":4,"href":"https:\/\/nirananda-media.de\/index.php?rest_route=\/wp\/v2\/pages\/1109\/revisions"}],"predecessor-version":[{"id":1163,"href":"https:\/\/nirananda-media.de\/index.php?rest_route=\/wp\/v2\/pages\/1109\/revisions\/1163"}],"wp:attachment":[{"href":"https:\/\/nirananda-media.de\/index.php?rest_route=%2Fwp%2Fv2%2Fmedia&parent=1109"}],"curies":[{"name":"wp","href":"https:\/\/api.w.org\/{rel}","templated":true}]}}