{"id":1105,"date":"2023-07-08T12:46:47","date_gmt":"2023-07-08T12:46:47","guid":{"rendered":"https:\/\/nirananda-media.de\/?page_id=1105"},"modified":"2023-07-08T12:46:48","modified_gmt":"2023-07-08T12:46:48","slug":"der-bienenschwarm","status":"publish","type":"page","link":"https:\/\/nirananda-media.de\/?page_id=1105","title":{"rendered":"Der Bienenschwarm"},"content":{"rendered":"\n<div class=\"wp-block-columns alignwide is-layout-flex wp-container-core-columns-is-layout-9d6595d7 wp-block-columns-is-layout-flex\">\n<div class=\"wp-block-column is-layout-flow wp-block-column-is-layout-flow\"><\/div>\n\n\n\n<div class=\"wp-block-column is-layout-flow wp-block-column-is-layout-flow\" style=\"flex-basis:1000px\">\n<hr class=\"wp-block-separator has-alpha-channel-opacity\"\/>\n\n\n\n<h2 class=\"wp-block-heading has-text-align-center\">Linda Williams<\/h2>\n\n\n\n<h1 class=\"wp-block-heading has-text-align-center\">Der Bienenschwarm<\/h1>\n\n\n\n<p class=\"has-text-align-center\">Eine Fantasie der Wirklichkeit<\/p>\n\n\n\n<hr class=\"wp-block-separator has-alpha-channel-opacity\"\/>\n\n\n\n<div class=\"wp-block-media-text alignwide is-stacked-on-mobile\"><figure class=\"wp-block-media-text__media\"><img loading=\"lazy\" decoding=\"async\" width=\"333\" height=\"500\" src=\"https:\/\/nirananda-media.de\/wp-content\/uploads\/2023\/07\/s-l500.jpg\" alt=\"\" class=\"wp-image-660 size-full\" srcset=\"https:\/\/nirananda-media.de\/wp-content\/uploads\/2023\/07\/s-l500.jpg 333w, https:\/\/nirananda-media.de\/wp-content\/uploads\/2023\/07\/s-l500-200x300.jpg 200w, https:\/\/nirananda-media.de\/wp-content\/uploads\/2023\/07\/s-l500-100x150.jpg 100w, https:\/\/nirananda-media.de\/wp-content\/uploads\/2023\/07\/s-l500-150x225.jpg 150w, https:\/\/nirananda-media.de\/wp-content\/uploads\/2023\/07\/s-l500-300x450.jpg 300w\" sizes=\"auto, (max-width: 333px) 100vw, 333px\" \/><\/figure><div class=\"wp-block-media-text__content\">\n<p>Im dritten Buch, <em>The Swarm of Bees<\/em> (vermutl. dt. Titel: <em>Der Bienenschwarm<\/em>), kehren die sieben jungen Leute, inzwischen f\u00fcnf Jahre \u00e4lter und um einiges weiser, wieder in ihr eigenes Land zur\u00fcck und bem\u00fchen sich, es von seinen b\u00f6sen Regenten zu befreien, wobei sie die spirituellen und materiellen Kr\u00e4fte benutzen, \u00fcber die sie inzwischen verf\u00fcgen. Auch die Kr\u00e4fte der Natur stehen jetzt zu ihrer Verf\u00fcgung.<\/p>\n\n\n\n<p><\/p>\n<\/div><\/div>\n\n\n\n<hr class=\"wp-block-separator has-alpha-channel-opacity\"\/>\n\n\n\n<h2 class=\"wp-block-heading has-text-align-center\">Buch bestellen<\/h2>\n\n\n\n<hr class=\"wp-block-separator has-alpha-channel-opacity\"\/>\n\n\n\n<figure class=\"wp-block-table aligncenter is-style-regular\"><table class=\"has-fixed-layout\"><tbody><tr><td class=\"has-text-align-right\" data-align=\"right\">ISBN-13 (Paperback)<\/td><td class=\"has-text-align-left\" data-align=\"left\"><\/td><\/tr><tr><td class=\"has-text-align-right\" data-align=\"right\">ISBN-13 (E-Book)<\/td><td class=\"has-text-align-left\" data-align=\"left\"><\/td><\/tr><\/tbody><\/table><\/figure>\n\n\n\n<p class=\"has-text-align-center\">! Die deutsche \u00dcbersetzung dieses Bandes noch in Bearbeitung. !<br><br>Danach wird er mit den o. g. ISBN in <strong>allen lokalen und Online-Buchhandlungen\/Shops in Deutschland, \u00d6sterreich und der Schweiz sowie international bestellbar<\/strong>. Die internationale Ausgabe wird an landes\u00fcbliche Formate angepasst und enth\u00e4lt im Buchblock keine farbigen Abbildungen.<br><br><strong>Bei Bestellungen \u00fcber <a rel=\"noreferrer noopener\" href=\"https:\/\/www.bod.de\/\" target=\"_blank\">Books on Demand<\/a> ist der Versand in Deutschland kostenfrei.<\/strong><\/p>\n\n\n\n<div class=\"wp-block-buttons is-content-justification-center is-layout-flex wp-container-core-buttons-is-layout-16018d1d wp-block-buttons-is-layout-flex\">\n<div class=\"wp-block-button\"><a class=\"wp-block-button__link wp-element-button\" style=\"border-radius:100px\">zum BoD-Shop<\/a><\/div>\n<\/div>\n\n\n\n<hr class=\"wp-block-separator has-alpha-channel-opacity\"\/>\n\n\n\n<p class=\"has-text-align-center\"><strong>Journalisten<\/strong> k\u00f6nnen \u00fcber <a rel=\"noreferrer noopener\" href=\"mailto:presse@bod.de\" target=\"_blank\">presse@bod.de<\/a> und bei Vorlage eines Presseausweises <strong>kostenlose Rezensionsexemplare<\/strong> bestellen.<\/p>\n\n\n\n<hr class=\"wp-block-separator has-alpha-channel-opacity\"\/>\n\n\n\n<div class=\"wp-block-buttons is-content-justification-center is-layout-flex wp-container-core-buttons-is-layout-16018d1d wp-block-buttons-is-layout-flex\">\n<div class=\"wp-block-button\"><a class=\"wp-block-button__link wp-element-button\" href=\"https:\/\/www.sahajbooks.org\/collection\/the-swarm-of-bees\" style=\"border-radius:100px\" target=\"_blank\" rel=\"noreferrer noopener\">weitere Ausgaben<\/a><\/div>\n<\/div>\n\n\n\n<hr class=\"wp-block-separator has-alpha-channel-opacity\"\/>\n<\/div>\n\n\n\n<div class=\"wp-block-column is-layout-flow wp-block-column-is-layout-flow\"><\/div>\n<\/div>\n","protected":false},"excerpt":{"rendered":"<p>Linda Williams Der Bienenschwarm Eine Fantasie der Wirklichkeit Im dritten Buch, The Swarm of Bees (vermutl. dt. Titel: Der Bienenschwarm), kehren die sieben jungen Leute, inzwischen f\u00fcnf Jahre \u00e4lter und um einiges weiser, wieder in ihr eigenes Land zur\u00fcck und &hellip;<\/p>\n<p class=\"read-more\"> <a class=\"more-link\" href=\"https:\/\/nirananda-media.de\/?page_id=1105\"> <span class=\"screen-reader-text\">Der Bienenschwarm<\/span> Weiterlesen &raquo;<\/a><\/p>\n","protected":false},"author":1,"featured_media":0,"parent":0,"menu_order":0,"comment_status":"closed","ping_status":"closed","template":"","meta":{"footnotes":""},"class_list":["post-1105","page","type-page","status-publish","hentry"],"_links":{"self":[{"href":"https:\/\/nirananda-media.de\/index.php?rest_route=\/wp\/v2\/pages\/1105","targetHints":{"allow":["GET"]}}],"collection":[{"href":"https:\/\/nirananda-media.de\/index.php?rest_route=\/wp\/v2\/pages"}],"about":[{"href":"https:\/\/nirananda-media.de\/index.php?rest_route=\/wp\/v2\/types\/page"}],"author":[{"embeddable":true,"href":"https:\/\/nirananda-media.de\/index.php?rest_route=\/wp\/v2\/users\/1"}],"replies":[{"embeddable":true,"href":"https:\/\/nirananda-media.de\/index.php?rest_route=%2Fwp%2Fv2%2Fcomments&post=1105"}],"version-history":[{"count":2,"href":"https:\/\/nirananda-media.de\/index.php?rest_route=\/wp\/v2\/pages\/1105\/revisions"}],"predecessor-version":[{"id":1156,"href":"https:\/\/nirananda-media.de\/index.php?rest_route=\/wp\/v2\/pages\/1105\/revisions\/1156"}],"wp:attachment":[{"href":"https:\/\/nirananda-media.de\/index.php?rest_route=%2Fwp%2Fv2%2Fmedia&parent=1105"}],"curies":[{"name":"wp","href":"https:\/\/api.w.org\/{rel}","templated":true}]}}