{"id":1103,"date":"2023-07-08T12:43:34","date_gmt":"2023-07-08T12:43:34","guid":{"rendered":"https:\/\/nirananda-media.de\/?page_id=1103"},"modified":"2024-03-28T13:00:23","modified_gmt":"2024-03-28T13:00:23","slug":"die-bergmaus","status":"publish","type":"page","link":"https:\/\/nirananda-media.de\/?page_id=1103","title":{"rendered":"Die Bergmaus"},"content":{"rendered":"\n<div class=\"wp-block-columns alignwide is-layout-flex wp-container-core-columns-is-layout-9d6595d7 wp-block-columns-is-layout-flex\">\n<div class=\"wp-block-column is-layout-flow wp-block-column-is-layout-flow\"><\/div>\n\n\n\n<div class=\"wp-block-column is-layout-flow wp-block-column-is-layout-flow\" style=\"flex-basis:1000px\">\n<hr class=\"wp-block-separator has-alpha-channel-opacity\"\/>\n\n\n\n<h2 class=\"wp-block-heading has-text-align-center\">Linda Williams<\/h2>\n\n\n\n<h1 class=\"wp-block-heading has-text-align-center\">Die Bergmaus<\/h1>\n\n\n\n<p class=\"has-text-align-center\">Eine Fantasie der Wirklichkeit<\/p>\n\n\n\n<hr class=\"wp-block-separator has-alpha-channel-opacity\"\/>\n\n\n\n<div class=\"wp-block-media-text alignwide is-stacked-on-mobile\"><figure class=\"wp-block-media-text__media\"><img loading=\"lazy\" decoding=\"async\" width=\"773\" height=\"1024\" src=\"https:\/\/nirananda-media.de\/wp-content\/uploads\/2024\/02\/bergmaus_2024_0402_02-773x1024.jpg\" alt=\"\" class=\"wp-image-2190 size-full\" srcset=\"https:\/\/nirananda-media.de\/wp-content\/uploads\/2024\/02\/bergmaus_2024_0402_02-773x1024.jpg 773w, https:\/\/nirananda-media.de\/wp-content\/uploads\/2024\/02\/bergmaus_2024_0402_02-226x300.jpg 226w, https:\/\/nirananda-media.de\/wp-content\/uploads\/2024\/02\/bergmaus_2024_0402_02-768x1017.jpg 768w, https:\/\/nirananda-media.de\/wp-content\/uploads\/2024\/02\/bergmaus_2024_0402_02-1160x1536.jpg 1160w, https:\/\/nirananda-media.de\/wp-content\/uploads\/2024\/02\/bergmaus_2024_0402_02-1546x2048.jpg 1546w, https:\/\/nirananda-media.de\/wp-content\/uploads\/2024\/02\/bergmaus_2024_0402_02-100x132.jpg 100w, https:\/\/nirananda-media.de\/wp-content\/uploads\/2024\/02\/bergmaus_2024_0402_02-150x199.jpg 150w, https:\/\/nirananda-media.de\/wp-content\/uploads\/2024\/02\/bergmaus_2024_0402_02-200x265.jpg 200w, https:\/\/nirananda-media.de\/wp-content\/uploads\/2024\/02\/bergmaus_2024_0402_02-300x397.jpg 300w, https:\/\/nirananda-media.de\/wp-content\/uploads\/2024\/02\/bergmaus_2024_0402_02-450x596.jpg 450w, https:\/\/nirananda-media.de\/wp-content\/uploads\/2024\/02\/bergmaus_2024_0402_02-600x795.jpg 600w, https:\/\/nirananda-media.de\/wp-content\/uploads\/2024\/02\/bergmaus_2024_0402_02-900x1192.jpg 900w, https:\/\/nirananda-media.de\/wp-content\/uploads\/2024\/02\/bergmaus_2024_0402_02.jpg 1827w\" sizes=\"auto, (max-width: 773px) 100vw, 773px\" \/><\/figure><div class=\"wp-block-media-text__content\">\n<p>Shri Mataji gab dem zweiten Buch den Titel <em>Die Bergmaus<\/em>. Es basiert auf den Qualit\u00e4ten des Herz-Chakras. Einige der Protagonisten des ersten Buchs nutzen das, was sie in Sasrar gelernt haben, um das Land Daish Shaktay zu befreien und ebenfalls zu erfolgreichen Partisanen zu werden.<\/p>\n<\/div><\/div>\n\n\n\n<hr class=\"wp-block-separator has-alpha-channel-opacity\"\/>\n\n\n\n<div class=\"wp-block-media-text has-media-on-the-right is-stacked-on-mobile\"><div class=\"wp-block-media-text__content\">\n<p>Viele der Ideen zu den Begebenheiten dieses Buches wurden von den Heldentaten mutiger, patriotischer und heiliger M\u00e4nner und Frauen der indischen Geschichte inspiriert. Die Autorin schreibt sie hier einem jungen charismatischen K\u00f6nig, seinen Freunden und Verwandten zu, die versuchen, das K\u00f6nigreich zu befreien und zu vereinen. Der K\u00f6nig lehrt unseren Helden eine Menge und sie helfen ihm bei seiner Aufgabe.<\/p>\n<\/div><figure class=\"wp-block-media-text__media\"><img loading=\"lazy\" decoding=\"async\" width=\"776\" height=\"1024\" src=\"https:\/\/nirananda-media.de\/wp-content\/uploads\/2024\/02\/bergmaus_back-776x1024.jpg\" alt=\"\" class=\"wp-image-2195 size-full\" srcset=\"https:\/\/nirananda-media.de\/wp-content\/uploads\/2024\/02\/bergmaus_back-776x1024.jpg 776w, https:\/\/nirananda-media.de\/wp-content\/uploads\/2024\/02\/bergmaus_back-227x300.jpg 227w, https:\/\/nirananda-media.de\/wp-content\/uploads\/2024\/02\/bergmaus_back-768x1013.jpg 768w, https:\/\/nirananda-media.de\/wp-content\/uploads\/2024\/02\/bergmaus_back-1164x1536.jpg 1164w, https:\/\/nirananda-media.de\/wp-content\/uploads\/2024\/02\/bergmaus_back-1552x2048.jpg 1552w, https:\/\/nirananda-media.de\/wp-content\/uploads\/2024\/02\/bergmaus_back-100x132.jpg 100w, https:\/\/nirananda-media.de\/wp-content\/uploads\/2024\/02\/bergmaus_back-150x198.jpg 150w, https:\/\/nirananda-media.de\/wp-content\/uploads\/2024\/02\/bergmaus_back-200x264.jpg 200w, https:\/\/nirananda-media.de\/wp-content\/uploads\/2024\/02\/bergmaus_back-300x396.jpg 300w, https:\/\/nirananda-media.de\/wp-content\/uploads\/2024\/02\/bergmaus_back-450x594.jpg 450w, https:\/\/nirananda-media.de\/wp-content\/uploads\/2024\/02\/bergmaus_back-600x792.jpg 600w, https:\/\/nirananda-media.de\/wp-content\/uploads\/2024\/02\/bergmaus_back-900x1187.jpg 900w, https:\/\/nirananda-media.de\/wp-content\/uploads\/2024\/02\/bergmaus_back.jpg 1835w\" sizes=\"auto, (max-width: 776px) 100vw, 776px\" \/><\/figure><\/div>\n\n\n\n<hr class=\"wp-block-separator has-alpha-channel-opacity\"\/>\n\n\n\n<h2 class=\"wp-block-heading has-text-align-center\">Buch bestellen<\/h2>\n\n\n\n<hr class=\"wp-block-separator has-alpha-channel-opacity\"\/>\n\n\n\n<figure class=\"wp-block-table aligncenter is-style-regular\"><table class=\"has-fixed-layout\"><tbody><tr><td class=\"has-text-align-right\" data-align=\"right\">ISBN-13 (Paperback)<\/td><td class=\"has-text-align-left\" data-align=\"left\">978-3-7583-6340-5<\/td><\/tr><tr><td class=\"has-text-align-right\" data-align=\"right\">ISBN-13 (E-Book)<\/td><td class=\"has-text-align-left\" data-align=\"left\">978-3-7583-4708-5<\/td><\/tr><\/tbody><\/table><\/figure>\n\n\n\n<p class=\"has-text-align-center\">Die deutsche \u00dcbersetzung ist ab sofort im deutschen, \u00f6sterreichischen und Schweizer Buchhandel erh\u00e4ltlich.<br>Bestellungen k\u00f6nnen auch gerne an <a href=\"mailto:uwedavid@nirananda-media.de\">uwedavid@nirananda-media.de<\/a> gesendet werden.<br><br>Die internationale Ausgabe f\u00fcr den angels\u00e4chsischen Sprachraum wird an landes\u00fcbliche Formate angepasst.<br><br><strong>Bei Bestellungen \u00fcber <a href=\"https:\/\/www.bod.de\/\" target=\"_blank\" rel=\"noreferrer noopener\">Books on Demand<\/a> ist der Standardversand in viele L\u00e4nder kostenfrei.<\/strong><\/p>\n\n\n\n<div class=\"wp-block-buttons is-content-justification-center is-layout-flex wp-container-core-buttons-is-layout-16018d1d wp-block-buttons-is-layout-flex\">\n<div class=\"wp-block-button\"><a class=\"wp-block-button__link wp-element-button\" href=\"https:\/\/buchshop.bod.de\/das-erwachen-von-navi-septa-linda-williams-9783758363405\" style=\"border-radius:100px\" target=\"_blank\" rel=\"noreferrer noopener\">zum BoD-Shop<\/a><\/div>\n<\/div>\n\n\n\n<hr class=\"wp-block-separator has-alpha-channel-opacity\"\/>\n\n\n\n<p class=\"has-text-align-center\"><strong>Journalisten<\/strong> k\u00f6nnen \u00fcber <a rel=\"noreferrer noopener\" href=\"mailto:presse@bod.de\" target=\"_blank\">presse@bod.de<\/a> und bei Vorlage eines Presseausweises <strong>kostenlose Rezensionsexemplare<\/strong> bestellen.<\/p>\n\n\n\n<hr class=\"wp-block-separator has-alpha-channel-opacity\"\/>\n\n\n\n<div class=\"wp-block-buttons is-content-justification-center is-layout-flex wp-container-core-buttons-is-layout-16018d1d wp-block-buttons-is-layout-flex\">\n<div class=\"wp-block-button\"><a class=\"wp-block-button__link wp-element-button\" href=\"https:\/\/www.sahajbooks.org\/collection\/the-mountain-mouse\" style=\"border-radius:100px\" target=\"_blank\" rel=\"noreferrer noopener\">weitere Ausgaben<\/a><\/div>\n<\/div>\n\n\n\n<hr class=\"wp-block-separator has-alpha-channel-opacity\"\/>\n<\/div>\n\n\n\n<div class=\"wp-block-column is-layout-flow wp-block-column-is-layout-flow\"><\/div>\n<\/div>\n","protected":false},"excerpt":{"rendered":"<p>Linda Williams Die Bergmaus Eine Fantasie der Wirklichkeit Shri Mataji gab dem zweiten Buch den Titel Die Bergmaus. Es basiert auf den Qualit\u00e4ten des Herz-Chakras. Einige der Protagonisten des ersten Buchs nutzen das, was sie in Sasrar gelernt haben, um &hellip;<\/p>\n<p class=\"read-more\"> <a class=\"more-link\" href=\"https:\/\/nirananda-media.de\/?page_id=1103\"> <span class=\"screen-reader-text\">Die Bergmaus<\/span> Weiterlesen &raquo;<\/a><\/p>\n","protected":false},"author":1,"featured_media":0,"parent":0,"menu_order":0,"comment_status":"closed","ping_status":"closed","template":"","meta":{"footnotes":""},"class_list":["post-1103","page","type-page","status-publish","hentry"],"_links":{"self":[{"href":"https:\/\/nirananda-media.de\/index.php?rest_route=\/wp\/v2\/pages\/1103","targetHints":{"allow":["GET"]}}],"collection":[{"href":"https:\/\/nirananda-media.de\/index.php?rest_route=\/wp\/v2\/pages"}],"about":[{"href":"https:\/\/nirananda-media.de\/index.php?rest_route=\/wp\/v2\/types\/page"}],"author":[{"embeddable":true,"href":"https:\/\/nirananda-media.de\/index.php?rest_route=\/wp\/v2\/users\/1"}],"replies":[{"embeddable":true,"href":"https:\/\/nirananda-media.de\/index.php?rest_route=%2Fwp%2Fv2%2Fcomments&post=1103"}],"version-history":[{"count":12,"href":"https:\/\/nirananda-media.de\/index.php?rest_route=\/wp\/v2\/pages\/1103\/revisions"}],"predecessor-version":[{"id":2227,"href":"https:\/\/nirananda-media.de\/index.php?rest_route=\/wp\/v2\/pages\/1103\/revisions\/2227"}],"wp:attachment":[{"href":"https:\/\/nirananda-media.de\/index.php?rest_route=%2Fwp%2Fv2%2Fmedia&parent=1103"}],"curies":[{"name":"wp","href":"https:\/\/api.w.org\/{rel}","templated":true}]}}