{"id":1101,"date":"2023-07-08T12:23:13","date_gmt":"2023-07-08T12:23:13","guid":{"rendered":"https:\/\/nirananda-media.de\/?page_id=1101"},"modified":"2024-06-01T17:17:33","modified_gmt":"2024-06-01T17:17:33","slug":"das-erwachen-von-navi-septa","status":"publish","type":"page","link":"https:\/\/nirananda-media.de\/?page_id=1101","title":{"rendered":"Das Erwachen von Navi Septa"},"content":{"rendered":"\n<p>Linda Williams<\/p>\n\n\n\n<h2 class=\"wp-block-heading\">Das Erwachen von Navi Septa<\/h2>\n\n\n\n<p>Eine Fantasie der Wirklichkeit<\/p>\n\n\n\n<hr class=\"wp-block-separator has-alpha-channel-opacity\"\/>\n\n\n\n<h2 class=\"wp-block-heading alignwide has-text-align-center\">Trilogie<\/h2>\n\n\n\n<div class=\"wp-block-columns is-layout-flex wp-container-core-columns-is-layout-9d6595d7 wp-block-columns-is-layout-flex\">\n<div class=\"wp-block-column is-layout-flow wp-block-column-is-layout-flow\"><\/div>\n\n\n\n<div class=\"wp-block-column is-layout-flow wp-block-column-is-layout-flow\">\n<p class=\"has-text-align-center\">Die rasanten Abenteuergeschichten der Navi-Septa-Trilogie erm\u00f6glichen es dem Leser, den Geschmack der Selbst-Verwirklichung&nbsp;selbst zu kosten, den die Autorin&nbsp;und viele andere als Ergebnis von Shri Mataji Nirmala Devis&nbsp;gro\u00dfartigen Geschenken genie\u00dfen. Sie k\u00f6nnten die gesamte Menschheit transformieren.<\/p>\n\n\n\n<p class=\"has-text-align-center\">Vielleicht wird man keine magischen Schl\u00fcssel&nbsp;finden, die einem, wie unseren Helden, die Weisheit des innersten Selbst zug\u00e4nglich machen. Wahrscheinlich wird man auch keine Tiger oder fliegenden Pferde b\u00e4ndigen und reiten oder Seeschlachten mit der Hilfe von Walen schlagen. Doch auf symbolische Art zeigen diese B\u00fccher, was durch absolutes Vertrauen in die die Sch\u00f6pfung bewegende Kraft erreicht werden kann. Die Vibrationen werden auch der Wind des Heiligen Geistes genannt und sind eine neue und reale Art der Wahrnehmung, die mit der Selbst-Verwirklichung verbunden ist. Die Geschichten zeigen auch, dass das G\u00f6ttliche zu selbst-verwirklichten Seelen steht &#8211; solange sie frei von Furcht, Konditionierungen, Egoismus und Aggressionen bleiben.<\/p>\n\n\n\n<p class=\"has-text-align-center\">Die B\u00fccher sind f\u00fcr alle Leserinnen und Leser ab zehn Jahren aufw\u00e4rts geeignet. Sie sind eine nat\u00fcrliche, bewusste und zielgerichtete Allegorie, die auf die h\u00f6chste zu entdeckende Realit\u00e4t verweist. Richtig verstanden k\u00f6nnen wir alle profitieren.&nbsp;<\/p>\n<\/div>\n\n\n\n<div class=\"wp-block-column is-layout-flow wp-block-column-is-layout-flow\"><\/div>\n<\/div>\n\n\n\n<hr class=\"wp-block-separator has-alpha-channel-opacity\"\/>\n\n\n\n<div class=\"wp-block-columns is-layout-flex wp-container-core-columns-is-layout-9d6595d7 wp-block-columns-is-layout-flex\">\n<div class=\"wp-block-column is-layout-flow wp-block-column-is-layout-flow\">\n<h2 class=\"wp-block-heading\"><\/h2>\n<\/div>\n\n\n\n<div class=\"wp-block-column is-layout-flow wp-block-column-is-layout-flow\">\n<figure class=\"wp-block-image size-large is-resized\"><a href=\"https:\/\/nirananda-media.de\/?page_id=1148\"><img loading=\"lazy\" decoding=\"async\" width=\"783\" height=\"1024\" src=\"https:\/\/nirananda-media.de\/wp-content\/uploads\/2023\/07\/sdw-frontseite-783x1024.jpg\" alt=\"\" class=\"wp-image-650\" style=\"width:196px;height:256px\" srcset=\"https:\/\/nirananda-media.de\/wp-content\/uploads\/2023\/07\/sdw-frontseite-783x1024.jpg 783w, https:\/\/nirananda-media.de\/wp-content\/uploads\/2023\/07\/sdw-frontseite-229x300.jpg 229w, https:\/\/nirananda-media.de\/wp-content\/uploads\/2023\/07\/sdw-frontseite-768x1005.jpg 768w, https:\/\/nirananda-media.de\/wp-content\/uploads\/2023\/07\/sdw-frontseite-1174x1536.jpg 1174w, https:\/\/nirananda-media.de\/wp-content\/uploads\/2023\/07\/sdw-frontseite-1566x2048.jpg 1566w, https:\/\/nirananda-media.de\/wp-content\/uploads\/2023\/07\/sdw-frontseite-100x131.jpg 100w, https:\/\/nirananda-media.de\/wp-content\/uploads\/2023\/07\/sdw-frontseite-150x196.jpg 150w, https:\/\/nirananda-media.de\/wp-content\/uploads\/2023\/07\/sdw-frontseite-200x262.jpg 200w, https:\/\/nirananda-media.de\/wp-content\/uploads\/2023\/07\/sdw-frontseite-300x392.jpg 300w, https:\/\/nirananda-media.de\/wp-content\/uploads\/2023\/07\/sdw-frontseite-450x589.jpg 450w, https:\/\/nirananda-media.de\/wp-content\/uploads\/2023\/07\/sdw-frontseite-600x785.jpg 600w, https:\/\/nirananda-media.de\/wp-content\/uploads\/2023\/07\/sdw-frontseite-900x1177.jpg 900w, https:\/\/nirananda-media.de\/wp-content\/uploads\/2023\/07\/sdw-frontseite-scaled.jpg 1957w\" sizes=\"auto, (max-width: 783px) 100vw, 783px\" \/><\/a><\/figure>\n<\/div>\n\n\n\n<div class=\"wp-block-column is-layout-flow wp-block-column-is-layout-flow\">\n<figure class=\"wp-block-image size-full is-resized\"><a href=\"https:\/\/nirananda-media.de\/?page_id=1103\"><img loading=\"lazy\" decoding=\"async\" width=\"1827\" height=\"2420\" src=\"https:\/\/nirananda-media.de\/wp-content\/uploads\/2024\/02\/bergmaus_2024_0402_02.jpg\" alt=\"\" class=\"wp-image-2190\" style=\"width:196px;height:256px\" srcset=\"https:\/\/nirananda-media.de\/wp-content\/uploads\/2024\/02\/bergmaus_2024_0402_02.jpg 1827w, https:\/\/nirananda-media.de\/wp-content\/uploads\/2024\/02\/bergmaus_2024_0402_02-226x300.jpg 226w, https:\/\/nirananda-media.de\/wp-content\/uploads\/2024\/02\/bergmaus_2024_0402_02-773x1024.jpg 773w, https:\/\/nirananda-media.de\/wp-content\/uploads\/2024\/02\/bergmaus_2024_0402_02-768x1017.jpg 768w, https:\/\/nirananda-media.de\/wp-content\/uploads\/2024\/02\/bergmaus_2024_0402_02-1160x1536.jpg 1160w, https:\/\/nirananda-media.de\/wp-content\/uploads\/2024\/02\/bergmaus_2024_0402_02-1546x2048.jpg 1546w, https:\/\/nirananda-media.de\/wp-content\/uploads\/2024\/02\/bergmaus_2024_0402_02-100x132.jpg 100w, https:\/\/nirananda-media.de\/wp-content\/uploads\/2024\/02\/bergmaus_2024_0402_02-150x199.jpg 150w, https:\/\/nirananda-media.de\/wp-content\/uploads\/2024\/02\/bergmaus_2024_0402_02-200x265.jpg 200w, https:\/\/nirananda-media.de\/wp-content\/uploads\/2024\/02\/bergmaus_2024_0402_02-300x397.jpg 300w, https:\/\/nirananda-media.de\/wp-content\/uploads\/2024\/02\/bergmaus_2024_0402_02-450x596.jpg 450w, https:\/\/nirananda-media.de\/wp-content\/uploads\/2024\/02\/bergmaus_2024_0402_02-600x795.jpg 600w, https:\/\/nirananda-media.de\/wp-content\/uploads\/2024\/02\/bergmaus_2024_0402_02-900x1192.jpg 900w\" sizes=\"auto, (max-width: 1827px) 100vw, 1827px\" \/><\/a><\/figure>\n<\/div>\n\n\n\n<div class=\"wp-block-column is-layout-flow wp-block-column-is-layout-flow\">\n<figure class=\"wp-block-image size-full is-resized\"><a href=\"https:\/\/nirananda-media.de\/?page_id=1105\"><img loading=\"lazy\" decoding=\"async\" width=\"333\" height=\"500\" src=\"https:\/\/nirananda-media.de\/wp-content\/uploads\/2023\/07\/s-l500.jpg\" alt=\"\" class=\"wp-image-660\" style=\"width:196px;height:256px\" srcset=\"https:\/\/nirananda-media.de\/wp-content\/uploads\/2023\/07\/s-l500.jpg 333w, https:\/\/nirananda-media.de\/wp-content\/uploads\/2023\/07\/s-l500-200x300.jpg 200w, https:\/\/nirananda-media.de\/wp-content\/uploads\/2023\/07\/s-l500-100x150.jpg 100w, https:\/\/nirananda-media.de\/wp-content\/uploads\/2023\/07\/s-l500-150x225.jpg 150w, https:\/\/nirananda-media.de\/wp-content\/uploads\/2023\/07\/s-l500-300x450.jpg 300w\" sizes=\"auto, (max-width: 333px) 100vw, 333px\" \/><\/a><\/figure>\n<\/div>\n\n\n\n<div class=\"wp-block-column is-layout-flow wp-block-column-is-layout-flow\"><\/div>\n<\/div>\n\n\n\n<hr class=\"wp-block-separator has-alpha-channel-opacity\"\/>\n","protected":false},"excerpt":{"rendered":"<p>Linda Williams Das Erwachen von Navi Septa Eine Fantasie der Wirklichkeit Trilogie Die rasanten Abenteuergeschichten der Navi-Septa-Trilogie erm\u00f6glichen es dem Leser, den Geschmack der Selbst-Verwirklichung&nbsp;selbst zu kosten, den die Autorin&nbsp;und viele andere als Ergebnis von Shri Mataji Nirmala Devis&nbsp;gro\u00dfartigen Geschenken &hellip;<\/p>\n<p class=\"read-more\"> <a class=\"more-link\" href=\"https:\/\/nirananda-media.de\/?page_id=1101\"> <span class=\"screen-reader-text\">Das Erwachen von Navi Septa<\/span> Weiterlesen &raquo;<\/a><\/p>\n","protected":false},"author":1,"featured_media":0,"parent":0,"menu_order":0,"comment_status":"closed","ping_status":"closed","template":"","meta":{"footnotes":""},"class_list":["post-1101","page","type-page","status-publish","hentry"],"_links":{"self":[{"href":"https:\/\/nirananda-media.de\/index.php?rest_route=\/wp\/v2\/pages\/1101","targetHints":{"allow":["GET"]}}],"collection":[{"href":"https:\/\/nirananda-media.de\/index.php?rest_route=\/wp\/v2\/pages"}],"about":[{"href":"https:\/\/nirananda-media.de\/index.php?rest_route=\/wp\/v2\/types\/page"}],"author":[{"embeddable":true,"href":"https:\/\/nirananda-media.de\/index.php?rest_route=\/wp\/v2\/users\/1"}],"replies":[{"embeddable":true,"href":"https:\/\/nirananda-media.de\/index.php?rest_route=%2Fwp%2Fv2%2Fcomments&post=1101"}],"version-history":[{"count":11,"href":"https:\/\/nirananda-media.de\/index.php?rest_route=\/wp\/v2\/pages\/1101\/revisions"}],"predecessor-version":[{"id":2274,"href":"https:\/\/nirananda-media.de\/index.php?rest_route=\/wp\/v2\/pages\/1101\/revisions\/2274"}],"wp:attachment":[{"href":"https:\/\/nirananda-media.de\/index.php?rest_route=%2Fwp%2Fv2%2Fmedia&parent=1101"}],"curies":[{"name":"wp","href":"https:\/\/api.w.org\/{rel}","templated":true}]}}