{"id":1096,"date":"2023-07-08T12:04:16","date_gmt":"2023-07-08T12:04:16","guid":{"rendered":"https:\/\/nirananda-media.de\/?page_id=1096"},"modified":"2023-07-20T09:47:40","modified_gmt":"2023-07-20T09:47:40","slug":"die-tradition-der-weisheit","status":"publish","type":"page","link":"https:\/\/nirananda-media.de\/?page_id=1096","title":{"rendered":"Die Tradition der Weisheit"},"content":{"rendered":"\n<div class=\"wp-block-columns alignwide is-layout-flex wp-container-core-columns-is-layout-9d6595d7 wp-block-columns-is-layout-flex\">\n<div class=\"wp-block-column is-layout-flow wp-block-column-is-layout-flow\"><\/div>\n\n\n\n<div class=\"wp-block-column is-layout-flow wp-block-column-is-layout-flow\" style=\"flex-basis:1000px\">\n<hr class=\"wp-block-separator has-alpha-channel-opacity\"\/>\n\n\n\n<h2 class=\"wp-block-heading has-text-align-center\">John Noyce<\/h2>\n\n\n\n<p class=\"has-text-align-center\">Erleuchtete Geschichte (3)<\/p>\n\n\n\n<h1 class=\"wp-block-heading has-text-align-center\">Die Tradition der Weisheit<\/h1>\n\n\n\n<p class=\"has-text-align-center\">Visionen und Prophezeiungen der G\u00f6ttin<\/p>\n\n\n\n<hr class=\"wp-block-separator has-alpha-channel-opacity\"\/>\n\n\n\n<div class=\"wp-block-media-text alignwide is-stacked-on-mobile\"><figure class=\"wp-block-media-text__media\"><img loading=\"lazy\" decoding=\"async\" width=\"691\" height=\"1024\" src=\"https:\/\/nirananda-media.de\/wp-content\/uploads\/2023\/07\/tdw_front-691x1024.jpg\" alt=\"\" class=\"wp-image-646 size-full\" srcset=\"https:\/\/nirananda-media.de\/wp-content\/uploads\/2023\/07\/tdw_front-691x1024.jpg 691w, https:\/\/nirananda-media.de\/wp-content\/uploads\/2023\/07\/tdw_front-202x300.jpg 202w, https:\/\/nirananda-media.de\/wp-content\/uploads\/2023\/07\/tdw_front-768x1138.jpg 768w, https:\/\/nirananda-media.de\/wp-content\/uploads\/2023\/07\/tdw_front-1036x1536.jpg 1036w, https:\/\/nirananda-media.de\/wp-content\/uploads\/2023\/07\/tdw_front-1382x2048.jpg 1382w, https:\/\/nirananda-media.de\/wp-content\/uploads\/2023\/07\/tdw_front-100x148.jpg 100w, https:\/\/nirananda-media.de\/wp-content\/uploads\/2023\/07\/tdw_front-150x222.jpg 150w, https:\/\/nirananda-media.de\/wp-content\/uploads\/2023\/07\/tdw_front-200x296.jpg 200w, https:\/\/nirananda-media.de\/wp-content\/uploads\/2023\/07\/tdw_front-300x445.jpg 300w, https:\/\/nirananda-media.de\/wp-content\/uploads\/2023\/07\/tdw_front-450x667.jpg 450w, https:\/\/nirananda-media.de\/wp-content\/uploads\/2023\/07\/tdw_front-600x889.jpg 600w, https:\/\/nirananda-media.de\/wp-content\/uploads\/2023\/07\/tdw_front-900x1334.jpg 900w, https:\/\/nirananda-media.de\/wp-content\/uploads\/2023\/07\/tdw_front-scaled.jpg 1727w\" sizes=\"auto, (max-width: 691px) 100vw, 691px\" \/><\/figure><div class=\"wp-block-media-text__content\">\n<p>Mit dieser ersten \u00dcbersetzung des dritten Bandes aus der Serie&nbsp;History Enlightened &#8211; Erleuchtete Geschichte&nbsp;stellt der Autor einen qualifizierten \u00dcberblick auf mehr als 2.000 Jahre umfassende Einzel\u00fcberlieferungen zur spirituellen Tradition der Weisheit in Europa bereit.<\/p>\n<\/div><\/div>\n\n\n\n<hr class=\"wp-block-separator has-alpha-channel-opacity\"\/>\n\n\n\n<div class=\"wp-block-media-text alignwide has-media-on-the-right is-stacked-on-mobile\"><div class=\"wp-block-media-text__content\">\n<p>Er beschr\u00e4nkt sich dabei nicht nur auf traditionell als religi\u00f6s charakterisierte Arbeiten, sondern pr\u00e4sentiert auch Ausz\u00fcge aus Werken Hildegard von Bingens, Dante Alighieris, Jakob B\u00f6hmes, Johann Wolfgang von Goethes, Nikolas Roerichs, William Blakes \u2013 um nur die bekanntesten zu nennen.&nbsp;<\/p>\n<\/div><figure class=\"wp-block-media-text__media\"><img loading=\"lazy\" decoding=\"async\" width=\"787\" height=\"1024\" src=\"https:\/\/nirananda-media.de\/wp-content\/uploads\/2023\/07\/tdw_back-787x1024.jpg\" alt=\"\" class=\"wp-image-1136 size-full\" srcset=\"https:\/\/nirananda-media.de\/wp-content\/uploads\/2023\/07\/tdw_back-787x1024.jpg 787w, https:\/\/nirananda-media.de\/wp-content\/uploads\/2023\/07\/tdw_back-230x300.jpg 230w, https:\/\/nirananda-media.de\/wp-content\/uploads\/2023\/07\/tdw_back-768x1000.jpg 768w, https:\/\/nirananda-media.de\/wp-content\/uploads\/2023\/07\/tdw_back-1180x1536.jpg 1180w, https:\/\/nirananda-media.de\/wp-content\/uploads\/2023\/07\/tdw_back-1573x2048.jpg 1573w, https:\/\/nirananda-media.de\/wp-content\/uploads\/2023\/07\/tdw_back-100x130.jpg 100w, https:\/\/nirananda-media.de\/wp-content\/uploads\/2023\/07\/tdw_back-150x195.jpg 150w, https:\/\/nirananda-media.de\/wp-content\/uploads\/2023\/07\/tdw_back-200x260.jpg 200w, https:\/\/nirananda-media.de\/wp-content\/uploads\/2023\/07\/tdw_back-300x391.jpg 300w, https:\/\/nirananda-media.de\/wp-content\/uploads\/2023\/07\/tdw_back-450x586.jpg 450w, https:\/\/nirananda-media.de\/wp-content\/uploads\/2023\/07\/tdw_back-600x781.jpg 600w, https:\/\/nirananda-media.de\/wp-content\/uploads\/2023\/07\/tdw_back-900x1172.jpg 900w, https:\/\/nirananda-media.de\/wp-content\/uploads\/2023\/07\/tdw_back-scaled.jpg 1966w\" sizes=\"auto, (max-width: 787px) 100vw, 787px\" \/><\/figure><\/div>\n\n\n\n<hr class=\"wp-block-separator has-alpha-channel-opacity\"\/>\n\n\n\n<p class=\"has-text-align-center\">Die Bezeichnung \u201eG\u00f6ttin\u201c auf die Qualit\u00e4t der Weisheit an sich anzuwenden, erscheint dem Autor nur zu gerechtfertigt. Aus seiner s\u00fcdasiatischen Perspektive st\u00fctzen die vorgestellten Visionen des Weiblichen nicht nur die f\u00fcr europ\u00e4ische Denkweisen eher ungew\u00f6hnliche Vorstellung von \u201eeiner G\u00f6ttin, viele Manifestationen\u201c. Besonders im Westen kann man sie auch als den vernachl\u00e4ssigten weiblichen Aspekt des m\u00e4nnlich gepr\u00e4gten Gottesverst\u00e4ndnisses verstehen, der seinen Anh\u00e4ngern unter unterschiedlichen Namen wie Sophia, Philosophia, Sapientia, Natura oder das Ewig-Weibliche mit Rat und Tat zur Seite steht. Die Ergebnisse des Autors lassen es nicht vermessen erscheinen, dieses G\u00f6ttlich-Weibliche mit dem Heiligen Geist, dem m\u00fctterlichen Aspekt der christlichen Dreifaltigkeitsvorstellung, gleichzusetzen.&nbsp;<\/p>\n\n\n\n<p class=\"has-text-align-center\">Die angef\u00fchrten Beispiele belegen nicht nur, wie das G\u00f6ttlich-Weibliche in unterschiedlichen Erscheinungsformen im Gro\u00dfraum Europa wahrgenommen und verehrt wurde. John G. Barmbys Gedicht&nbsp;The Woman-power&nbsp;verweist stellvertretend auf ein bevorstehendes neues Zeitalter im Zeichen des Advents dieses Prinzips.&nbsp;<\/p>\n\n\n\n<p class=\"has-text-align-center\">Das Buch offenbart einen in der europ\u00e4ischen Geschichte verborgen liegenden gemeinsamen Schatz, den es lohnt, zu Tage zu f\u00f6rdern, und es ist ein Muss f\u00fcr jeden informierten und an Selbsterkenntnis interessierten Leser.<\/p>\n\n\n\n<p class=\"has-text-align-center\">&nbsp;Die Tradition der Weisheit war seine Abschlussarbeit f\u00fcr den Magister in Religion und Theologie an der Monash-Universit\u00e4t in Melbourne.<\/p>\n\n\n\n<hr class=\"wp-block-separator has-alpha-channel-opacity\"\/>\n\n\n\n<iframe frameborder=\"0\" scrolling=\"no\" style=\"border:0px\" src=\"https:\/\/books.google.de\/books?id=5MyeCwAAQBAJ&#038;newbks=1&#038;newbks_redir=0&#038;lpg=PA124&#038;dq=tradition%20der%20weisheit%20noyce&#038;hl=de&#038;pg=PP1&#038;output=embed\" width=700 height=900><\/iframe>\n\n\n\n<hr class=\"wp-block-separator has-alpha-channel-opacity\"\/>\n\n\n\n<h2 class=\"wp-block-heading has-text-align-center\">Buch bestellen<\/h2>\n\n\n\n<hr class=\"wp-block-separator has-alpha-channel-opacity\"\/>\n\n\n\n<figure class=\"wp-block-table aligncenter is-style-regular\"><table class=\"has-fixed-layout\"><tbody><tr><td class=\"has-text-align-right\" data-align=\"right\">ISBN-13 (Paperback)<\/td><td class=\"has-text-align-left\" data-align=\"left\"><strong><strong>978-3-7392-4199-9<\/strong><\/strong><\/td><\/tr><tr><td class=\"has-text-align-right\" data-align=\"right\">ISBN-13 (E-Book)<\/td><td class=\"has-text-align-left\" data-align=\"left\"><strong><strong>978-3-7412-3309-8<\/strong><\/strong><\/td><\/tr><\/tbody><\/table><\/figure>\n\n\n\n<p class=\"has-text-align-center\">Die Ausgaben ist mit den o. g. ISBN in <strong>allen lokalen und Online-Buchhandlungen\/Shops in Deutschland, \u00d6sterreich und der Schweiz sowie international bestellbar<\/strong>. Die internationale Ausgabe wird an landes\u00fcbliche Formate angepasst und enth\u00e4lt im Buchblock keine farbigen Abbildungen.<br><br><strong><strong>Bei Bestellungen \u00fcber\u00a0<a rel=\"noreferrer noopener\" href=\"https:\/\/www.bod.de\/\" target=\"_blank\">Books on Demand<\/a>\u00a0ist der Standardversand (3-7 Tage) in Deutschland, nach \u00d6sterreich und in die Schweiz kostenfrei.<\/strong><\/strong><\/p>\n\n\n\n<div class=\"wp-block-buttons is-content-justification-center is-layout-flex wp-container-core-buttons-is-layout-16018d1d wp-block-buttons-is-layout-flex\">\n<div class=\"wp-block-button\"><a class=\"wp-block-button__link wp-element-button\" href=\"https:\/\/www.bod.de\/buchshop\/die-tradition-der-weisheit-john-noyce-9783739241999\" style=\"border-radius:100px\" target=\"_blank\" rel=\"noreferrer noopener\">zum BoD-Shop<\/a><\/div>\n<\/div>\n\n\n\n<hr class=\"wp-block-separator has-alpha-channel-opacity\"\/>\n\n\n\n<p class=\"has-text-align-center\"><strong>Journalisten<\/strong> k\u00f6nnen \u00fcber <a rel=\"noreferrer noopener\" href=\"mailto:presse@bod.de\" target=\"_blank\">presse@bod.de<\/a> und bei Vorlage eines Presseausweises <strong>kostenlose Rezensionsexemplare<\/strong> bestellen.<\/p>\n\n\n\n<hr class=\"wp-block-separator has-alpha-channel-opacity\"\/>\n\n\n\n<div class=\"wp-block-buttons is-content-justification-center is-layout-flex wp-container-core-buttons-is-layout-16018d1d wp-block-buttons-is-layout-flex\">\n<div class=\"wp-block-button\"><a class=\"wp-block-button__link wp-element-button\" href=\"https:\/\/www.sahajbooks.org\/collection\/THE-WISDOM-TRADITION\" style=\"border-radius:100px\" target=\"_blank\" rel=\"noreferrer noopener\">weitere Ausgaben<\/a><\/div>\n<\/div>\n\n\n\n<hr class=\"wp-block-separator has-alpha-channel-opacity\"\/>\n<\/div>\n\n\n\n<div class=\"wp-block-column is-layout-flow wp-block-column-is-layout-flow\"><\/div>\n<\/div>\n","protected":false},"excerpt":{"rendered":"<p>John Noyce Erleuchtete Geschichte (3) Die Tradition der Weisheit Visionen und Prophezeiungen der G\u00f6ttin Mit dieser ersten \u00dcbersetzung des dritten Bandes aus der Serie&nbsp;History Enlightened &#8211; Erleuchtete Geschichte&nbsp;stellt der Autor einen qualifizierten \u00dcberblick auf mehr als 2.000 Jahre umfassende Einzel\u00fcberlieferungen &hellip;<\/p>\n<p class=\"read-more\"> <a class=\"more-link\" href=\"https:\/\/nirananda-media.de\/?page_id=1096\"> <span class=\"screen-reader-text\">Die Tradition der Weisheit<\/span> Weiterlesen &raquo;<\/a><\/p>\n","protected":false},"author":1,"featured_media":0,"parent":0,"menu_order":0,"comment_status":"closed","ping_status":"closed","template":"","meta":{"footnotes":""},"class_list":["post-1096","page","type-page","status-publish","hentry"],"_links":{"self":[{"href":"https:\/\/nirananda-media.de\/index.php?rest_route=\/wp\/v2\/pages\/1096","targetHints":{"allow":["GET"]}}],"collection":[{"href":"https:\/\/nirananda-media.de\/index.php?rest_route=\/wp\/v2\/pages"}],"about":[{"href":"https:\/\/nirananda-media.de\/index.php?rest_route=\/wp\/v2\/types\/page"}],"author":[{"embeddable":true,"href":"https:\/\/nirananda-media.de\/index.php?rest_route=\/wp\/v2\/users\/1"}],"replies":[{"embeddable":true,"href":"https:\/\/nirananda-media.de\/index.php?rest_route=%2Fwp%2Fv2%2Fcomments&post=1096"}],"version-history":[{"count":3,"href":"https:\/\/nirananda-media.de\/index.php?rest_route=\/wp\/v2\/pages\/1096\/revisions"}],"predecessor-version":[{"id":2033,"href":"https:\/\/nirananda-media.de\/index.php?rest_route=\/wp\/v2\/pages\/1096\/revisions\/2033"}],"wp:attachment":[{"href":"https:\/\/nirananda-media.de\/index.php?rest_route=%2Fwp%2Fv2%2Fmedia&parent=1096"}],"curies":[{"name":"wp","href":"https:\/\/api.w.org\/{rel}","templated":true}]}}