{"id":1088,"date":"2023-07-08T11:06:17","date_gmt":"2023-07-08T11:06:17","guid":{"rendered":"https:\/\/nirananda-media.de\/?page_id=1088"},"modified":"2023-07-20T09:38:09","modified_gmt":"2023-07-20T09:38:09","slug":"lieder-eines-sattvischen-engels","status":"publish","type":"page","link":"https:\/\/nirananda-media.de\/?page_id=1088","title":{"rendered":"Lieder eines sattvischen Engels"},"content":{"rendered":"\n<div class=\"wp-block-columns alignwide is-layout-flex wp-container-core-columns-is-layout-9d6595d7 wp-block-columns-is-layout-flex\">\n<div class=\"wp-block-column is-layout-flow wp-block-column-is-layout-flow\"><\/div>\n\n\n\n<div class=\"wp-block-column is-layout-flow wp-block-column-is-layout-flow\" style=\"flex-basis:1000px\">\n<hr class=\"wp-block-separator has-alpha-channel-opacity\"\/>\n\n\n\n<h2 class=\"wp-block-heading has-text-align-center\">Angelos Ashes<\/h2>\n\n\n\n<h1 class=\"wp-block-heading has-text-align-center\">Lieder eines sattvischen Engels<\/h1>\n\n\n\n<p class=\"has-text-align-center\">Zweisprachige Originalausgabe<\/p>\n\n\n\n<hr class=\"wp-block-separator has-alpha-channel-opacity\"\/>\n\n\n\n<div class=\"wp-block-media-text alignwide is-stacked-on-mobile\"><figure class=\"wp-block-media-text__media\"><img loading=\"lazy\" decoding=\"async\" width=\"720\" height=\"1024\" src=\"https:\/\/nirananda-media.de\/wp-content\/uploads\/2023\/07\/lieder_aktuell_front-720x1024.jpg\" alt=\"\" class=\"wp-image-637 size-full\" srcset=\"https:\/\/nirananda-media.de\/wp-content\/uploads\/2023\/07\/lieder_aktuell_front-720x1024.jpg 720w, https:\/\/nirananda-media.de\/wp-content\/uploads\/2023\/07\/lieder_aktuell_front-211x300.jpg 211w, https:\/\/nirananda-media.de\/wp-content\/uploads\/2023\/07\/lieder_aktuell_front-768x1092.jpg 768w, https:\/\/nirananda-media.de\/wp-content\/uploads\/2023\/07\/lieder_aktuell_front-1081x1536.jpg 1081w, https:\/\/nirananda-media.de\/wp-content\/uploads\/2023\/07\/lieder_aktuell_front-1441x2048.jpg 1441w, https:\/\/nirananda-media.de\/wp-content\/uploads\/2023\/07\/lieder_aktuell_front-100x142.jpg 100w, https:\/\/nirananda-media.de\/wp-content\/uploads\/2023\/07\/lieder_aktuell_front-150x213.jpg 150w, https:\/\/nirananda-media.de\/wp-content\/uploads\/2023\/07\/lieder_aktuell_front-200x284.jpg 200w, https:\/\/nirananda-media.de\/wp-content\/uploads\/2023\/07\/lieder_aktuell_front-300x426.jpg 300w, https:\/\/nirananda-media.de\/wp-content\/uploads\/2023\/07\/lieder_aktuell_front-450x640.jpg 450w, https:\/\/nirananda-media.de\/wp-content\/uploads\/2023\/07\/lieder_aktuell_front-600x853.jpg 600w, https:\/\/nirananda-media.de\/wp-content\/uploads\/2023\/07\/lieder_aktuell_front-900x1279.jpg 900w, https:\/\/nirananda-media.de\/wp-content\/uploads\/2023\/07\/lieder_aktuell_front.jpg 1747w\" sizes=\"auto, (max-width: 720px) 100vw, 720px\" \/><\/figure><div class=\"wp-block-media-text__content\">\n<p>Die Idee, die vorgelegten Gedichte in eine Buchform zu bringen, kam mir eines Tages in der Meditation. Dabei versp\u00fcrte ich eher den Wunsch, dem Leser ein Gef\u00fchl von Liebe und Trost zu vermitteln, als dass es ein intellektueller Prozess war.<\/p>\n\n\n\n<p>Die Lieder sind einfach gedacht und ebenso gelesen, gibt es mir das Gef\u00fchl, erfolgreich die Bresche zwischen Wissen und Werden geschlossen zu haben. Dies ist die Reise, die wir alle von unserem Verstand zum Herzen unternehmen m\u00fcssen, um uns selbst und die Welt um uns herum heilen zu k\u00f6nnen.<\/p>\n<\/div><\/div>\n\n\n\n<hr class=\"wp-block-separator has-alpha-channel-opacity\"\/>\n\n\n\n<div class=\"wp-block-media-text alignwide has-media-on-the-right is-stacked-on-mobile\"><div class=\"wp-block-media-text__content\">\n<p class=\"has-text-align-center\">Der Titel des Buches verweist auf eine engelhafte Reinheit, die zugleich ein Anspruch und auch die tiefe Wirklichkeit ist, die wir alle sind. Es liegt nur an uns, diese Qualit\u00e4t zu entdecken und manchmal helfen dabei ein paar Worte.<\/p>\n<\/div><figure class=\"wp-block-media-text__media\"><img loading=\"lazy\" decoding=\"async\" width=\"720\" height=\"1024\" src=\"https:\/\/nirananda-media.de\/wp-content\/uploads\/2023\/07\/lieder_aktuell_back-720x1024.jpg\" alt=\"\" class=\"wp-image-1115 size-full\" srcset=\"https:\/\/nirananda-media.de\/wp-content\/uploads\/2023\/07\/lieder_aktuell_back-720x1024.jpg 720w, https:\/\/nirananda-media.de\/wp-content\/uploads\/2023\/07\/lieder_aktuell_back-211x300.jpg 211w, https:\/\/nirananda-media.de\/wp-content\/uploads\/2023\/07\/lieder_aktuell_back-768x1092.jpg 768w, https:\/\/nirananda-media.de\/wp-content\/uploads\/2023\/07\/lieder_aktuell_back-1081x1536.jpg 1081w, https:\/\/nirananda-media.de\/wp-content\/uploads\/2023\/07\/lieder_aktuell_back-1441x2048.jpg 1441w, https:\/\/nirananda-media.de\/wp-content\/uploads\/2023\/07\/lieder_aktuell_back-100x142.jpg 100w, https:\/\/nirananda-media.de\/wp-content\/uploads\/2023\/07\/lieder_aktuell_back-150x213.jpg 150w, https:\/\/nirananda-media.de\/wp-content\/uploads\/2023\/07\/lieder_aktuell_back-200x284.jpg 200w, https:\/\/nirananda-media.de\/wp-content\/uploads\/2023\/07\/lieder_aktuell_back-300x426.jpg 300w, https:\/\/nirananda-media.de\/wp-content\/uploads\/2023\/07\/lieder_aktuell_back-450x640.jpg 450w, https:\/\/nirananda-media.de\/wp-content\/uploads\/2023\/07\/lieder_aktuell_back-600x853.jpg 600w, https:\/\/nirananda-media.de\/wp-content\/uploads\/2023\/07\/lieder_aktuell_back-900x1279.jpg 900w, https:\/\/nirananda-media.de\/wp-content\/uploads\/2023\/07\/lieder_aktuell_back.jpg 1746w\" sizes=\"auto, (max-width: 720px) 100vw, 720px\" \/><\/figure><\/div>\n\n\n\n<hr class=\"wp-block-separator has-alpha-channel-opacity\"\/>\n\n\n\n<iframe frameborder=\"0\" scrolling=\"no\" style=\"border:0px\" src=\"https:\/\/books.google.de\/books?id=EhSdCwAAQBAJ&#038;newbks=1&#038;newbks_redir=0&#038;lpg=PA6&#038;dq=sattvischer%20engel&#038;hl=de&#038;pg=PA6&#038;output=embed\" width=900 height=800><\/iframe>\n\n\n\n<hr class=\"wp-block-separator has-alpha-channel-opacity\"\/>\n\n\n\n<h2 class=\"wp-block-heading has-text-align-center\">Buch bestellen<\/h2>\n\n\n\n<hr class=\"wp-block-separator has-alpha-channel-opacity\"\/>\n\n\n\n<figure class=\"wp-block-table aligncenter is-style-regular\"><table class=\"has-fixed-layout\"><tbody><tr><td class=\"has-text-align-right\" data-align=\"right\">ISBN-13 (Paperback)<\/td><td class=\"has-text-align-left\" data-align=\"left\"><strong><strong>978-3-7392-1155-8<\/strong><\/strong><\/td><\/tr><tr><td class=\"has-text-align-right\" data-align=\"right\">ISBN-13 (E-Book)<\/td><td class=\"has-text-align-left\" data-align=\"left\"><strong><strong>978-3-7392-6637-4<\/strong><\/strong><\/td><\/tr><\/tbody><\/table><\/figure>\n\n\n\n<p class=\"has-text-align-center\">Die deutschen Ausgaben sind mit den o. g. ISBN in <strong>allen lokalen und Online-Buchhandlungen\/Shops in Deutschland, \u00d6sterreich und der Schweiz sowie international bestellbar<\/strong>.<br>Die internationale Ausgabe wird an landes\u00fcbliche Formate angepasst und enth\u00e4lt im Buchblock keine farbigen Abbildungen.<br><br><strong><strong>Bei Bestellungen \u00fcber\u00a0<a rel=\"noreferrer noopener\" href=\"https:\/\/www.bod.de\/\" target=\"_blank\">Books on Demand<\/a>\u00a0ist der Standardversand (3-7 Tage) in Deutschland, nach \u00d6sterreich und in die Schweiz kostenfrei.<\/strong><\/strong><\/p>\n\n\n\n<div class=\"wp-block-buttons is-content-justification-center is-layout-flex wp-container-core-buttons-is-layout-16018d1d wp-block-buttons-is-layout-flex\">\n<div class=\"wp-block-button\"><a class=\"wp-block-button__link wp-element-button\" href=\"https:\/\/www.bod.de\/buchshop\/lieder-eines-sattvischen-engels-songs-from-a-satvic-angel-angelos-ashes-9783739211558\" style=\"border-radius:100px\" target=\"_blank\" rel=\"noreferrer noopener\">zum BoD-Shop<\/a><\/div>\n<\/div>\n\n\n\n<hr class=\"wp-block-separator has-alpha-channel-opacity\"\/>\n\n\n\n<p class=\"has-text-align-center\"><strong>Journalisten<\/strong> k\u00f6nnen \u00fcber <a rel=\"noreferrer noopener\" href=\"mailto:presse@bod.de\" target=\"_blank\">presse@bod.de<\/a> und bei Vorlage eines Presseausweises <strong>kostenlose Rezensionsexemplare<\/strong> bestellen.<\/p>\n\n\n\n<hr class=\"wp-block-separator has-alpha-channel-opacity\"\/>\n\n\n\n<div class=\"wp-block-buttons is-content-justification-center is-layout-flex wp-container-core-buttons-is-layout-16018d1d wp-block-buttons-is-layout-flex\">\n<div class=\"wp-block-button\"><a class=\"wp-block-button__link wp-element-button\" href=\"https:\/\/www.sahajbooks.org\/collection\/SONGS-FROM-A-SATVIC-ANGEL\" style=\"border-radius:100px\" target=\"_blank\" rel=\"noreferrer noopener\">Original-Ausgaben<\/a><\/div>\n<\/div>\n\n\n\n<hr class=\"wp-block-separator has-alpha-channel-opacity\"\/>\n<\/div>\n\n\n\n<div class=\"wp-block-column is-layout-flow wp-block-column-is-layout-flow\"><\/div>\n<\/div>\n","protected":false},"excerpt":{"rendered":"<p>Angelos Ashes Lieder eines sattvischen Engels Zweisprachige Originalausgabe Die Idee, die vorgelegten Gedichte in eine Buchform zu bringen, kam mir eines Tages in der Meditation. Dabei versp\u00fcrte ich eher den Wunsch, dem Leser ein Gef\u00fchl von Liebe und Trost zu &hellip;<\/p>\n<p class=\"read-more\"> <a class=\"more-link\" href=\"https:\/\/nirananda-media.de\/?page_id=1088\"> <span class=\"screen-reader-text\">Lieder eines sattvischen Engels<\/span> Weiterlesen &raquo;<\/a><\/p>\n","protected":false},"author":1,"featured_media":0,"parent":0,"menu_order":0,"comment_status":"closed","ping_status":"closed","template":"","meta":{"footnotes":""},"class_list":["post-1088","page","type-page","status-publish","hentry"],"_links":{"self":[{"href":"https:\/\/nirananda-media.de\/index.php?rest_route=\/wp\/v2\/pages\/1088","targetHints":{"allow":["GET"]}}],"collection":[{"href":"https:\/\/nirananda-media.de\/index.php?rest_route=\/wp\/v2\/pages"}],"about":[{"href":"https:\/\/nirananda-media.de\/index.php?rest_route=\/wp\/v2\/types\/page"}],"author":[{"embeddable":true,"href":"https:\/\/nirananda-media.de\/index.php?rest_route=\/wp\/v2\/users\/1"}],"replies":[{"embeddable":true,"href":"https:\/\/nirananda-media.de\/index.php?rest_route=%2Fwp%2Fv2%2Fcomments&post=1088"}],"version-history":[{"count":5,"href":"https:\/\/nirananda-media.de\/index.php?rest_route=\/wp\/v2\/pages\/1088\/revisions"}],"predecessor-version":[{"id":2027,"href":"https:\/\/nirananda-media.de\/index.php?rest_route=\/wp\/v2\/pages\/1088\/revisions\/2027"}],"wp:attachment":[{"href":"https:\/\/nirananda-media.de\/index.php?rest_route=%2Fwp%2Fv2%2Fmedia&parent=1088"}],"curies":[{"name":"wp","href":"https:\/\/api.w.org\/{rel}","templated":true}]}}