{"id":1084,"date":"2023-07-08T10:31:44","date_gmt":"2023-07-08T10:31:44","guid":{"rendered":"https:\/\/nirananda-media.de\/?page_id=1084"},"modified":"2024-03-29T17:19:08","modified_gmt":"2024-03-29T17:19:08","slug":"bluetezeit-am-baum-des-lebens-2","status":"publish","type":"page","link":"https:\/\/nirananda-media.de\/?page_id=1084","title":{"rendered":"Das Licht des Korans"},"content":{"rendered":"\n<div class=\"wp-block-columns alignwide is-layout-flex wp-container-core-columns-is-layout-9d6595d7 wp-block-columns-is-layout-flex\">\n<div class=\"wp-block-column is-layout-flow wp-block-column-is-layout-flow\"><\/div>\n\n\n\n<div class=\"wp-block-column is-layout-flow wp-block-column-is-layout-flow\" style=\"flex-basis:1000px\">\n<hr class=\"wp-block-separator has-alpha-channel-opacity\"\/>\n\n\n\n<h2 class=\"wp-block-heading has-text-align-center\">Flore Descieux<\/h2>\n\n\n\n<h1 class=\"wp-block-heading has-text-align-center\">Das Licht des Korans<\/h1>\n\n\n\n<p class=\"has-text-align-center\">Selbst-Erkenntnis durch Sahaja Yoga<\/p>\n\n\n\n<hr class=\"wp-block-separator has-alpha-channel-opacity\"\/>\n\n\n\n<div class=\"wp-block-media-text alignwide is-stacked-on-mobile\" style=\"grid-template-columns:40% auto\"><figure class=\"wp-block-media-text__media\"><a href=\"https:\/\/www.lulu.com\/de\/shop\/flore-descieux\/das-licht-des-korans\/paperback\/product-gjnyjje.html?page=1&amp;pageSize=4\" target=\"_blank\" rel=\"noreferrer noopener\"><img loading=\"lazy\" decoding=\"async\" width=\"792\" height=\"1024\" src=\"https:\/\/nirananda-media.de\/wp-content\/uploads\/2023\/07\/ldk_2023_0107_front-792x1024.jpg\" alt=\"\" class=\"wp-image-1120 size-full\" srcset=\"https:\/\/nirananda-media.de\/wp-content\/uploads\/2023\/07\/ldk_2023_0107_front-792x1024.jpg 792w, https:\/\/nirananda-media.de\/wp-content\/uploads\/2023\/07\/ldk_2023_0107_front-232x300.jpg 232w, https:\/\/nirananda-media.de\/wp-content\/uploads\/2023\/07\/ldk_2023_0107_front-768x993.jpg 768w, https:\/\/nirananda-media.de\/wp-content\/uploads\/2023\/07\/ldk_2023_0107_front-1188x1536.jpg 1188w, https:\/\/nirananda-media.de\/wp-content\/uploads\/2023\/07\/ldk_2023_0107_front-1584x2048.jpg 1584w, https:\/\/nirananda-media.de\/wp-content\/uploads\/2023\/07\/ldk_2023_0107_front-100x129.jpg 100w, https:\/\/nirananda-media.de\/wp-content\/uploads\/2023\/07\/ldk_2023_0107_front-150x194.jpg 150w, https:\/\/nirananda-media.de\/wp-content\/uploads\/2023\/07\/ldk_2023_0107_front-200x259.jpg 200w, https:\/\/nirananda-media.de\/wp-content\/uploads\/2023\/07\/ldk_2023_0107_front-300x388.jpg 300w, https:\/\/nirananda-media.de\/wp-content\/uploads\/2023\/07\/ldk_2023_0107_front-450x582.jpg 450w, https:\/\/nirananda-media.de\/wp-content\/uploads\/2023\/07\/ldk_2023_0107_front-600x776.jpg 600w, https:\/\/nirananda-media.de\/wp-content\/uploads\/2023\/07\/ldk_2023_0107_front-900x1163.jpg 900w, https:\/\/nirananda-media.de\/wp-content\/uploads\/2023\/07\/ldk_2023_0107_front-scaled.jpg 1981w\" sizes=\"auto, (max-width: 792px) 100vw, 792px\" \/><\/a><\/figure><div class=\"wp-block-media-text__content\">\n<p>Ohne sich in biografischen Einzelheiten zu verlieren, nimmt uns Flore Descieux mit auf eine spannende Entdeckungsreise zu uns selbst.<br><br>Vordergr\u00fcndig richtet sich das Essay in anspruchsvoller, spannender und aufr\u00fcttelnder Weise an Leserinnen und Leser mit muslimischem Hintergrund.<br><br>Doch wie viele wichtige, spirituelle Werke zuvor, betont es das mehr denn je aktuelle und universelle Motto &#8222;Erkenne dich selbst&#8220; in unserer heutigen global vernetzten und turbulenten Zeit.<br><br>In aller Freiheit und doch mit Dringlichkeit fordert die Autorin somit nicht nur die muslimische Welt, sondern alle Glaubensrichtungen auf, sich mit <em>den <\/em>essenziellen Fragen des Menschseins auseinanderzusetzen und stellt die Interpretation von Kernaussagen aller Religionen auf die Grundlage der neuen Dimension des sogenannten vibratorischen Bewusstseins.<br><br>Ost und West k\u00f6nnen sich so in ihrer Suche nach den h\u00f6chsten Wahrheiten wiederfinden und vereinen.<\/p>\n\n\n\n<p><\/p>\n<\/div><\/div>\n\n\n\n<hr class=\"wp-block-separator has-alpha-channel-opacity\"\/>\n\n\n\n<div class=\"wp-block-media-text alignwide has-media-on-the-right is-stacked-on-mobile\" style=\"grid-template-columns:auto 37%\"><div class=\"wp-block-media-text__content\">\n<p>Flore Descieux\u2018 Arbeit pr\u00e4sentiert aktualisierende Sichtweisen vornehmlich des Korans, der Hintergr\u00fcnde seiner Entstehung und der heutigen Umsetzung im Islam. <br><br>Dieser Ansatz ist das Ergebnis der Begegnung der <br>Autorin mit Shri Mataji Nirmala Devi, der weltweit anerkannten spirituellen Pers\u00f6nlichkeit des ausgehenden 20. Jahrhunderts.<br>Ihre Lehre basiert auf der Weitergabe der Erfahrung und des Wissens \u00fcber die im Menschen reflektierte Energie, die das Universum selbst erschaffen hat.<br><br>Auf kollektiver und individueller Ebene erm\u00f6glicht diese Kombination einen klaren und buchst\u00e4blich selbst-bewussten Blick auf eine Realit\u00e4t jenseits von Materialismus, Emotionen, rationellen \u00dcberlegungen oder subjektiven Interessen.<\/p>\n<\/div><figure class=\"wp-block-media-text__media\"><a href=\"https:\/\/www.lulu.com\/de\/shop\/flore-descieux\/das-licht-des-korans\/hardcover\/product-7ky68e9.html?page=1&amp;pageSize=4\" target=\"_blank\" rel=\"noreferrer noopener\"><img loading=\"lazy\" decoding=\"async\" width=\"384\" height=\"580\" src=\"https:\/\/nirananda-media.de\/wp-content\/uploads\/2023\/10\/7ky68e9-front-shortedge-384.jpg\" alt=\"\" class=\"wp-image-2061 size-full\" srcset=\"https:\/\/nirananda-media.de\/wp-content\/uploads\/2023\/10\/7ky68e9-front-shortedge-384.jpg 384w, https:\/\/nirananda-media.de\/wp-content\/uploads\/2023\/10\/7ky68e9-front-shortedge-384-199x300.jpg 199w, https:\/\/nirananda-media.de\/wp-content\/uploads\/2023\/10\/7ky68e9-front-shortedge-384-100x151.jpg 100w, https:\/\/nirananda-media.de\/wp-content\/uploads\/2023\/10\/7ky68e9-front-shortedge-384-150x227.jpg 150w, https:\/\/nirananda-media.de\/wp-content\/uploads\/2023\/10\/7ky68e9-front-shortedge-384-200x302.jpg 200w, https:\/\/nirananda-media.de\/wp-content\/uploads\/2023\/10\/7ky68e9-front-shortedge-384-300x453.jpg 300w\" sizes=\"auto, (max-width: 384px) 100vw, 384px\" \/><\/a><\/figure><\/div>\n\n\n\n<hr class=\"wp-block-separator has-alpha-channel-opacity\"\/>\n\n\n\n<h2 class=\"wp-block-heading has-text-align-center\">Vorschau<\/h2>\n\n\n\n<hr class=\"wp-block-separator has-alpha-channel-opacity\"\/>\n\n\n\n<p class=\"has-text-align-center\"><div class=\"real3dflipbook\" id=\"5_69e387ee735f8\" style=\"position:absolute;\"><\/div><\/p>\n\n\n\n<hr class=\"wp-block-separator has-alpha-channel-opacity\"\/>\n\n\n\n<h2 class=\"wp-block-heading has-text-align-center\">Buch bestellen<\/h2>\n\n\n\n<hr class=\"wp-block-separator has-alpha-channel-opacity\"\/>\n\n\n\n<figure class=\"wp-block-table aligncenter is-style-regular\"><table class=\"has-fixed-layout\"><tbody><tr><td class=\"has-text-align-right\" data-align=\"right\">ISBN-13 (Paperback)<\/td><td class=\"has-text-align-left\" data-align=\"left\"><strong><a href=\"https:\/\/www.lulu.com\/de\/shop\/flore-descieux\/das-licht-des-korans\/paperback\/product-gjnyjje.html?page=1&amp;pageSize=4\" data-type=\"link\" data-id=\"https:\/\/www.lulu.com\/de\/shop\/flore-descieux\/das-licht-des-korans\/paperback\/product-gjnyjje.html?page=1&amp;pageSize=4\">978-1-4467-2247-3<\/a><\/strong><\/td><\/tr><tr><td class=\"has-text-align-right\" data-align=\"right\">ISBN-13 (Hardcover)<\/td><td class=\"has-text-align-left\" data-align=\"left\"><strong><a href=\"https:\/\/www.lulu.com\/de\/shop\/flore-descieux\/das-licht-des-korans\/hardcover\/product-7ky68e9.html?page=1&amp;pageSize=4\" data-type=\"link\" data-id=\"https:\/\/www.lulu.com\/de\/shop\/flore-descieux\/das-licht-des-korans\/hardcover\/product-7ky68e9.html?page=1&amp;pageSize=4\">978-1-4467-2176-6<\/a><\/strong><\/td><\/tr><\/tbody><\/table><\/figure>\n<\/div>\n\n\n\n<div class=\"wp-block-column is-layout-flow wp-block-column-is-layout-flow\"><\/div>\n<\/div>\n\n\n\n<hr class=\"wp-block-separator has-alpha-channel-opacity\"\/>\n\n\n\n<div class=\"wp-block-columns is-layout-flex wp-container-core-columns-is-layout-9d6595d7 wp-block-columns-is-layout-flex\">\n<div class=\"wp-block-column is-layout-flow wp-block-column-is-layout-flow\">\n<p>Beide Ausgaben sind ab sofort \u00fcber den <a href=\"https:\/\/www.lulu.com\/de\/shop\" data-type=\"link\" data-id=\"https:\/\/www.lulu.com\/de\/shop\">Lulu-Buchshop<\/a> bestellbar. Die <a href=\"https:\/\/www.lulu.com\/de\/shop\/flore-descieux\/das-licht-des-korans\/paperback\/product-gjnyjje.html?page=1&amp;pageSize=4\" data-type=\"link\" data-id=\"https:\/\/www.lulu.com\/de\/shop\/flore-descieux\/das-licht-des-korans\/paperback\/product-gjnyjje.html?page=1&amp;pageSize=4\">Paperbackausgabe <\/a>kostet 20 EUR und das <a href=\"https:\/\/www.lulu.com\/de\/shop\/flore-descieux\/das-licht-des-korans\/hardcover\/product-7ky68e9.html?page=1&amp;pageSize=4\" data-type=\"link\" data-id=\"https:\/\/www.lulu.com\/de\/shop\/flore-descieux\/das-licht-des-korans\/hardcover\/product-7ky68e9.html?page=1&amp;pageSize=4\">Hardcover<\/a> 25 EUR.<\/p>\n<\/div>\n\n\n\n<div class=\"wp-block-column is-layout-flow wp-block-column-is-layout-flow\">\n<p>Tipp: Wenn man sich <a href=\"https:\/\/www.lulu.com\/de\" data-type=\"link\" data-id=\"https:\/\/www.lulu.com\/de\">bei Lulu registriert<\/a>, erh\u00e4lt man in regelm\u00e4\u00dfigen Abst\u00e4nden Rabattcodes zugesendet. Sammelbestellungen reduzieren das relative Porto und sonstige Geb\u00fchren.<br><\/p>\n<\/div>\n\n\n\n<div class=\"wp-block-column is-layout-flow wp-block-column-is-layout-flow\">\n<p>Der Titel kann auch \u00fcber mich bestellt werden, solange der Vorrat reicht. Bei Interesse bitte eine <a href=\"https:\/\/nirananda-media.de\/?page_id=1045\" data-type=\"link\" data-id=\"https:\/\/nirananda-media.de\/?page_id=1045\">Nachricht <\/a>mit der gew\u00fcnschten Ausgabe, der St\u00fcckzahl und der Adresse senden .<\/p>\n<\/div>\n<\/div>\n\n\n\n<hr class=\"wp-block-separator has-alpha-channel-opacity\"\/>\n","protected":false},"excerpt":{"rendered":"<p>Flore Descieux Das Licht des Korans Selbst-Erkenntnis durch Sahaja Yoga Ohne sich in biografischen Einzelheiten zu verlieren, nimmt uns Flore Descieux mit auf eine spannende Entdeckungsreise zu uns selbst. Vordergr\u00fcndig richtet sich das Essay in anspruchsvoller, spannender und aufr\u00fcttelnder Weise &hellip;<\/p>\n<p class=\"read-more\"> <a class=\"more-link\" href=\"https:\/\/nirananda-media.de\/?page_id=1084\"> <span class=\"screen-reader-text\">Das Licht des Korans<\/span> Weiterlesen &raquo;<\/a><\/p>\n","protected":false},"author":1,"featured_media":0,"parent":0,"menu_order":0,"comment_status":"closed","ping_status":"closed","template":"","meta":{"footnotes":""},"class_list":["post-1084","page","type-page","status-publish","hentry"],"_links":{"self":[{"href":"https:\/\/nirananda-media.de\/index.php?rest_route=\/wp\/v2\/pages\/1084","targetHints":{"allow":["GET"]}}],"collection":[{"href":"https:\/\/nirananda-media.de\/index.php?rest_route=\/wp\/v2\/pages"}],"about":[{"href":"https:\/\/nirananda-media.de\/index.php?rest_route=\/wp\/v2\/types\/page"}],"author":[{"embeddable":true,"href":"https:\/\/nirananda-media.de\/index.php?rest_route=\/wp\/v2\/users\/1"}],"replies":[{"embeddable":true,"href":"https:\/\/nirananda-media.de\/index.php?rest_route=%2Fwp%2Fv2%2Fcomments&post=1084"}],"version-history":[{"count":23,"href":"https:\/\/nirananda-media.de\/index.php?rest_route=\/wp\/v2\/pages\/1084\/revisions"}],"predecessor-version":[{"id":2240,"href":"https:\/\/nirananda-media.de\/index.php?rest_route=\/wp\/v2\/pages\/1084\/revisions\/2240"}],"wp:attachment":[{"href":"https:\/\/nirananda-media.de\/index.php?rest_route=%2Fwp%2Fv2%2Fmedia&parent=1084"}],"curies":[{"name":"wp","href":"https:\/\/api.w.org\/{rel}","templated":true}]}}