{"id":1045,"date":"2023-07-07T13:22:09","date_gmt":"2023-07-07T13:22:09","guid":{"rendered":"https:\/\/nirananda-media.de\/?page_id=1045"},"modified":"2024-06-02T08:50:27","modified_gmt":"2024-06-02T08:50:27","slug":"bestellformular","status":"publish","type":"page","link":"https:\/\/nirananda-media.de\/?page_id=1045","title":{"rendered":"Bestellformular"},"content":{"rendered":"\n<div class=\"wp-block-columns alignwide is-layout-flex wp-container-core-columns-is-layout-9d6595d7 wp-block-columns-is-layout-flex\">\n<div class=\"wp-block-column is-layout-flow wp-block-column-is-layout-flow\"><\/div>\n\n\n\n<div class=\"wp-block-column is-layout-flow wp-block-column-is-layout-flow\" style=\"flex-basis:1000px\">\n<hr class=\"wp-block-separator has-alpha-channel-opacity\"\/>\n\n\n\n<h2 class=\"wp-block-heading has-text-align-center\">Bestellformular<\/h2>\n\n\n\n<hr class=\"wp-block-separator has-alpha-channel-opacity\"\/>\n\n\n\n<p class=\"has-text-align-left\">Bitte f\u00fclle alle Felder aus, sodass wir wissen, um welchen Titel es sich handelt und die Bestellung so schnell wie m\u00f6glich bearbeiten k\u00f6nnen.<\/p>\n\n\n\n<p class=\"has-text-align-left\"><strong>Bitte hier vorzugsweise nur B\u00fccher oder Brosch\u00fcren bestellen, die nicht im Buchhandel erh\u00e4ltlich sind!<\/strong><\/p>\n\n\n\n<p class=\"has-text-align-left\">Sofern der gew\u00fcnschte Titel eine ISBN hat, ist er im Buchhandel erh\u00e4ltlich. Daf\u00fcr empfehlen wir f\u00fcr Deutschland die Bestellung \u00fcber den Shops von <a href=\"https:\/\/www.bod.de\/buchshop\/\" data-type=\"link\" data-id=\"https:\/\/www.bod.de\/buchshop\/\">Books on Demand (BoD)<\/a> oder <a href=\"https:\/\/www.lulu.com\/de\/shop\" data-type=\"link\" data-id=\"https:\/\/www.lulu.com\/de\/shop\">Lulu<\/a>.<br><br>Der Versand innerhalb Deutschlands ist \u00fcber BoD kostenlos. Wenn man sich <a href=\"https:\/\/www.lulu.com\/de\" data-type=\"link\" data-id=\"https:\/\/www.lulu.com\/de\">bei Lulu registriert<\/a>, erh\u00e4lt man in regelm\u00e4\u00dfigen Abst\u00e4nden Rabattcodes zugesendet, die Bestellungen um bis zu 15 % g\u00fcnstiger machen. Sammelbestellungen reduzieren das relative Porto und sonstige Geb\u00fchren.<\/p>\n\n\n\n<p class=\"has-text-align-left\"><strong>Alle bei BoD ver\u00f6ffentlichten Titel k\u00f6nnen generell \u00fcber jede Online- oder jede Buchhandlung vor Ort der eigenen Wahl bestellen<\/strong>. Auch internationale Exemplare werden von BoD in den englisch-sprachigen Raum (USA, GB) in einem angepassten Format und ohne farbige Abbildungen im Buchblock geliefert. Lulu verkauft haupts\u00e4chlich \u00fcber seinen <a href=\"https:\/\/www.lulu.com\/de\/shop\" data-type=\"link\" data-id=\"https:\/\/www.lulu.com\/de\/shop\">Online-Shop<\/a>.<\/p>\n\n\n\n<hr class=\"wp-block-separator has-alpha-channel-opacity\"\/>\n\n\n\n<style id=\"wpforms-css-vars-1032\">\n\t\t\t\t#wpforms-1032 {\n\t\t\t\t\n\t\t\t}\n\t\t\t<\/style><div class=\"wpforms-container wpforms-container-full wpforms-render-modern\" id=\"wpforms-1032\"><form id=\"wpforms-form-1032\" class=\"wpforms-validate wpforms-form wpforms-ajax-form\" data-formid=\"1032\" method=\"post\" enctype=\"multipart\/form-data\" action=\"\/index.php?rest_route=%2Fwp%2Fv2%2Fpages%2F1045\" data-token=\"d7961d3005197e2d5c856de34431717a\" data-token-time=\"1776518738\"><noscript class=\"wpforms-error-noscript\">Bitte aktiviere JavaScript in deinem Browser, um dieses Formular fertigzustellen.<\/noscript><div id=\"wpforms-error-noscript\" style=\"display: none;\">Bitte aktiviere JavaScript in deinem Browser, um dieses Formular fertigzustellen.<\/div><div class=\"wpforms-field-container\"><div id=\"wpforms-1032-field_32-container\" class=\"wpforms-field wpforms-field-text\" data-field-id=\"32\"><label class=\"wpforms-field-label\" for=\"wpforms-1032-field_32\">Buchtitel <span class=\"wpforms-required-label\" aria-hidden=\"true\">*<\/span><\/label><input type=\"text\" id=\"wpforms-1032-field_32\" class=\"wpforms-field-medium wpforms-field-required\" name=\"wpforms[fields][32]\" aria-errormessage=\"wpforms-1032-field_32-error\" required><\/div><div id=\"wpforms-1032-field_34-container\" class=\"wpforms-field wpforms-field-number\" data-field-id=\"34\"><label class=\"wpforms-field-label\" for=\"wpforms-1032-field_34\">Anzahl <span class=\"wpforms-required-label\" aria-hidden=\"true\">*<\/span><\/label><input type=\"number\" id=\"wpforms-1032-field_34\" class=\"wpforms-field-small wpforms-field-required\" name=\"wpforms[fields][34]\" step=\"any\" aria-errormessage=\"wpforms-1032-field_34-error\" required><\/div><div id=\"wpforms-1032-field_54-container\" class=\"wpforms-field wpforms-field-text\" data-field-id=\"54\"><label class=\"wpforms-field-label\" for=\"wpforms-1032-field_54\">Wie lange praktizierst Du bereites Sahaja Yoga? <span class=\"wpforms-required-label\" aria-hidden=\"true\">*<\/span><\/label><input type=\"text\" id=\"wpforms-1032-field_54\" class=\"wpforms-field-medium wpforms-field-required\" name=\"wpforms[fields][54]\" aria-errormessage=\"wpforms-1032-field_54-error\" required><\/div><div id=\"wpforms-1032-field_56-container\" class=\"wpforms-field wpforms-field-text\" data-field-id=\"56\"><label class=\"wpforms-field-label\" for=\"wpforms-1032-field_56\">Name <span class=\"wpforms-required-label\" aria-hidden=\"true\">*<\/span><\/label><input type=\"text\" id=\"wpforms-1032-field_56\" class=\"wpforms-field-medium wpforms-field-required\" name=\"wpforms[fields][56]\" aria-errormessage=\"wpforms-1032-field_56-error\" required><\/div><div id=\"wpforms-1032-field_57-container\" class=\"wpforms-field wpforms-field-text\" data-field-id=\"57\"><label class=\"wpforms-field-label\" for=\"wpforms-1032-field_57\">Vorname <span class=\"wpforms-required-label\" aria-hidden=\"true\">*<\/span><\/label><input type=\"text\" id=\"wpforms-1032-field_57\" class=\"wpforms-field-medium wpforms-field-required\" name=\"wpforms[fields][57]\" aria-errormessage=\"wpforms-1032-field_57-error\" required><\/div><div id=\"wpforms-1032-field_2-container\" class=\"wpforms-field wpforms-field-email\" data-field-id=\"2\"><label class=\"wpforms-field-label\" for=\"wpforms-1032-field_2\">E-Mail <span class=\"wpforms-required-label\" aria-hidden=\"true\">*<\/span><\/label><input type=\"email\" id=\"wpforms-1032-field_2\" class=\"wpforms-field-medium wpforms-field-required\" name=\"wpforms[fields][2]\" spellcheck=\"false\" aria-errormessage=\"wpforms-1032-field_2-error\" required><\/div><div id=\"wpforms-1032-field_47-container\" class=\"wpforms-field wpforms-field-text\" data-field-id=\"47\"><label class=\"wpforms-field-label\" for=\"wpforms-1032-field_47\">Stra\u00dfe <span class=\"wpforms-required-label\" aria-hidden=\"true\">*<\/span><\/label><input type=\"text\" id=\"wpforms-1032-field_47\" class=\"wpforms-field-medium wpforms-field-required\" name=\"wpforms[fields][47]\" aria-errormessage=\"wpforms-1032-field_47-error\" required><\/div><div id=\"wpforms-1032-field_51-container\" class=\"wpforms-field wpforms-field-text\" data-field-id=\"51\"><label class=\"wpforms-field-label\" for=\"wpforms-1032-field_51\">PLZ <span class=\"wpforms-required-label\" aria-hidden=\"true\">*<\/span><\/label><input type=\"text\" id=\"wpforms-1032-field_51\" class=\"wpforms-field-medium wpforms-field-required\" name=\"wpforms[fields][51]\" aria-errormessage=\"wpforms-1032-field_51-error\" required><\/div><div id=\"wpforms-1032-field_49-container\" class=\"wpforms-field wpforms-field-text\" data-field-id=\"49\"><label class=\"wpforms-field-label\" for=\"wpforms-1032-field_49\">Stadt <span class=\"wpforms-required-label\" aria-hidden=\"true\">*<\/span><\/label><input type=\"text\" id=\"wpforms-1032-field_49\" class=\"wpforms-field-medium wpforms-field-required\" name=\"wpforms[fields][49]\" aria-errormessage=\"wpforms-1032-field_49-error\" required><\/div><div id=\"wpforms-1032-field_52-container\" class=\"wpforms-field wpforms-field-text\" data-field-id=\"52\"><label class=\"wpforms-field-label\" for=\"wpforms-1032-field_52\">Land <span class=\"wpforms-required-label\" aria-hidden=\"true\">*<\/span><\/label><input type=\"text\" id=\"wpforms-1032-field_52\" class=\"wpforms-field-medium wpforms-field-required\" name=\"wpforms[fields][52]\" aria-errormessage=\"wpforms-1032-field_52-error\" required><\/div><div id=\"wpforms-1032-field_7-container\" class=\"wpforms-field wpforms-field-textarea\" data-field-id=\"7\"><label class=\"wpforms-field-label\" for=\"wpforms-1032-field_7\">Besondere Hinweise<\/label><textarea id=\"wpforms-1032-field_7\" class=\"wpforms-field-medium\" name=\"wpforms[fields][7]\" aria-errormessage=\"wpforms-1032-field_7-error\" ><\/textarea><\/div><div id=\"wpforms-1032-field_26-container\" class=\"wpforms-field wpforms-field-checkbox\" data-field-id=\"26\"><fieldset><legend class=\"wpforms-field-label\">Best\u00e4tigung <span class=\"wpforms-required-label\" aria-hidden=\"true\">*<\/span><\/legend><ul id=\"wpforms-1032-field_26\" class=\"wpforms-field-required\"><li class=\"choice-1 depth-1\"><input type=\"checkbox\" id=\"wpforms-1032-field_26_1\" name=\"wpforms[fields][26][]\" value=\"Ich best\u00e4tige, dass ich die Datenschutzrichtlinien gelesen habe.\" aria-errormessage=\"wpforms-1032-field_26_1-error\" required ><label class=\"wpforms-field-label-inline\" for=\"wpforms-1032-field_26_1\">Ich best\u00e4tige, dass ich die Datenschutzrichtlinien gelesen habe.<\/label><\/li><\/ul><\/fieldset><\/div><\/div><!-- .wpforms-field-container --><div class=\"wpforms-submit-container\" ><input type=\"hidden\" name=\"wpforms[id]\" value=\"1032\"><input type=\"hidden\" name=\"page_title\" value=\"\"><input type=\"hidden\" name=\"page_url\" value=\"https:\/\/nirananda-media.de\/index.php?rest_route=\/wp\/v2\/pages\/1045\"><input type=\"hidden\" name=\"url_referer\" value=\"\"><button type=\"submit\" name=\"wpforms[submit]\" id=\"wpforms-submit-1032\" class=\"wpforms-submit\" data-alt-text=\"Sending...\" data-submit-text=\"Senden\" aria-live=\"assertive\" value=\"wpforms-submit\">Senden<\/button><img loading=\"lazy\" decoding=\"async\" src=\"https:\/\/nirananda-media.de\/wp-content\/plugins\/wpforms-lite\/assets\/images\/submit-spin.svg\" class=\"wpforms-submit-spinner\" style=\"display: none;\" width=\"26\" height=\"26\" alt=\"Wird geladen\"><\/div><\/form><\/div>  <!-- .wpforms-container -->\n\n\n\n<hr class=\"wp-block-separator has-alpha-channel-opacity\"\/>\n<\/div>\n\n\n\n<div class=\"wp-block-column is-layout-flow wp-block-column-is-layout-flow\"><\/div>\n<\/div>\n","protected":false},"excerpt":{"rendered":"<p>Bestellformular Bitte f\u00fclle alle Felder aus, sodass wir wissen, um welchen Titel es sich handelt und die Bestellung so schnell wie m\u00f6glich bearbeiten k\u00f6nnen. Bitte hier vorzugsweise nur B\u00fccher oder Brosch\u00fcren bestellen, die nicht im Buchhandel erh\u00e4ltlich sind! Sofern der &hellip;<\/p>\n<p class=\"read-more\"> <a class=\"more-link\" href=\"https:\/\/nirananda-media.de\/?page_id=1045\"> <span class=\"screen-reader-text\">Bestellformular<\/span> Weiterlesen &raquo;<\/a><\/p>\n","protected":false},"author":1,"featured_media":0,"parent":0,"menu_order":0,"comment_status":"closed","ping_status":"closed","template":"","meta":{"footnotes":""},"class_list":["post-1045","page","type-page","status-publish","hentry"],"_links":{"self":[{"href":"https:\/\/nirananda-media.de\/index.php?rest_route=\/wp\/v2\/pages\/1045","targetHints":{"allow":["GET"]}}],"collection":[{"href":"https:\/\/nirananda-media.de\/index.php?rest_route=\/wp\/v2\/pages"}],"about":[{"href":"https:\/\/nirananda-media.de\/index.php?rest_route=\/wp\/v2\/types\/page"}],"author":[{"embeddable":true,"href":"https:\/\/nirananda-media.de\/index.php?rest_route=\/wp\/v2\/users\/1"}],"replies":[{"embeddable":true,"href":"https:\/\/nirananda-media.de\/index.php?rest_route=%2Fwp%2Fv2%2Fcomments&post=1045"}],"version-history":[{"count":10,"href":"https:\/\/nirananda-media.de\/index.php?rest_route=\/wp\/v2\/pages\/1045\/revisions"}],"predecessor-version":[{"id":2279,"href":"https:\/\/nirananda-media.de\/index.php?rest_route=\/wp\/v2\/pages\/1045\/revisions\/2279"}],"wp:attachment":[{"href":"https:\/\/nirananda-media.de\/index.php?rest_route=%2Fwp%2Fv2%2Fmedia&parent=1045"}],"curies":[{"name":"wp","href":"https:\/\/api.w.org\/{rel}","templated":true}]}}