{"id":1005,"date":"2023-07-07T07:59:18","date_gmt":"2023-07-07T07:59:18","guid":{"rendered":"https:\/\/nirananda-media.de\/?page_id=1005"},"modified":"2023-07-08T09:54:47","modified_gmt":"2023-07-08T09:54:47","slug":"das-buch-der-adi-shakti","status":"publish","type":"page","link":"https:\/\/nirananda-media.de\/?page_id=1005","title":{"rendered":"Das Buch der Adi Shakti"},"content":{"rendered":"\n<div class=\"wp-block-columns alignwide is-layout-flex wp-container-core-columns-is-layout-9d6595d7 wp-block-columns-is-layout-flex\">\n<div class=\"wp-block-column is-layout-flow wp-block-column-is-layout-flow\"><\/div>\n\n\n\n<div class=\"wp-block-column is-layout-flow wp-block-column-is-layout-flow\" style=\"flex-basis:1000px\">\n<hr class=\"wp-block-separator has-alpha-channel-opacity\"\/>\n\n\n\n<h2 class=\"wp-block-heading has-text-align-center\">Shri Mataji Nirmala Devi<\/h2>\n\n\n\n<h1 class=\"wp-block-heading has-text-align-center\">Das Buch der Adi Shakti<\/h1>\n\n\n\n<hr class=\"wp-block-separator has-alpha-channel-opacity\"\/>\n\n\n\n<div class=\"wp-block-media-text alignwide is-stacked-on-mobile\"><figure class=\"wp-block-media-text__media\"><img loading=\"lazy\" decoding=\"async\" width=\"777\" height=\"1024\" src=\"https:\/\/nirananda-media.de\/wp-content\/uploads\/2023\/07\/buch-der-adi-shakti-front-1-777x1024.jpg\" alt=\"\" class=\"wp-image-1009 size-full\" srcset=\"https:\/\/nirananda-media.de\/wp-content\/uploads\/2023\/07\/buch-der-adi-shakti-front-1-777x1024.jpg 777w, https:\/\/nirananda-media.de\/wp-content\/uploads\/2023\/07\/buch-der-adi-shakti-front-1-228x300.jpg 228w, https:\/\/nirananda-media.de\/wp-content\/uploads\/2023\/07\/buch-der-adi-shakti-front-1-768x1012.jpg 768w, https:\/\/nirananda-media.de\/wp-content\/uploads\/2023\/07\/buch-der-adi-shakti-front-1-1166x1536.jpg 1166w, https:\/\/nirananda-media.de\/wp-content\/uploads\/2023\/07\/buch-der-adi-shakti-front-1-1554x2048.jpg 1554w, https:\/\/nirananda-media.de\/wp-content\/uploads\/2023\/07\/buch-der-adi-shakti-front-1-100x132.jpg 100w, https:\/\/nirananda-media.de\/wp-content\/uploads\/2023\/07\/buch-der-adi-shakti-front-1-150x198.jpg 150w, https:\/\/nirananda-media.de\/wp-content\/uploads\/2023\/07\/buch-der-adi-shakti-front-1-200x264.jpg 200w, https:\/\/nirananda-media.de\/wp-content\/uploads\/2023\/07\/buch-der-adi-shakti-front-1-300x395.jpg 300w, https:\/\/nirananda-media.de\/wp-content\/uploads\/2023\/07\/buch-der-adi-shakti-front-1-450x593.jpg 450w, https:\/\/nirananda-media.de\/wp-content\/uploads\/2023\/07\/buch-der-adi-shakti-front-1-600x791.jpg 600w, https:\/\/nirananda-media.de\/wp-content\/uploads\/2023\/07\/buch-der-adi-shakti-front-1-900x1186.jpg 900w, https:\/\/nirananda-media.de\/wp-content\/uploads\/2023\/07\/buch-der-adi-shakti-front-1-scaled.jpg 1943w\" sizes=\"auto, (max-width: 777px) 100vw, 777px\" \/><\/figure><div class=\"wp-block-media-text__content\">\n<p>Shri Mataji Nirmala Devi schrieb ihm Laufe ihres Lebens und Wirkens nur wenige Texte, denn ihr h\u00f6chstes Anliegen lag in der lebendigen und nicht von mentaler Argumentation verdunkelten Erfahrung der Selbst-Verwirklichung.<\/p>\n\n\n\n<p>Das&nbsp;<em>Buch der Adi Shakti<\/em>&nbsp;ist die fr\u00fcheste ihrer bekannten Schriften, und es erscheint auf den ersten Blick wie eine komplexe Dissertation \u00fcber die Natur der Sch\u00f6pfung. Beim Lesen jedoch betreten wir einen Bereich der Stille und Meditation.<\/p>\n\n\n\n<p>Betrachtet man ihr sp\u00e4teres&nbsp;<em>Metamoderne Zeitalter<\/em>&nbsp;als Manifest, so f\u00fchlte Shri Mataji vielleicht, dass es ihre urspr\u00fcnglichen Absichten realisierte; denn sie arbeitete nie wieder an ihrem demzufolge unvollendeten Erstwerk.<\/p>\n<\/div><\/div>\n\n\n\n<hr class=\"wp-block-separator has-alpha-channel-opacity\"\/>\n\n\n\n<p class=\"has-text-align-center\"><em>Hoffentlich kann ich ein Buch \u00fcber&nbsp;Sahaja Yoga&nbsp;schreiben, da ich bis jetzt noch nie eins geschrieben habe. Ich habe es versucht, doch andere sind mir zuvorgekommen. Alles Wissen wird sich euch er\u00f6ffnen. Jedes Wort, das ihr jetzt lest, wird eine Bedeutung haben, und ihr werdet es verstehen. Versucht euch aber deswegen nicht zu sehr zu sorgen. Es ist nicht so wichtig wie eure&nbsp;<\/em><em>Selbst-Verwirklichung&nbsp;und euer Aufstieg<\/em><\/p>\n\n\n\n<p class=\"has-text-align-right\">Shri Mataji Nirmala Devi, 1977<\/p>\n\n\n\n<hr class=\"wp-block-separator has-alpha-channel-opacity\"\/>\n\n\n\n<div class=\"alignnormal\"><div id=\"metaslider-id-1011\" style=\"max-width: 800px;\" class=\"ml-slider-3-109-0 metaslider metaslider-flex metaslider-1011 ml-slider has-dots-nav ms-theme-default\" role=\"region\" aria-label=\"New Slideshow\" data-height=\"500\" data-width=\"800\">\n    <div id=\"metaslider_container_1011\">\n        <div id=\"metaslider_1011\">\n            <ul class='slides'>\n                <li style=\"display: block; width: 100%;\" class=\"slide-1015 ms-image \" aria-roledescription=\"slide\" data-date=\"2023-07-07 08:08:31\" data-filename=\"913013fd-80c5-4b98-8a4a-aa92e6836c8c-800x500.jpg\" data-slide-type=\"image\"><img loading=\"lazy\" decoding=\"async\" src=\"https:\/\/nirananda-media.de\/wp-content\/uploads\/2023\/07\/913013fd-80c5-4b98-8a4a-aa92e6836c8c-800x500.jpg\" height=\"500\" width=\"800\" alt=\"\" class=\"slider-1011 slide-1015 msDefaultImage\" title=\"913013fd-80c5-4b98-8a4a-aa92e6836c8c\" \/><\/li>\n                <li style=\"display: none; width: 100%;\" class=\"slide-1016 ms-image \" aria-roledescription=\"slide\" data-date=\"2023-07-07 08:08:31\" data-filename=\"maxresdefault-800x500.jpg\" data-slide-type=\"image\"><img loading=\"lazy\" decoding=\"async\" src=\"https:\/\/nirananda-media.de\/wp-content\/uploads\/2023\/07\/maxresdefault-800x500.jpg\" height=\"500\" width=\"800\" alt=\"\" class=\"slider-1011 slide-1016 msDefaultImage\" title=\"maxresdefault\" \/><\/li>\n                <li style=\"display: none; width: 100%;\" class=\"slide-1017 ms-image \" aria-roledescription=\"slide\" data-date=\"2023-07-07 08:08:31\" data-filename=\"Shri-Mataji-600dpi-calendar-800x500.jpg\" data-slide-type=\"image\"><img loading=\"lazy\" decoding=\"async\" src=\"https:\/\/nirananda-media.de\/wp-content\/uploads\/2023\/07\/Shri-Mataji-600dpi-calendar-800x500.jpg\" height=\"500\" width=\"800\" alt=\"\" class=\"slider-1011 slide-1017 msDefaultImage\" title=\"Shri Mataji 600dpi calendar\" \/><\/li>\n            <\/ul>\n        <\/div>\n        \n    <\/div>\n<\/div><\/div>\n\n\n\n<p class=\"has-text-align-center\">Die Fotos wurden 1985 von Chris Patmore am&nbsp; Krishna River bei&nbsp;<a href=\"http:\/\/brahmapuri.org.in\/\" target=\"_blank\" rel=\"noreferrer noopener\">Brahmapuri<\/a>, Indien aufgenommen.<\/p>\n\n\n\n<p class=\"has-text-align-center\"><em>Brahmapuri is my place<\/em>&nbsp;(&nbsp;Shri Mataji Nirmala Devi)<\/p>\n\n\n\n<hr class=\"wp-block-separator has-alpha-channel-opacity\"\/>\n\n\n\n<p class=\"has-text-align-center\">Die erste Auflage der deutschen \u00dcbersetzung von&nbsp;Shri Matajis&nbsp;erstem Buch wurde 2017 in einem Gemeinschaftsprojekt \u00f6sterreichischer und deutscher Sahaja Yoginis und Yogis auf der Grundlage der 2013 in Italien ver\u00f6ffentlichten&nbsp;Originalausgabe&nbsp;fertiggestellt.<\/p>\n\n\n\n<p>Auszug aus dem Vorwort zur deutschen Ausgabe:<\/p>\n\n\n\n<p class=\"has-text-align-center\"><em>Es besteht kein Zweifel, dass es f\u00fcr alle Beteiligten ein Privileg war, an der Anfertigung und Bereitstellung dieser \u00dcbersetzungsarbeit mitzuwirken.&nbsp;<\/em><em>Somit ist es an dieser Stelle nicht notwendig, \u00fcbliche Danksagungen auszusprechen; denn der eigentliche Dank lag in der Arbeit selbst und gilt dar\u00fcber hinaus voll und ganz der&nbsp;Autorin. Obwohl unvollendet, reicht das von ihr in den Anfangszeiten&nbsp;<\/em>Sahaja Yogas&nbsp;<em>verfasste Werk doch \u00fcber jedes bekannte Ma\u00df hinaus. Aus heutiger Perspektive gesehen kann es unter dem Vorbehalt weise angewendeter Diskretion wesentlich zur Vervollst\u00e4ndigung der Entwicklung von spirituellen Suchern der beginnenden Postmoderne beitragen &#8230;<\/em>&nbsp;&nbsp;<\/p>\n\n\n\n<p class=\"has-text-align-right\">\u00d6sterreichisches und deutsches Projektteam, 2017<\/p>\n\n\n\n<hr class=\"wp-block-separator has-alpha-channel-opacity\"\/>\n\n\n\n<h2 class=\"wp-block-heading has-text-align-center\">Buch bestellen<\/h2>\n\n\n\n<p class=\"has-text-align-center\">Die deutsche \u00dcbersetzung des&nbsp;<em>Buchs der Adi Shakti&nbsp;<\/em>ist&nbsp;nicht&nbsp;im freien Buchhandel erh\u00e4ltlich.&nbsp;Interessierte Leser\/-innen k\u00f6nnen <a href=\"mailto:uwedavid@gmail.com\">hier<\/a>&nbsp;oder \u00fcber das&nbsp;<a href=\"https:\/\/nirananda-media.de\/?page_id=1045\" target=\"_blank\" rel=\"noreferrer noopener\">Bestellformular <\/a>jederzeit die gew\u00fcnschte Anzahl von Exemplaren bestellen.<br>Der aktuelle Verkaufspreis liegt bei 15,00 EUR pro St\u00fcck (plus Versand).<\/p>\n\n\n\n<hr class=\"wp-block-separator has-alpha-channel-opacity\"\/>\n\n\n\n<div class=\"wp-block-buttons is-content-justification-center is-layout-flex wp-container-core-buttons-is-layout-16018d1d wp-block-buttons-is-layout-flex\">\n<div class=\"wp-block-button\"><a class=\"wp-block-button__link wp-element-button\" href=\"https:\/\/www.divinecoolbreeze.com\/collection\/THE-BOOK-OF-ADI-SHAKTI-PREVIEW\" style=\"border-radius:100px\" target=\"_blank\" rel=\"noreferrer noopener\">weitere Ausgaben<\/a><\/div>\n<\/div>\n\n\n\n<hr class=\"wp-block-separator has-alpha-channel-opacity\"\/>\n<\/div>\n\n\n\n<div class=\"wp-block-column is-layout-flow wp-block-column-is-layout-flow\"><\/div>\n<\/div>\n","protected":false},"excerpt":{"rendered":"<p>Shri Mataji Nirmala Devi Das Buch der Adi Shakti Shri Mataji Nirmala Devi schrieb ihm Laufe ihres Lebens und Wirkens nur wenige Texte, denn ihr h\u00f6chstes Anliegen lag in der lebendigen und nicht von mentaler Argumentation verdunkelten Erfahrung der Selbst-Verwirklichung. &hellip;<\/p>\n<p class=\"read-more\"> <a class=\"more-link\" href=\"https:\/\/nirananda-media.de\/?page_id=1005\"> <span class=\"screen-reader-text\">Das Buch der Adi Shakti<\/span> Weiterlesen &raquo;<\/a><\/p>\n","protected":false},"author":1,"featured_media":0,"parent":0,"menu_order":0,"comment_status":"closed","ping_status":"closed","template":"","meta":{"footnotes":""},"class_list":["post-1005","page","type-page","status-publish","hentry"],"_links":{"self":[{"href":"https:\/\/nirananda-media.de\/index.php?rest_route=\/wp\/v2\/pages\/1005","targetHints":{"allow":["GET"]}}],"collection":[{"href":"https:\/\/nirananda-media.de\/index.php?rest_route=\/wp\/v2\/pages"}],"about":[{"href":"https:\/\/nirananda-media.de\/index.php?rest_route=\/wp\/v2\/types\/page"}],"author":[{"embeddable":true,"href":"https:\/\/nirananda-media.de\/index.php?rest_route=\/wp\/v2\/users\/1"}],"replies":[{"embeddable":true,"href":"https:\/\/nirananda-media.de\/index.php?rest_route=%2Fwp%2Fv2%2Fcomments&post=1005"}],"version-history":[{"count":14,"href":"https:\/\/nirananda-media.de\/index.php?rest_route=\/wp\/v2\/pages\/1005\/revisions"}],"predecessor-version":[{"id":1073,"href":"https:\/\/nirananda-media.de\/index.php?rest_route=\/wp\/v2\/pages\/1005\/revisions\/1073"}],"wp:attachment":[{"href":"https:\/\/nirananda-media.de\/index.php?rest_route=%2Fwp%2Fv2%2Fmedia&parent=1005"}],"curies":[{"name":"wp","href":"https:\/\/api.w.org\/{rel}","templated":true}]}}